{"id":4076,"date":"2024-02-20T11:02:43","date_gmt":"2024-02-20T10:02:43","guid":{"rendered":"https:\/\/yourdailyjewellery.eu\/about-us\/"},"modified":"2026-01-17T05:55:58","modified_gmt":"2026-01-17T04:55:58","slug":"about-us","status":"publish","type":"page","link":"https:\/\/yourdailyjewellery.eu\/en\/about-us\/","title":{"rendered":"About Us"},"content":{"rendered":"\t\t<div data-elementor-type=\"wp-page\" data-elementor-id=\"4076\" class=\"elementor elementor-4076 elementor-2448\">\n\t\t\t\t<div class=\"elementor-element elementor-element-4080c79 e-con-full e-flex e-con e-parent\" data-id=\"4080c79\" data-element_type=\"container\">\n\t\t\t\t<div class=\"elementor-element elementor-element-b18d456 elementor-widget elementor-widget-image\" data-id=\"b18d456\" data-element_type=\"widget\" data-widget_type=\"image.default\">\n\t\t\t\t\t\t\t\t\t\t\t\t\t\t\t<img fetchpriority=\"high\" decoding=\"async\" width=\"1920\" height=\"560\" src=\"https:\/\/yourdailyjewellery.eu\/wp-content\/uploads\/2026\/01\/Category-banner.jpg\" class=\"attachment-full size-full wp-image-4072\" alt=\"Collection of waterproof gold-plated surgical steel jewelry for everyday wear - YourDailyJewellery.eu\" srcset=\"https:\/\/yourdailyjewellery.eu\/wp-content\/uploads\/2026\/01\/Category-banner.jpg 1920w, https:\/\/yourdailyjewellery.eu\/wp-content\/uploads\/2026\/01\/Category-banner-300x88.jpg 300w, https:\/\/yourdailyjewellery.eu\/wp-content\/uploads\/2026\/01\/Category-banner-1024x299.jpg 1024w, https:\/\/yourdailyjewellery.eu\/wp-content\/uploads\/2026\/01\/Category-banner-768x224.jpg 768w, https:\/\/yourdailyjewellery.eu\/wp-content\/uploads\/2026\/01\/Category-banner-1536x448.jpg 1536w, https:\/\/yourdailyjewellery.eu\/wp-content\/uploads\/2026\/01\/Category-banner-600x175.jpg 600w, https:\/\/yourdailyjewellery.eu\/wp-content\/uploads\/2026\/01\/Category-banner-90x26.jpg 90w\" sizes=\"(max-width: 1920px) 100vw, 1920px\" \/>\t\t\t\t\t\t\t\t\t\t\t\t\t\t\t<\/div>\n\t\t\t\t<\/div>\n\t\t<div class=\"elementor-element elementor-element-f68ab67 e-flex e-con-boxed e-con e-parent\" data-id=\"f68ab67\" data-element_type=\"container\">\n\t\t\t\t\t<div class=\"e-con-inner\">\n\t\t<div class=\"elementor-element elementor-element-498964d e-con-full e-flex e-con e-child\" data-id=\"498964d\" data-element_type=\"container\">\n\t\t\t\t<div class=\"elementor-element elementor-element-e542c28 top-white-bg elementor-widget elementor-widget-djewno-custom-title\" data-id=\"e542c28\" data-element_type=\"widget\" data-widget_type=\"djewno-custom-title.default\">\n\t\t\t\t<div class=\"elementor-widget-container\">\n\t\t\t\t\t<div class=\"klb-custom-title\"><h4 class=\"entry-subtitle text-12 font-semibold uppercase text-gray-500 tracking-wide mb-10 sm-mb-20\">O n\u00e1s - Your Daily Jewellery<\/h4><h1 class=\"entry-title max-992\">\u0160perky, ktor\u00e9 \u017eij\u00fa s vami. Ka\u017ed\u00fd de\u0148, kdeko\u013evek v Eur\u00f3pe.\n<\/h1><\/div>\t\t\t\t<\/div>\n\t\t\t\t<\/div>\n\t\t\t\t<\/div>\n\t\t\t\t\t<\/div>\n\t\t\t\t<\/div>\n\t\t<div class=\"elementor-element elementor-element-a877f27 e-flex e-con-boxed e-con e-parent\" data-id=\"a877f27\" data-element_type=\"container\">\n\t\t\t\t\t<div class=\"e-con-inner\">\n\t\t<div class=\"elementor-element elementor-element-908d2cf e-con-full e-flex e-con e-child\" data-id=\"908d2cf\" data-element_type=\"container\">\n\t\t\t\t<div class=\"elementor-element elementor-element-c9a6ffb elementor-widget elementor-widget-heading\" data-id=\"c9a6ffb\" data-element_type=\"widget\" data-widget_type=\"heading.default\">\n\t\t\t\t\t<p class=\"elementor-heading-title elementor-size-default\">Welcome to the world of YourDailyJewellery, where we believe that luxury doesn't have to be reserved only for special occasions. We are a European online jewelry store founded on a simple belief: every woman and man deserves to feel exceptional, whether they are going to a business meeting, having coffee with friends, or simply living an ordinary day at home.<\/p>\t\t\t\t<\/div>\n\t\t\t\t<\/div>\n\t\t<div class=\"elementor-element elementor-element-18cd324 e-con-full e-flex e-con e-child\" data-id=\"18cd324\" data-element_type=\"container\">\n\t\t\t\t<div class=\"elementor-element elementor-element-cda6d37 elementor-widget elementor-widget-heading\" data-id=\"cda6d37\" data-element_type=\"widget\" data-widget_type=\"heading.default\">\n\t\t\t\t\t<p class=\"elementor-heading-title elementor-size-default\">Our goal is not just to sell accessories. Our goal is to bring you jewelry that becomes a part of you \u2013 pieces you don't have to take off before showering, that won't lose their shine after a month of wear, and that perfectly accentuate your personality.\n<\/p>\t\t\t\t<\/div>\n\t\t\t\t<\/div>\n\t\t\t\t\t<\/div>\n\t\t\t\t<\/div>\n\t\t<div class=\"elementor-element elementor-element-261faac e-flex e-con-boxed e-con e-parent\" data-id=\"261faac\" data-element_type=\"container\">\n\t\t\t\t\t<div class=\"e-con-inner\">\n\t\t<div class=\"elementor-element elementor-element-9b1d9e5 e-con-full e-flex e-con e-child\" data-id=\"9b1d9e5\" data-element_type=\"container\">\n\t\t\t\t<div class=\"elementor-element elementor-element-14e774d elementor-widget__width-initial elementor-widget elementor-widget-djewno-custom-title\" data-id=\"14e774d\" data-element_type=\"widget\" data-widget_type=\"djewno-custom-title.default\">\n\t\t\t\t<div class=\"elementor-widget-container\">\n\t\t\t\t\t<div class=\"text-block\"><h4 class=\"entry-subtitle text-12 font-bold text-gray-400 uppercase mb-10 sm-mb-18\">D\u00f4vera<\/h4><h3 class=\"entry-title text-22 sm-text-36 font-medium mb-10 sm-mb-28\">30 rokov sk\u00fasenost\u00ed a v\u00e1\u0161ne pre detail\u200b<\/h3><div class=\"entry-excerpt text-14 text-gray-600 mb-20 sm-mb-42\"><p>Hoci sa trendy v m\u00f3de menia r\u00fdchlos\u0165ou svetla, sk\u00fasenosti s\u00fa nenahradite\u013en\u00e9. N\u00e1\u0161 t\u00edm sa pohybuje vo svete \u0161perkov a m\u00f3dy u\u017e viac ako 30 rokov. T\u00e1to dek\u00e1da n\u00e1m dala neocenite\u013en\u00e9 know-how:\u200b\n<\/p><\/div><!-- entry-excerpt --><\/div><!-- text-block -->\t\t\t\t<\/div>\n\t\t\t\t<\/div>\n\t\t\t\t<div class=\"elementor-element elementor-element-74810f9 elementor-widget__width-initial elementor-widget elementor-widget-heading\" data-id=\"74810f9\" data-element_type=\"widget\" data-widget_type=\"heading.default\">\n\t\t\t\t\t<p class=\"elementor-heading-title elementor-size-default\">We can distinguish true quality from cheap imitations.\n<p>\nWe understand what a modern woman needs \u2013 beauty combined with practicality.\n\nWe have built strong relationships with suppliers, allowing us to bring you premium designs at fair prices.\n<\/p>\t\t\t\t<\/div>\n\t\t\t\t<div class=\"elementor-element elementor-element-b9f4085 elementor-widget elementor-widget-text-editor\" data-id=\"b9f4085\" data-element_type=\"widget\" data-widget_type=\"text-editor.default\">\n\t\t\t\t\t\t\t\t\t<ul><li><p data-path-to-node=\"10,0,0\">We can distinguish true quality from cheap imitations.<\/p><\/li><li><p data-path-to-node=\"10,1,0\">We understand what a modern woman and man needs \u2013 beauty combined with practicality.<\/p><\/li><li><p data-path-to-node=\"10,2,0\">We have built strong relationships with suppliers, allowing us to bring you premium designs at fair prices.<\/p><\/li><\/ul>\t\t\t\t\t\t\t\t<\/div>\n\t\t\t\t<\/div>\n\t\t<div class=\"elementor-element elementor-element-fdd2e08 e-con-full e-flex e-con e-child\" data-id=\"fdd2e08\" data-element_type=\"container\">\n\t\t\t\t<div class=\"elementor-element elementor-element-af0adab elementor-widget__width-initial elementor-widget elementor-widget-image\" data-id=\"af0adab\" data-element_type=\"widget\" data-widget_type=\"image.default\">\n\t\t\t\t\t\t\t\t\t\t\t\t\t\t\t<img decoding=\"async\" width=\"1000\" height=\"1000\" src=\"https:\/\/yourdailyjewellery.eu\/wp-content\/uploads\/2025\/12\/Retiazky-banner-top-RIGHT2.jpg\" class=\"attachment-full size-full wp-image-4073\" alt=\"Gold women&#039;s surgical steel ring with an organic wavy design\" srcset=\"https:\/\/yourdailyjewellery.eu\/wp-content\/uploads\/2025\/12\/Retiazky-banner-top-RIGHT2.jpg 1000w, https:\/\/yourdailyjewellery.eu\/wp-content\/uploads\/2025\/12\/Retiazky-banner-top-RIGHT2-300x300.jpg 300w, https:\/\/yourdailyjewellery.eu\/wp-content\/uploads\/2025\/12\/Retiazky-banner-top-RIGHT2-150x150.jpg 150w, https:\/\/yourdailyjewellery.eu\/wp-content\/uploads\/2025\/12\/Retiazky-banner-top-RIGHT2-768x768.jpg 768w, https:\/\/yourdailyjewellery.eu\/wp-content\/uploads\/2025\/12\/Retiazky-banner-top-RIGHT2-450x450.jpg 450w, https:\/\/yourdailyjewellery.eu\/wp-content\/uploads\/2025\/12\/Retiazky-banner-top-RIGHT2-600x600.jpg 600w, https:\/\/yourdailyjewellery.eu\/wp-content\/uploads\/2025\/12\/Retiazky-banner-top-RIGHT2-54x54.jpg 54w\" sizes=\"(max-width: 1000px) 100vw, 1000px\" \/>\t\t\t\t\t\t\t\t\t\t\t\t\t\t\t<\/div>\n\t\t\t\t<\/div>\n\t\t<div class=\"elementor-element elementor-element-775988d e-con-full e-flex e-con e-child\" data-id=\"775988d\" data-element_type=\"container\">\n\t\t\t\t<div class=\"elementor-element elementor-element-2c723a3 elementor-widget__width-initial elementor-widget elementor-widget-heading\" data-id=\"2c723a3\" data-element_type=\"widget\" data-widget_type=\"heading.default\">\n\t\t\t\t\t<p class=\"elementor-heading-title elementor-size-default\">From a small local initiative, we have grown into an international retailer, now happily delivering packages full of joy to customers in several European Union countries.\n<\/p>\t\t\t\t<\/div>\n\t\t\t\t<div class=\"elementor-element elementor-element-84e163e elementor-widget__width-initial elementor-widget elementor-widget-image\" data-id=\"84e163e\" data-element_type=\"widget\" data-widget_type=\"image.default\">\n\t\t\t\t\t\t\t\t\t\t\t\t\t\t\t<img decoding=\"async\" width=\"800\" height=\"800\" src=\"https:\/\/yourdailyjewellery.eu\/wp-content\/uploads\/2025\/12\/182-detail-twisted-rope-chain-texture-gold.jpg\" class=\"attachment-full size-full wp-image-4074\" alt=\"Detailed view of the texture of a twisted gold chain resembling a rope\" srcset=\"https:\/\/yourdailyjewellery.eu\/wp-content\/uploads\/2025\/12\/182-detail-twisted-rope-chain-texture-gold.jpg 800w, https:\/\/yourdailyjewellery.eu\/wp-content\/uploads\/2025\/12\/182-detail-twisted-rope-chain-texture-gold-300x300.jpg 300w, https:\/\/yourdailyjewellery.eu\/wp-content\/uploads\/2025\/12\/182-detail-twisted-rope-chain-texture-gold-150x150.jpg 150w, https:\/\/yourdailyjewellery.eu\/wp-content\/uploads\/2025\/12\/182-detail-twisted-rope-chain-texture-gold-768x768.jpg 768w, https:\/\/yourdailyjewellery.eu\/wp-content\/uploads\/2025\/12\/182-detail-twisted-rope-chain-texture-gold-450x450.jpg 450w, https:\/\/yourdailyjewellery.eu\/wp-content\/uploads\/2025\/12\/182-detail-twisted-rope-chain-texture-gold-600x600.jpg 600w, https:\/\/yourdailyjewellery.eu\/wp-content\/uploads\/2025\/12\/182-detail-twisted-rope-chain-texture-gold-54x54.jpg 54w\" sizes=\"(max-width: 800px) 100vw, 800px\" \/>\t\t\t\t\t\t\t\t\t\t\t\t\t\t\t<\/div>\n\t\t\t\t<\/div>\n\t\t\t\t\t<\/div>\n\t\t\t\t<\/div>\n\t\t<div class=\"elementor-element elementor-element-140112f e-flex e-con-boxed e-con e-parent\" data-id=\"140112f\" data-element_type=\"container\">\n\t\t\t\t\t<div class=\"e-con-inner\">\n\t\t<div class=\"elementor-element elementor-element-6b0b62c e-con-full e-flex e-con e-child\" data-id=\"6b0b62c\" data-element_type=\"container\">\n\t\t\t\t<div class=\"elementor-element elementor-element-b495afe elementor-widget__width-initial elementor-widget elementor-widget-image\" data-id=\"b495afe\" data-element_type=\"widget\" data-widget_type=\"image.default\">\n\t\t\t\t\t\t\t\t\t\t\t\t\t\t\t<img loading=\"lazy\" decoding=\"async\" width=\"1000\" height=\"1000\" src=\"https:\/\/yourdailyjewellery.eu\/wp-content\/uploads\/2025\/12\/177-gold-upper-arm-cuff-bracelet-boho-summer.jpg\" class=\"attachment-full size-full wp-image-4075\" alt=\"Arm cuff dimensions\" srcset=\"https:\/\/yourdailyjewellery.eu\/wp-content\/uploads\/2025\/12\/177-gold-upper-arm-cuff-bracelet-boho-summer.jpg 1000w, https:\/\/yourdailyjewellery.eu\/wp-content\/uploads\/2025\/12\/177-gold-upper-arm-cuff-bracelet-boho-summer-300x300.jpg 300w, https:\/\/yourdailyjewellery.eu\/wp-content\/uploads\/2025\/12\/177-gold-upper-arm-cuff-bracelet-boho-summer-150x150.jpg 150w, https:\/\/yourdailyjewellery.eu\/wp-content\/uploads\/2025\/12\/177-gold-upper-arm-cuff-bracelet-boho-summer-768x768.jpg 768w, https:\/\/yourdailyjewellery.eu\/wp-content\/uploads\/2025\/12\/177-gold-upper-arm-cuff-bracelet-boho-summer-450x450.jpg 450w, https:\/\/yourdailyjewellery.eu\/wp-content\/uploads\/2025\/12\/177-gold-upper-arm-cuff-bracelet-boho-summer-600x600.jpg 600w, https:\/\/yourdailyjewellery.eu\/wp-content\/uploads\/2025\/12\/177-gold-upper-arm-cuff-bracelet-boho-summer-54x54.jpg 54w\" sizes=\"(max-width: 1000px) 100vw, 1000px\" \/>\t\t\t\t\t\t\t\t\t\t\t\t\t\t\t<\/div>\n\t\t\t\t<\/div>\n\t\t<div class=\"elementor-element elementor-element-833a9df e-con-full e-flex e-con e-child\" data-id=\"833a9df\" data-element_type=\"container\">\n\t\t\t\t<div class=\"elementor-element elementor-element-207c3df elementor-widget__width-initial elementor-widget elementor-widget-djewno-custom-title\" data-id=\"207c3df\" data-element_type=\"widget\" data-widget_type=\"djewno-custom-title.default\">\n\t\t\t\t<div class=\"elementor-widget-container\">\n\t\t\t\t\t<div class=\"text-block\"><h4 class=\"entry-subtitle text-12 font-bold text-gray-400 uppercase mb-10 sm-mb-18\">Du Kan Vara Drabbad<\/h4><h3 class=\"entry-title text-22 sm-text-36 font-medium mb-10 sm-mb-28\">YourDailyJewellery \u2013 Viac ne\u017e len obchod<\/h3><div class=\"entry-excerpt text-14 text-gray-600 mb-20 sm-mb-42\"><p>\n<\/p><\/div><!-- entry-excerpt --><\/div><!-- text-block -->\t\t\t\t<\/div>\n\t\t\t\t<\/div>\n\t\t\t\t<div class=\"elementor-element elementor-element-5a45e8b elementor-widget elementor-widget-text-editor\" data-id=\"5a45e8b\" data-element_type=\"widget\" data-widget_type=\"text-editor.default\">\n\t\t\t\t\t\t\t\t\t<ul><li data-path-to-node=\"19\">Our community is not limited by borders. Whether you are in Bratislava, Prague, Vienna, or anywhere in the EU, we are united by a love for detail.<\/li><li data-path-to-node=\"20\">Our offer includes everything from minimalist chains and delicate bracelets, to striking &#8220;statement&#8221; rings, and symbolic jewelry with protective motifs.<\/li><\/ul><p data-path-to-node=\"21\">Thank you for being a part of our story. We hope our jewelry brings you joy every day \u2013 just as our name suggests.<\/p>\t\t\t\t\t\t\t\t<\/div>\n\t\t\t\t<\/div>\n\t\t\t\t\t<\/div>\n\t\t\t\t<\/div>\n\t\t\t\t<\/div>\n\t\t","protected":false},"excerpt":{"rendered":"<p>O n\u00e1s &#8211; Your Daily Jewellery \u0160perky, ktor\u00e9 \u017eij\u00fa s vami. Ka\u017ed\u00fd de\u0148, kdeko\u013evek v Eur\u00f3pe. Welcome to the world of YourDailyJewellery, where we believe that luxury doesn&#8217;t have to be reserved only for special occasions. We are a European online jewelry store founded on a simple belief: every woman and man deserves to feel<\/p>\n<div class=\"klb-readmore button link bordered uppercase\"><a class=\"btn btn-primary link\" href=\"https:\/\/yourdailyjewellery.eu\/en\/about-us\/\">Read More <i class=\"klbth-icon-right-arrow\"><\/i><\/a><\/div>\n","protected":false},"author":1,"featured_media":0,"parent":0,"menu_order":0,"comment_status":"closed","ping_status":"closed","template":"","meta":{"_monsterinsights_skip_tracking":false,"_monsterinsights_sitenote_active":false,"_monsterinsights_sitenote_note":"","_monsterinsights_sitenote_category":0,"_joinchat":[],"footnotes":""},"class_list":["post-4076","page","type-page","status-publish","hentry"],"_links":{"self":[{"href":"https:\/\/yourdailyjewellery.eu\/en\/wp-json\/wp\/v2\/pages\/4076","targetHints":{"allow":["GET"]}}],"collection":[{"href":"https:\/\/yourdailyjewellery.eu\/en\/wp-json\/wp\/v2\/pages"}],"about":[{"href":"https:\/\/yourdailyjewellery.eu\/en\/wp-json\/wp\/v2\/types\/page"}],"author":[{"embeddable":true,"href":"https:\/\/yourdailyjewellery.eu\/en\/wp-json\/wp\/v2\/users\/1"}],"replies":[{"embeddable":true,"href":"https:\/\/yourdailyjewellery.eu\/en\/wp-json\/wp\/v2\/comments?post=4076"}],"version-history":[{"count":3,"href":"https:\/\/yourdailyjewellery.eu\/en\/wp-json\/wp\/v2\/pages\/4076\/revisions"}],"predecessor-version":[{"id":4879,"href":"https:\/\/yourdailyjewellery.eu\/en\/wp-json\/wp\/v2\/pages\/4076\/revisions\/4879"}],"wp:attachment":[{"href":"https:\/\/yourdailyjewellery.eu\/en\/wp-json\/wp\/v2\/media?parent=4076"}],"curies":[{"name":"wp","href":"https:\/\/api.w.org\/{rel}","templated":true}]}}