{"id":5551,"date":"2026-01-29T20:13:55","date_gmt":"2026-01-29T19:13:55","guid":{"rendered":"https:\/\/yourdailyjewellery.eu\/shop-2\/silberkette-jenny-mit-diamant\/"},"modified":"2026-01-29T20:13:55","modified_gmt":"2026-01-29T19:13:55","slug":"silberkette-jenny-mit-diamant","status":"publish","type":"product","link":"https:\/\/yourdailyjewellery.eu\/de\/shop-2\/silberkette-jenny-mit-diamant\/","title":{"rendered":"Silberkette Jenny mit Diamant"},"content":{"rendered":"<p data-path-to-node=\"35\">Suchen Sie ein Geschenk, das die Tiefe Ihrer Gef\u00fchle ausdr\u00fcckt? <b data-path-to-node=\"35\" data-index-in-node=\"50\">Die Halskette Jenny<\/b> mit einem Anh\u00e4nger in Form eines offenen Herzens ist die richtige Wahl. Das dynamische Design mit verschlungenen Linien, in dessen Mitte ein <b data-path-to-node=\"35\" data-index-in-node=\"190\">echter Diamant<\/b> strahlt, wirkt luftig und elegant. Dieses Schmuckst\u00fcck ist nicht nur ein Accessoire, es ist ein Versprechen.  <\/p>\n<p data-path-to-node=\"36\">Hauptmerkmale:<\/p>\n<ul data-path-to-node=\"37\">\n<li>\n<p data-path-to-node=\"37,0,0\"><b data-path-to-node=\"37,0,0\" data-index-in-node=\"0\">Symbolik der Verbundenheit:<\/b> Die verschlungene Herzform symbolisiert zwei Schicksale, die zu einem vereint sind.<\/p>\n<\/li>\n<li>\n<p data-path-to-node=\"37,1,0\"><b data-path-to-node=\"37,1,0\" data-index-in-node=\"0\">Diamant-Detail:<\/b> Ein feiner Diamant in der Mitte verleiht dem Anh\u00e4nger einen Hauch von Exklusivit\u00e4t.<\/p>\n<\/li>\n<li>\n<p data-path-to-node=\"37,2,0\"><b data-path-to-node=\"37,2,0\" data-index-in-node=\"0\">Verarbeitungsqualit\u00e4t:<\/b> Handgefertigt aus rhodiniertem Silber garantiert, dass das Schmuckst\u00fcck seinen Glanz und seine Best\u00e4ndigkeit beh\u00e4lt.<\/p>\n<\/li>\n<li>\n<p data-path-to-node=\"37,3,0\"><b data-path-to-node=\"37,3,0\" data-index-in-node=\"0\">Vertrauen:<\/b> Selbstverst\u00e4ndlich sind ein Echtheitszertifikat f\u00fcr den Diamanten und eine luxuri\u00f6se Geschenkverpackung inbegriffen.<\/p>\n<\/li>\n<\/ul>\n","protected":false},"excerpt":{"rendered":"<p><b data-path-to-node=\"34\" data-index-in-node=\"11\">Halskette Jenny<\/b> \u2013 Ein Kunstwerk mit einem Hauch von Luxus<\/p>\n<p>Die bezaubernde <b data-path-to-node=\"38\" data-index-in-node=\"21\">Silberkette Jenny<\/b> mit einem Anh\u00e4nger in Form eines verschlungenen Herzens und einem echten Diamanten. Handgefertigtes Schmuckst\u00fcck aus 925er Silber. Lieferung erfolgt mit Echtheitszertifikat in einer Geschenkverpackung.  <\/p>\n","protected":false},"featured_media":5552,"comment_status":"open","ping_status":"closed","template":"","meta":{"_monsterinsights_skip_tracking":false,"_monsterinsights_sitenote_active":false,"_monsterinsights_sitenote_note":"","_monsterinsights_sitenote_category":0,"_joinchat":[]},"product_brand":[],"product_cat":[256,249,262],"product_tag":[],"class_list":{"0":"post-5551","1":"product","2":"type-product","3":"status-publish","4":"has-post-thumbnail","6":"product_cat-silberne-halsketten","7":"product_cat-valentinstag-sale","8":"product_cat-verkauf","10":"first","11":"instock","12":"sale","13":"taxable","14":"shipping-taxable","15":"purchasable","16":"product-type-simple"},"_links":{"self":[{"href":"https:\/\/yourdailyjewellery.eu\/de\/wp-json\/wp\/v2\/product\/5551","targetHints":{"allow":["GET"]}}],"collection":[{"href":"https:\/\/yourdailyjewellery.eu\/de\/wp-json\/wp\/v2\/product"}],"about":[{"href":"https:\/\/yourdailyjewellery.eu\/de\/wp-json\/wp\/v2\/types\/product"}],"replies":[{"embeddable":true,"href":"https:\/\/yourdailyjewellery.eu\/de\/wp-json\/wp\/v2\/comments?post=5551"}],"wp:featuredmedia":[{"embeddable":true,"href":"https:\/\/yourdailyjewellery.eu\/de\/wp-json\/wp\/v2\/media\/5552"}],"wp:attachment":[{"href":"https:\/\/yourdailyjewellery.eu\/de\/wp-json\/wp\/v2\/media?parent=5551"}],"wp:term":[{"taxonomy":"product_brand","embeddable":true,"href":"https:\/\/yourdailyjewellery.eu\/de\/wp-json\/wp\/v2\/product_brand?post=5551"},{"taxonomy":"product_cat","embeddable":true,"href":"https:\/\/yourdailyjewellery.eu\/de\/wp-json\/wp\/v2\/product_cat?post=5551"},{"taxonomy":"product_tag","embeddable":true,"href":"https:\/\/yourdailyjewellery.eu\/de\/wp-json\/wp\/v2\/product_tag?post=5551"}],"curies":[{"name":"wp","href":"https:\/\/api.w.org\/{rel}","templated":true}]}}