{"id":5542,"date":"2026-01-29T20:22:43","date_gmt":"2026-01-29T19:22:43","guid":{"rendered":"https:\/\/yourdailyjewellery.eu\/shop-2\/silberne-ohrringe-mit-diamant-mony\/"},"modified":"2026-01-30T12:55:39","modified_gmt":"2026-01-30T11:55:39","slug":"silberne-ohrringe-mit-diamant-mony","status":"publish","type":"product","link":"https:\/\/yourdailyjewellery.eu\/de\/shop-2\/silberne-ohrringe-mit-diamant-mony\/","title":{"rendered":"Silberne Ohrringe mit Diamant Mony"},"content":{"rendered":"<p data-path-to-node=\"15\">Minimalismus trifft auf Luxus. <b data-path-to-node=\"15\" data-index-in-node=\"32\">Die Ohrringe Mony<\/b> pr\u00e4sentieren ein modernes Design eines vollen Herzens mit einer glatten, spiegelpolierten Oberfl\u00e4che. Dominant ist eine sternf\u00f6rmige Gravur, in deren Mitte ein <b data-path-to-node=\"15\" data-index-in-node=\"193\">echter Diamant<\/b> gefasst ist. Diese Fassungsart vergr\u00f6\u00dfert optisch das Funkeln des Diamanten und zieht bei jeder Bewegung Blicke auf sich.<\/p>\n<p data-path-to-node=\"16\">Was Sie bezaubern wird:<\/p>\n<ul data-path-to-node=\"17\">\n<li>\n<p data-path-to-node=\"17,0,0\"><b data-path-to-node=\"17,0,0\" data-index-in-node=\"0\">Diamant-Glanz:<\/b> Ein echter Diamant, im \u201eStern\u201c-Stil gefasst, wirkt modern und frisch.<\/p>\n<\/li>\n<li>\n<p data-path-to-node=\"17,1,0\"><b data-path-to-node=\"17,1,0\" data-index-in-node=\"0\">Komfort f\u00fcr jeden Tag:<\/b> Dank der glatten Oberfl\u00e4che und des sicheren Verschlusses sind sie ideal f\u00fcr den t\u00e4glichen Gebrauch.<\/p>\n<\/li>\n<li>\n<p data-path-to-node=\"17,2,0\"><b data-path-to-node=\"17,2,0\" data-index-in-node=\"0\">Qualit\u00e4tsgarantie:<\/b> Zu den Ohrringen legen wir automatisch ein Zertifikat bei, das die Echtheit des Diamanten best\u00e4tigt.<\/p>\n<\/li>\n<li>\n<p data-path-to-node=\"17,3,0\"><b data-path-to-node=\"17,3,0\" data-index-in-node=\"0\">Bereit zum Verschenken:<\/b> Sie werden Ihnen in einer eleganten Verpackung geliefert, bereit, Ihre geliebte Person zu erfreuen.<\/p>\n<\/li>\n<\/ul>\n<p data-path-to-node=\"18\"><b data-path-to-node=\"18\" data-index-in-node=\"0\">Kurzbeschreibung<\/b> Feine silberne <b data-path-to-node=\"18\" data-index-in-node=\"30\">Ohrringe Mony<\/b> in Form eines vollen Herzens mit graviertem Stern und echtem Diamanten. Handgefertigt aus 925er Silber. Ein Echtheitszertifikat und eine Geschenkverpackung sind enthalten.<\/p>\n","protected":false},"excerpt":{"rendered":"<p><b data-path-to-node=\"14\" data-index-in-node=\"11\">Ohrringe Mony<\/b> \u2013 Wenn sich ein Stern im Herzen verbirgt.<\/p>\n<p>Feine silberne <b data-path-to-node=\"18\" data-index-in-node=\"30\">Ohrringe Mony<\/b> in Form eines vollen Herzens mit graviertem Stern und echtem Diamanten. Handgefertigt aus 925er Silber. Ein Echtheitszertifikat und eine Geschenkverpackung sind enthalten.<\/p>\n","protected":false},"featured_media":5543,"comment_status":"open","ping_status":"closed","template":"","meta":{"_monsterinsights_skip_tracking":false,"_monsterinsights_sitenote_active":false,"_monsterinsights_sitenote_note":"","_monsterinsights_sitenote_category":0,"_joinchat":[]},"product_brand":[],"product_cat":[187,249,262],"product_tag":[],"class_list":{"0":"post-5542","1":"product","2":"type-product","3":"status-publish","4":"has-post-thumbnail","6":"product_cat-silberohrringe","7":"product_cat-valentinstag-sale","8":"product_cat-verkauf","10":"first","11":"instock","12":"sale","13":"taxable","14":"shipping-taxable","15":"purchasable","16":"product-type-simple"},"_links":{"self":[{"href":"https:\/\/yourdailyjewellery.eu\/de\/wp-json\/wp\/v2\/product\/5542","targetHints":{"allow":["GET"]}}],"collection":[{"href":"https:\/\/yourdailyjewellery.eu\/de\/wp-json\/wp\/v2\/product"}],"about":[{"href":"https:\/\/yourdailyjewellery.eu\/de\/wp-json\/wp\/v2\/types\/product"}],"replies":[{"embeddable":true,"href":"https:\/\/yourdailyjewellery.eu\/de\/wp-json\/wp\/v2\/comments?post=5542"}],"wp:featuredmedia":[{"embeddable":true,"href":"https:\/\/yourdailyjewellery.eu\/de\/wp-json\/wp\/v2\/media\/5543"}],"wp:attachment":[{"href":"https:\/\/yourdailyjewellery.eu\/de\/wp-json\/wp\/v2\/media?parent=5542"}],"wp:term":[{"taxonomy":"product_brand","embeddable":true,"href":"https:\/\/yourdailyjewellery.eu\/de\/wp-json\/wp\/v2\/product_brand?post=5542"},{"taxonomy":"product_cat","embeddable":true,"href":"https:\/\/yourdailyjewellery.eu\/de\/wp-json\/wp\/v2\/product_cat?post=5542"},{"taxonomy":"product_tag","embeddable":true,"href":"https:\/\/yourdailyjewellery.eu\/de\/wp-json\/wp\/v2\/product_tag?post=5542"}],"curies":[{"name":"wp","href":"https:\/\/api.w.org\/{rel}","templated":true}]}}