{"id":5279,"date":"2025-12-17T02:37:39","date_gmt":"2025-12-17T01:37:39","guid":{"rendered":"https:\/\/yourdailyjewellery.eu\/shop-2\/flow-pearl-halskette\/"},"modified":"2026-01-23T13:45:18","modified_gmt":"2026-01-23T12:45:18","slug":"flow-pearl-halskette","status":"publish","type":"product","link":"https:\/\/yourdailyjewellery.eu\/de\/shop-2\/flow-pearl-halskette\/","title":{"rendered":"Flow Pearl Halskette"},"content":{"rendered":"<h4>Flow Pearl Halskette \u2013 Symbol des Gl\u00fccks mit Perlmuttglanz<\/h4>\n<p>Manche Schmuckst\u00fccke kommen nie aus der Mode. <b>Die Flow Pearl Halskette<\/b> ist die Verk\u00f6rperung klassischer Eleganz und Weiblichkeit. Die Kette zieren <strong>f\u00fcnf Blumenmotive<\/strong> (die an vierbl\u00e4ttrige Kleebl\u00e4tter erinnern), die gleichm\u00e4\u00dfig \u00fcber ihre L\u00e4nge verteilt sind. Jede Blume ist mit <strong>wei\u00dfem Perlmutt<\/strong> gef\u00fcllt, das Licht in zarten Regenbogenfarben reflektiert.  <\/p>\n<p><b>Warum diese Halskette ein Juwel in Ihrer Schmuckschatulle ist:<\/b><\/p>\n<ul>\n<li>\n<p><b>Ikonisches Design:<\/b> Das Kleeblatt- oder Blumenmotiv ist ein weltweit anerkanntes Symbol f\u00fcr Gl\u00fcck, Gesundheit und Liebe. Dieser Typ \u201eStation Necklace\u201c (Halskette mit mehreren Motiven) wurde von Stilikonen und k\u00f6niglichen Familien ber\u00fchmt gemacht. <\/p>\n<\/li>\n<li>\n<p><b>Der Zauber des Perlmutts:<\/b> Das Innere der Blumen besteht aus Imitation von wei\u00dfem Perlmutt (Mother of Pearl). Dieses Material wird f\u00fcr seine milchige Wei\u00dfe und seinen zarten, seidigen Glanz geliebt, der Gesicht und Dekollet\u00e9 wundersch\u00f6n zum Strahlen bringt. <\/p>\n<\/li>\n<li>\n<p><b>Goldene Umrandung:<\/b> Jede Perlmuttmitte ist pr\u00e4zise in einen goldenen Rahmen gefasst, der die Form der Blume hervorhebt und dem Schmuckst\u00fcck Definition und luxuri\u00f6sen Kontrast verleiht.<\/p>\n<\/li>\n<li>\n<p><b>Robuste Sch\u00f6nheit:<\/b> Hergestellt aus hochwertigem <b>Chirurgenstahl 316L<\/b> mit 18k Vergoldung. Er ist 100% wasserdicht, sodass Sie damit auch duschen k\u00f6nnen und der Perlmuttglanz stets gleich intensiv bleibt. <\/p>\n<\/li>\n<\/ul>\n<p><b>Wie tr\u00e4gt man es?<\/b><\/p>\n<ol>\n<li>\n<p><b>Old Money \u00c4sthetik:<\/b> Diese Halskette ist die Definition von \u201estillem Luxus\u201c. Tragen Sie einen Kaschmirpullover, ein wei\u00dfes Hemd oder ein kleines Schwarzes \u2013 das Schmuckst\u00fcck verleiht dem Outfit einen Hauch von Exklusivit\u00e4t. <\/p>\n<\/li>\n<li>\n<p><b>Elegantes Layering:<\/b> Dank ihrer Zartheit l\u00e4sst sie sich wunderbar kombinieren. Erg\u00e4nzen Sie sie mit einer einfachen Goldkette in einer anderen L\u00e4nge f\u00fcr einen reicheren Look. <\/p>\n<\/li>\n<\/ol>\n","protected":false},"excerpt":{"rendered":"<p>Schm\u00fccken Sie sich mit dem Gl\u00fcckssymbol der <b>Flow Pearl<\/b> Halskette. Dieses elegante Goldschmuckst\u00fcck zieren <strong>f\u00fcnf Blumenmotive<\/strong> (Kleebl\u00e4tter), die mit schimmerndem <strong>wei\u00dfem Perlmutt<\/strong> gef\u00fcllt sind. Das ikonische, von weltweiter Juwelierkunst inspirierte Design verleiht jedem Outfit einen Hauch von Luxus. Hergestellt aus hochwertigem <b>Chirurgenstahl<\/b>, ist er 100% wasserdicht, hypoallergen und farbbest\u00e4ndig.   <\/p>\n","protected":false},"featured_media":5280,"comment_status":"closed","ping_status":"closed","template":"","meta":{"_monsterinsights_skip_tracking":false,"_monsterinsights_sitenote_active":false,"_monsterinsights_sitenote_note":"","_monsterinsights_sitenote_category":0,"_joinchat":[]},"product_brand":[],"product_cat":[196],"product_tag":[],"class_list":{"0":"post-5279","1":"product","2":"type-product","3":"status-publish","4":"has-post-thumbnail","6":"product_cat-halsketten","8":"first","9":"instock","10":"taxable","11":"shipping-taxable","12":"purchasable","13":"product-type-simple"},"_links":{"self":[{"href":"https:\/\/yourdailyjewellery.eu\/de\/wp-json\/wp\/v2\/product\/5279","targetHints":{"allow":["GET"]}}],"collection":[{"href":"https:\/\/yourdailyjewellery.eu\/de\/wp-json\/wp\/v2\/product"}],"about":[{"href":"https:\/\/yourdailyjewellery.eu\/de\/wp-json\/wp\/v2\/types\/product"}],"replies":[{"embeddable":true,"href":"https:\/\/yourdailyjewellery.eu\/de\/wp-json\/wp\/v2\/comments?post=5279"}],"wp:featuredmedia":[{"embeddable":true,"href":"https:\/\/yourdailyjewellery.eu\/de\/wp-json\/wp\/v2\/media\/5280"}],"wp:attachment":[{"href":"https:\/\/yourdailyjewellery.eu\/de\/wp-json\/wp\/v2\/media?parent=5279"}],"wp:term":[{"taxonomy":"product_brand","embeddable":true,"href":"https:\/\/yourdailyjewellery.eu\/de\/wp-json\/wp\/v2\/product_brand?post=5279"},{"taxonomy":"product_cat","embeddable":true,"href":"https:\/\/yourdailyjewellery.eu\/de\/wp-json\/wp\/v2\/product_cat?post=5279"},{"taxonomy":"product_tag","embeddable":true,"href":"https:\/\/yourdailyjewellery.eu\/de\/wp-json\/wp\/v2\/product_tag?post=5279"}],"curies":[{"name":"wp","href":"https:\/\/api.w.org\/{rel}","templated":true}]}}