{"id":5273,"date":"2025-12-17T02:37:39","date_gmt":"2025-12-17T01:37:39","guid":{"rendered":"https:\/\/yourdailyjewellery.eu\/shop-2\/halskette-2-love\/"},"modified":"2025-12-17T02:37:39","modified_gmt":"2025-12-17T01:37:39","slug":"halskette-2-love","status":"publish","type":"product","link":"https:\/\/yourdailyjewellery.eu\/de\/shop-2\/halskette-2-love\/","title":{"rendered":"Halskette 2 Love"},"content":{"rendered":"<h4>Halskette 2 Love \u2013 Zwei Herzen, eine Geschichte<\/h4>\n<p>Liebe ist die Verbindung zweier Welten zu einer. Die <b>Halskette 2 Love<\/b> verk\u00f6rpert dieses Gef\u00fchl perfekt. Eine zarte Goldkette ziert ein Anh\u00e4nger in Form von <strong>zwei ineinander verschlungenen Herzen<\/strong>. Es ist ein Schmuckst\u00fcck, das ohne ein einziges Wort \u201eDu und ich\u201c sagt.  <\/p>\n<p><b>Warum diese Halskette das ideale Liebesgeschenk ist:<\/b><\/p>\n<ul>\n<li>\n<p><b>Symbol der Verbundenheit:<\/b> Die Herzen sind fest ineinander verschlungen, was Unzertrennlichkeit, Treue und gegenseitige Unterst\u00fctzung symbolisiert. Es ist ein perfekter Talisman f\u00fcr die Partnerin, aber auch als Symbol der Liebe zwischen Mutter und Tochter oder besten Freundinnen. <\/p>\n<\/li>\n<li>\n<p><b>Filigranes Design:<\/b> Die Herzen sind als <strong>Umrisslinien (Open Heart)<\/strong> gearbeitet, wodurch sie sehr zart, leicht und modern wirken. Durch ihre Mitte schimmert die Haut, was dem Schmuckst\u00fcck Frische verleiht. <\/p>\n<\/li>\n<li>\n<p><b>Symmetrie und Balance:<\/b> Der Anh\u00e4nger ist an der Kette an beiden \u00e4u\u00dferen R\u00e4ndern der Herzen befestigt. Dadurch beh\u00e4lt er am Hals eine stabile horizontale Position, verdreht sich nicht und schmiegt sich wundersch\u00f6n an das Dekollet\u00e9 an. <\/p>\n<\/li>\n<li>\n<p><b>Dauerhafte Qualit\u00e4t:<\/b> Hergestellt aus hochwertigem <b>Chirurgenstahl 316L<\/b> mit 18k Vergoldung. Er ist 100% wasserdicht, sodass Sie dieses Symbol Ihrer Liebe st\u00e4ndig tragen k\u00f6nnen, ohne Angst vor Anlaufen oder Glanzverlust zu haben. <\/p>\n<\/li>\n<\/ul>\n<p><b>Wie tr\u00e4gt man es?<\/b><\/p>\n<ol>\n<li>\n<p><b>Alltagsromantik:<\/b> Es ist ein dezentes St\u00fcck, das gut zu Alltagskleidung f\u00fcr die Arbeit oder Schule passt. Es unterstreicht sanft Ihre Weiblichkeit. <\/p>\n<\/li>\n<li>\n<p><b>Layering mit Bedeutung:<\/b> Kombinieren Sie ihn mit einer einfachen, k\u00fcrzeren Kette. So kreieren Sie einen modernen Layering-Look, wobei die Herzen der zentrale Punkt bleiben. <\/p>\n<\/li>\n<\/ol>\n","protected":false},"excerpt":{"rendered":"<p>Schenken Sie ein Symbol ewiger Verbundenheit mit der Halskette <b>2 Love<\/b>. Dieses romantische Goldschmuckst\u00fcck besteht aus einer Kette mit einem Anh\u00e4nger aus <strong>zwei ineinander verschlungenen Herzen<\/strong>, die unzertrennliche Liebe repr\u00e4sentieren. Das zarte Umriss-Design wirkt modern und elegant. Hergestellt aus hochwertigem <b>Chirurgenstahl<\/b>, ist er 100% wasserdicht, hypoallergen und farbbest\u00e4ndig.   <\/p>\n","protected":false},"featured_media":5275,"comment_status":"closed","ping_status":"closed","template":"","meta":{"_monsterinsights_skip_tracking":false,"_monsterinsights_sitenote_active":false,"_monsterinsights_sitenote_note":"","_monsterinsights_sitenote_category":0,"_joinchat":[]},"product_brand":[],"product_cat":[196],"product_tag":[],"class_list":{"0":"post-5273","1":"product","2":"type-product","3":"status-publish","4":"has-post-thumbnail","6":"product_cat-halsketten","8":"first","9":"instock","10":"taxable","11":"shipping-taxable","12":"purchasable","13":"product-type-simple"},"_links":{"self":[{"href":"https:\/\/yourdailyjewellery.eu\/de\/wp-json\/wp\/v2\/product\/5273","targetHints":{"allow":["GET"]}}],"collection":[{"href":"https:\/\/yourdailyjewellery.eu\/de\/wp-json\/wp\/v2\/product"}],"about":[{"href":"https:\/\/yourdailyjewellery.eu\/de\/wp-json\/wp\/v2\/types\/product"}],"replies":[{"embeddable":true,"href":"https:\/\/yourdailyjewellery.eu\/de\/wp-json\/wp\/v2\/comments?post=5273"}],"wp:featuredmedia":[{"embeddable":true,"href":"https:\/\/yourdailyjewellery.eu\/de\/wp-json\/wp\/v2\/media\/5275"}],"wp:attachment":[{"href":"https:\/\/yourdailyjewellery.eu\/de\/wp-json\/wp\/v2\/media?parent=5273"}],"wp:term":[{"taxonomy":"product_brand","embeddable":true,"href":"https:\/\/yourdailyjewellery.eu\/de\/wp-json\/wp\/v2\/product_brand?post=5273"},{"taxonomy":"product_cat","embeddable":true,"href":"https:\/\/yourdailyjewellery.eu\/de\/wp-json\/wp\/v2\/product_cat?post=5273"},{"taxonomy":"product_tag","embeddable":true,"href":"https:\/\/yourdailyjewellery.eu\/de\/wp-json\/wp\/v2\/product_tag?post=5273"}],"curies":[{"name":"wp","href":"https:\/\/api.w.org\/{rel}","templated":true}]}}