{"id":5270,"date":"2025-12-17T02:37:36","date_gmt":"2025-12-17T01:37:36","guid":{"rendered":"https:\/\/yourdailyjewellery.eu\/shop-2\/kette-love\/"},"modified":"2025-12-17T02:37:36","modified_gmt":"2025-12-17T01:37:36","slug":"kette-love","status":"publish","type":"product","link":"https:\/\/yourdailyjewellery.eu\/de\/shop-2\/kette-love\/","title":{"rendered":"Kette Love"},"content":{"rendered":"<h4>Halskette Love \u2013 Moderne Romantik mit Charakter<\/h4>\n<p>Liebe hat viele Gesichter, und dieses ist besonders stilvoll. <b>Die Halskette Love<\/b> \u00e4ndert die Spielregeln \u2013 sie versteckt den Verschluss nicht hinten, sondern macht ihn, zusammen mit dem Herzanh\u00e4nger, zum Star des Abends. Es ist ein Schmuckst\u00fcck f\u00fcr eine Frau, die ihr Herz am rechten Fleck tr\u00e4gt und keine Angst hat, es zu zeigen. <\/p>\n<p><b>Warum Sie diese Halskette auf den ersten Blick lieben werden:<\/b><\/p>\n<ul>\n<li>\n<p><b>Puffy Heart Design:<\/b> Der Anh\u00e4nger hat die Form eines <strong>vollen, \u201eaufgeplusterten\u201c Herzchens<\/strong> mit glatter Oberfl\u00e4che. Er wirkt verspielt, modern und ist dank seiner 3D-Form von jeder Seite sch\u00f6n. <\/p>\n<\/li>\n<li>\n<p><b>Trendiger T-Verschluss:<\/b> Diese Halskette wird vorne mit einem Stab und einem Ring (Toggle clasp) geschlossen. Dieses Element ist nicht nur praktisch, sondern dient auch als markantes industrielles Detail, das die \u00fcberm\u00e4\u00dfige S\u00fc\u00dfe des Herzchens \u201eaufbricht\u201c. <\/p>\n<\/li>\n<li>\n<p><b>Massive Kette:<\/b> Das Herz h\u00e4ngt an einer Kette mit <strong>gr\u00f6\u00dferen ovalen Gliedern<\/strong> (Cable chain). Es ist ein robusteres St\u00fcck, das sch\u00f6n am Hals sitzt und nicht zu \u00fcbersehen ist. <\/p>\n<\/li>\n<li>\n<p><b>Liebe, die nicht rostet:<\/b> Hergestellt aus robustem <b>Chirurgenstahl 316L<\/b> mit 18k Vergoldung. Er ist 100 % wasserdicht, sodass Sie ihn nonstop als pers\u00f6nlichen Talisman der Selbstliebe oder als Erinnerung an einen geliebten Menschen tragen k\u00f6nnen. <\/p>\n<\/li>\n<\/ul>\n<p><b>Wie tr\u00e4gt man es?<\/b><\/p>\n<ol>\n<li>\n<p><b>Everyday Statement:<\/b> Dank der dickeren Kette kommt es auch auf einem einfachen wei\u00dfen T-Shirt oder Hoodie gut zur Geltung. Es verleiht jedem Alltagsoutfit sofortigen Chic. <\/p>\n<\/li>\n<li>\n<p><b>Romantischer Rocker:<\/b> Kombinieren Sie ihn mit einer Lederjacke. Der Kontrast zwischen rauem Leder und dem goldenen Herzen wirkt unglaublich sexy. <\/p>\n<\/li>\n<\/ol>\n","protected":false},"excerpt":{"rendered":"<p>Schenken Sie sich Liebe mit der Halskette <b>Love<\/b>. Dieses stilvolle Goldschmuckst\u00fcck kombiniert eine massivere Kette mit ovalen Gliedern und einen <strong>Anh\u00e4nger in Form eines vollen Herzens<\/strong>. Ein modernes und praktisches Element ist der dekorative <strong>vordere T-Verschluss<\/strong> (Toggle clasp). Hergestellt aus hochwertigem <b>Chirurgenstahl<\/b>, ist er 100 % wasserdicht, hypoallergen und farbbest\u00e4ndig.   <\/p>\n","protected":false},"featured_media":5272,"comment_status":"closed","ping_status":"closed","template":"","meta":{"_monsterinsights_skip_tracking":false,"_monsterinsights_sitenote_active":false,"_monsterinsights_sitenote_note":"","_monsterinsights_sitenote_category":0,"_joinchat":[]},"product_brand":[],"product_cat":[196],"product_tag":[],"class_list":{"0":"post-5270","1":"product","2":"type-product","3":"status-publish","4":"has-post-thumbnail","6":"product_cat-halsketten","8":"first","9":"instock","10":"taxable","11":"shipping-taxable","12":"purchasable","13":"product-type-simple"},"_links":{"self":[{"href":"https:\/\/yourdailyjewellery.eu\/de\/wp-json\/wp\/v2\/product\/5270","targetHints":{"allow":["GET"]}}],"collection":[{"href":"https:\/\/yourdailyjewellery.eu\/de\/wp-json\/wp\/v2\/product"}],"about":[{"href":"https:\/\/yourdailyjewellery.eu\/de\/wp-json\/wp\/v2\/types\/product"}],"replies":[{"embeddable":true,"href":"https:\/\/yourdailyjewellery.eu\/de\/wp-json\/wp\/v2\/comments?post=5270"}],"wp:featuredmedia":[{"embeddable":true,"href":"https:\/\/yourdailyjewellery.eu\/de\/wp-json\/wp\/v2\/media\/5272"}],"wp:attachment":[{"href":"https:\/\/yourdailyjewellery.eu\/de\/wp-json\/wp\/v2\/media?parent=5270"}],"wp:term":[{"taxonomy":"product_brand","embeddable":true,"href":"https:\/\/yourdailyjewellery.eu\/de\/wp-json\/wp\/v2\/product_brand?post=5270"},{"taxonomy":"product_cat","embeddable":true,"href":"https:\/\/yourdailyjewellery.eu\/de\/wp-json\/wp\/v2\/product_cat?post=5270"},{"taxonomy":"product_tag","embeddable":true,"href":"https:\/\/yourdailyjewellery.eu\/de\/wp-json\/wp\/v2\/product_tag?post=5270"}],"curies":[{"name":"wp","href":"https:\/\/api.w.org\/{rel}","templated":true}]}}