{"id":5265,"date":"2025-12-17T02:37:39","date_gmt":"2025-12-17T01:37:39","guid":{"rendered":"https:\/\/yourdailyjewellery.eu\/shop-2\/kette-pearl\/"},"modified":"2025-12-17T02:37:39","modified_gmt":"2025-12-17T01:37:39","slug":"kette-pearl","status":"publish","type":"product","link":"https:\/\/yourdailyjewellery.eu\/de\/shop-2\/kette-pearl\/","title":{"rendered":"Kette Pearl"},"content":{"rendered":"<h4>Halskette Pearl \u2013 Perle in der Umarmung von fl\u00fcssigem Gold<\/h4>\n<p>Ein Klassiker, der neu interpretiert wurde. Die <b>Halskette Pearl<\/b> ist nicht nur ein gew\u00f6hnlicher Perlenschmuck. Sie ist ein kleines Kunstwerk, das die perfekte Geometrie der Perle mit der ungeb\u00e4ndigten Sch\u00f6nheit organischer Formen verbindet. Der Anh\u00e4nger erinnert an eine kostbare Perle, die das Meer gerade in einem goldenen Geh\u00e4use angesp\u00fclt hat.  <\/p>\n<p><b>Warum diese Halskette die Verk\u00f6rperung von Raffinesse ist:<\/b><\/p>\n<ul>\n<li>\n<p><b>Organisches Design:<\/b> Der goldene Rahmen des Anh\u00e4ngers hat eine unregelm\u00e4\u00dfige, gewellte Form, die an <strong>fl\u00fcssiges Gold<\/strong> oder das Innere einer Muschel erinnert. Dieser \u201erohe\u201c und k\u00fcnstlerische Look kontrastiert wunderbar mit der glatten Oberfl\u00e4che der Perle. <\/p>\n<\/li>\n<li>\n<p><b>Zentrale Perle:<\/b> Das Herzst\u00fcck des Schmuckst\u00fccks ist eine strahlende <strong>wei\u00dfe Perle<\/strong> (Imitation). Perlen sind seit jeher ein Symbol f\u00fcr Weiblichkeit, Reinheit und Weisheit. In dieser modernen Fassung wirken sie weniger konservativ und stilvoller.  <\/p>\n<\/li>\n<li>\n<p><b>Elegante Kette:<\/b> Der Anh\u00e4nger h\u00e4ngt an einer fein gedrehten Kette, die bei jeder Bewegung gl\u00e4nzt und den luxuri\u00f6sen Look des Anh\u00e4ngers erg\u00e4nzt, ohne ihm die Aufmerksamkeit zu nehmen.<\/p>\n<\/li>\n<li>\n<p><b>Dauerhafte Sch\u00f6nheit:<\/b> Hergestellt aus hochwertigem <b>Chirurgenstahl 316L<\/b> mit 18k Vergoldung. Er ist 100 % wasserdicht, sodass sowohl die Perle als auch der goldene Rahmen ihren Glanz auch bei h\u00e4ufigem Tragen behalten. <\/p>\n<\/li>\n<\/ul>\n<p><b>Wie tr\u00e4gt man es?<\/b><\/p>\n<ol>\n<li>\n<p><b>Artistic Touch:<\/b> Dieses Schmuckst\u00fcck ist ideal f\u00fcr Frauen mit einer kreativen Seele. Es erg\u00e4nzt hervorragend minimalistische Kleidung in neutralen Farben (Beige, Creme, Schwarz), wo seine Form besonders zur Geltung kommt. <\/p>\n<\/li>\n<li>\n<p><b>Romantic Date:<\/b> Tragen Sie eine Seidenbluse oder ein schulterfreies Kleid. Die Perle lenkt die Aufmerksamkeit auf Ihren Hals und Ihr Gesicht. <\/p>\n<\/li>\n<\/ol>\n","protected":false},"excerpt":{"rendered":"<p>Entdecken Sie die Verbindung von Natur und Kunst mit der <b>Halskette Pearl<\/b>. Dieses au\u00dfergew\u00f6hnliche Goldschmuckst\u00fcck wird von einem Anh\u00e4nger mit einer <strong>wei\u00dfen Perle<\/strong> dominiert, die in einem unregelm\u00e4\u00dfigen, <strong>organischen Goldrahmen<\/strong> gefasst ist, der an fl\u00fcssiges Metall erinnert. Ein modernes und zugleich zeitloses St\u00fcck. Hergestellt aus hochwertigem <b>Chirurgenstahl<\/b>, ist es 100 % wasserdicht, hypoallergen und farbbest\u00e4ndig.   <\/p>\n","protected":false},"featured_media":5267,"comment_status":"closed","ping_status":"closed","template":"","meta":{"_monsterinsights_skip_tracking":false,"_monsterinsights_sitenote_active":false,"_monsterinsights_sitenote_note":"","_monsterinsights_sitenote_category":0,"_joinchat":[]},"product_brand":[],"product_cat":[196],"product_tag":[],"class_list":{"0":"post-5265","1":"product","2":"type-product","3":"status-publish","4":"has-post-thumbnail","6":"product_cat-halsketten","8":"first","9":"instock","10":"taxable","11":"shipping-taxable","12":"purchasable","13":"product-type-simple"},"_links":{"self":[{"href":"https:\/\/yourdailyjewellery.eu\/de\/wp-json\/wp\/v2\/product\/5265","targetHints":{"allow":["GET"]}}],"collection":[{"href":"https:\/\/yourdailyjewellery.eu\/de\/wp-json\/wp\/v2\/product"}],"about":[{"href":"https:\/\/yourdailyjewellery.eu\/de\/wp-json\/wp\/v2\/types\/product"}],"replies":[{"embeddable":true,"href":"https:\/\/yourdailyjewellery.eu\/de\/wp-json\/wp\/v2\/comments?post=5265"}],"wp:featuredmedia":[{"embeddable":true,"href":"https:\/\/yourdailyjewellery.eu\/de\/wp-json\/wp\/v2\/media\/5267"}],"wp:attachment":[{"href":"https:\/\/yourdailyjewellery.eu\/de\/wp-json\/wp\/v2\/media?parent=5265"}],"wp:term":[{"taxonomy":"product_brand","embeddable":true,"href":"https:\/\/yourdailyjewellery.eu\/de\/wp-json\/wp\/v2\/product_brand?post=5265"},{"taxonomy":"product_cat","embeddable":true,"href":"https:\/\/yourdailyjewellery.eu\/de\/wp-json\/wp\/v2\/product_cat?post=5265"},{"taxonomy":"product_tag","embeddable":true,"href":"https:\/\/yourdailyjewellery.eu\/de\/wp-json\/wp\/v2\/product_tag?post=5265"}],"curies":[{"name":"wp","href":"https:\/\/api.w.org\/{rel}","templated":true}]}}