{"id":5262,"date":"2025-12-17T02:37:35","date_gmt":"2025-12-17T01:37:35","guid":{"rendered":"https:\/\/yourdailyjewellery.eu\/shop-2\/halskette-emerald\/"},"modified":"2026-01-23T11:33:30","modified_gmt":"2026-01-23T10:33:30","slug":"halskette-emerald","status":"publish","type":"product","link":"https:\/\/yourdailyjewellery.eu\/de\/shop-2\/halskette-emerald\/","title":{"rendered":"Halskette Emerald"},"content":{"rendered":"<h4>Halskette Emerald \u2013 Ein Juwel, einer K\u00f6nigin w\u00fcrdig<\/h4>\n<p>Tauchen Sie ein in die Welt aristokratischer Eleganz mit der Halskette <b>Emerald<\/b>. Dieses atemberaubende Schmuckst\u00fcck ist eine Hommage an die klassische Juwelierkunst. Im Mittelpunkt steht ein pr\u00e4zise gearbeiteter Anh\u00e4nger, der von <strong>tiefgr\u00fcnen Kristallen<\/strong> dominiert wird, umgeben von einer strahlenden Aureole aus klaren Zirkonen. Es ist ein St\u00fcck, das Geschichte und Luxus ausstrahlt.   <\/p>\n<p><b>Warum diese Halskette Noblesse definiert:<\/b><\/p>\n<ul>\n<li>\n<p><b>Doppelte Sch\u00f6nheit:<\/b> Der Anh\u00e4nger besteht aus zwei Teilen. Der obere Teil ist ein kleinerer runder gr\u00fcner Stein, der untere ein dominanter rechteckiger Stein im sogenannten <strong>\u201eEmerald\u201c-Schliff<\/strong>. Beide sind von kleinen klaren Steinchen (Halo-Effekt) umrandet, was ihren Glanz und ihre Pracht maximiert.  <\/p>\n<\/li>\n<li>\n<p><b>Smaragdene Tiefe:<\/b> Die dunkelgr\u00fcne Farbe ist ein Symbol f\u00fcr Wiedergeburt, Weisheit und Wohlstand. In Kombination mit Goldmetall wirkt dieser Farbton unglaublich reich und raffiniert. <\/p>\n<\/li>\n<li>\n<p><b>Funkelnde Kette:<\/b> Der Anh\u00e4nger h\u00e4ngt an einer fein <strong>gedrehten Kette<\/strong> (Singapur-Typ), die beim Bewegen wundersch\u00f6n funkelt und so den Glanz des Anh\u00e4ngers erg\u00e4nzt.<\/p>\n<\/li>\n<li>\n<p><b>Qualit\u00e4t ohne Kompromisse:<\/b> Hergestellt aus hochwertigem <b>Chirurgenstahl 316L<\/b> mit 18k Vergoldung. Er ist 100% wasserdicht, sodass Sie dieses k\u00f6nigliche Gef\u00fchl jeden Tag genie\u00dfen k\u00f6nnen, ohne bef\u00fcrchten zu m\u00fcssen, dass der Schmuck anl\u00e4uft. <\/p>\n<\/li>\n<\/ul>\n<p><b>Wie tr\u00e4gt man es?<\/b><\/p>\n<ol>\n<li>\n<p><b>Abendrobe:<\/b> Diese Halskette verlangt nach Gesellschaft. Sie ist die perfekte Erg\u00e4nzung zu einem schwarzen Cocktailkleid oder einer langen Abendrobe mit Dekollet\u00e9. <\/p>\n<\/li>\n<li>\n<p><b>Eleganter Kontrast:<\/b> F\u00fcr einen modernen \u201eRoyal Look\u201c kombinieren Sie ihn mit einer wei\u00dfen Seidenbluse und einem Sakko. Die gr\u00fcne Farbe kommt wundersch\u00f6n zur Geltung und verleiht dem Outfit Seriosit\u00e4t. <\/p>\n<\/li>\n<\/ol>\n","protected":false},"excerpt":{"rendered":"<p>Bezaubern Sie Ihr Umfeld mit der Halskette <b>Emerald<\/b>. Dieses luxuri\u00f6se goldene Schmuckst\u00fcck im Vintage-Stil ziert ein Anh\u00e4nger mit zwei <strong>smaragdgr\u00fcnen Steinen<\/strong> (rund und rechteckig), die von <strong>klaren Zirkonen<\/strong> f\u00fcr maximalen Glanz umrandet sind. Auf einer fein gedrehten Kette h\u00e4ngend. Hergestellt aus hochwertigem <b>Chirurgenstahl<\/b>, ist er 100% wasserdicht, hypoallergen und farbbest\u00e4ndig.   <\/p>\n","protected":false},"featured_media":5264,"comment_status":"closed","ping_status":"closed","template":"","meta":{"_monsterinsights_skip_tracking":false,"_monsterinsights_sitenote_active":false,"_monsterinsights_sitenote_note":"","_monsterinsights_sitenote_category":0,"_joinchat":[]},"product_brand":[],"product_cat":[196],"product_tag":[],"class_list":{"0":"post-5262","1":"product","2":"type-product","3":"status-publish","4":"has-post-thumbnail","6":"product_cat-halsketten","8":"first","9":"instock","10":"taxable","11":"shipping-taxable","12":"purchasable","13":"product-type-simple"},"_links":{"self":[{"href":"https:\/\/yourdailyjewellery.eu\/de\/wp-json\/wp\/v2\/product\/5262","targetHints":{"allow":["GET"]}}],"collection":[{"href":"https:\/\/yourdailyjewellery.eu\/de\/wp-json\/wp\/v2\/product"}],"about":[{"href":"https:\/\/yourdailyjewellery.eu\/de\/wp-json\/wp\/v2\/types\/product"}],"replies":[{"embeddable":true,"href":"https:\/\/yourdailyjewellery.eu\/de\/wp-json\/wp\/v2\/comments?post=5262"}],"wp:featuredmedia":[{"embeddable":true,"href":"https:\/\/yourdailyjewellery.eu\/de\/wp-json\/wp\/v2\/media\/5264"}],"wp:attachment":[{"href":"https:\/\/yourdailyjewellery.eu\/de\/wp-json\/wp\/v2\/media?parent=5262"}],"wp:term":[{"taxonomy":"product_brand","embeddable":true,"href":"https:\/\/yourdailyjewellery.eu\/de\/wp-json\/wp\/v2\/product_brand?post=5262"},{"taxonomy":"product_cat","embeddable":true,"href":"https:\/\/yourdailyjewellery.eu\/de\/wp-json\/wp\/v2\/product_cat?post=5262"},{"taxonomy":"product_tag","embeddable":true,"href":"https:\/\/yourdailyjewellery.eu\/de\/wp-json\/wp\/v2\/product_tag?post=5262"}],"curies":[{"name":"wp","href":"https:\/\/api.w.org\/{rel}","templated":true}]}}