{"id":5257,"date":"2025-12-17T02:37:38","date_gmt":"2025-12-17T01:37:38","guid":{"rendered":"https:\/\/yourdailyjewellery.eu\/shop-2\/halskette-jesus-3\/"},"modified":"2025-12-17T02:37:38","modified_gmt":"2025-12-17T01:37:38","slug":"halskette-jesus-3","status":"publish","type":"product","link":"https:\/\/yourdailyjewellery.eu\/de\/shop-2\/halskette-jesus-3\/","title":{"rendered":"Halskette Jesus 3"},"content":{"rendered":"<h4>Halskette Jesus 3 \u2013 Glaube aus einem anderen Blickwinkel<\/h4>\n<p>Wer hat gesagt, dass Traditionen nicht modern sein k\u00f6nnen? <b>Die Halskette Jesus 3<\/b> ist der Beweis, dass spirituelle Symbolik perfekt mit aktuellen Trends harmoniert. Diese <strong>Doppelhalskette<\/strong> besticht durch ein unkonventionelles Element \u2013 ein glattes Kreuz, das <strong>quer (Sideways Cross)<\/strong> in die Kette eingearbeitet ist. <\/p>\n<p><b>Warum dieses Design so beliebt ist:<\/b><\/p>\n<ul>\n<li>\n<p><b>Trend \u201eSideways Cross\u201c:<\/b> Die horizontale Anordnung des Kreuzes ist ein Symbol f\u00fcr die Verankerung des Glaubens im Alltag. Es wirkt weniger formell als ein klassisches h\u00e4ngendes Kreuz und mehr wie ein stilvolles Modeaccessoire, wobei es seine tiefe Bedeutung bewahrt. <\/p>\n<\/li>\n<li>\n<p><b>Fertiges Layering:<\/b> Sie m\u00fcssen nicht \u00fcberlegen, wie Sie Ketten kombinieren. Dieses Schmuckst\u00fcck besteht aus einer k\u00fcrzeren Kette, verziert mit feinen <strong>Metallk\u00fcgelchen<\/strong> (Satellite chain), und einer l\u00e4ngeren Kette mit einem Kreuz. Zusammen bilden sie eine perfekte Symmetrie.  <\/p>\n<\/li>\n<li>\n<p><b>Minimalistische Reinheit:<\/b> Das Kreuz ist glatt, ohne Steine, hochglanzpoliert. Es ist an beiden Enden befestigt, sodass es sich am Hals nicht verdreht und seine Position beh\u00e4lt. <\/p>\n<\/li>\n<li>\n<p><b>Qualit\u00e4t und Komfort:<\/b> Hergestellt aus hochwertigem <b>Chirurgenstahl 316L<\/b> mit 18k Vergoldung. Es ist 100 % wasserdicht, hypoallergen und so konzipiert, dass Sie es 24\/7 tragen k\u00f6nnen. <\/p>\n<\/li>\n<\/ul>\n<p><b>Wie tr\u00e4gt man es?<\/b><\/p>\n<ol>\n<li>\n<p><b>Casual Chic:<\/b> Dieses Modell ist wie geschaffen f\u00fcr Jeans und T-Shirt. Es verleiht einem einfachen Outfit eine besondere Note und Stil. <\/p>\n<\/li>\n<li>\n<p><b>Zarte Eleganz:<\/b> Dank des Verzichts auf Steine wirkt es sehr dezent. Es eignet sich auch f\u00fcr die Arbeit oder die Schule, wo Sie mit Glitzer nicht zu viel Aufmerksamkeit erregen m\u00f6chten. <\/p>\n<\/li>\n<\/ol>\n","protected":false},"excerpt":{"rendered":"<p>Entdecken Sie die moderne Form des Glaubens mit der Halskette <b>Jesus 3<\/b>. Diese stilvolle goldene <strong>Doppelhalskette<\/strong> kombiniert eine Kugelkette mit einer Kette, die ein glattes <strong>horizontales Kreuz<\/strong> (Sideways Cross) tr\u00e4gt. Das steinlose Design wirkt klar und minimalistisch. Hergestellt aus hochwertigem <b>Chirurgenstahl<\/b>, ist sie 100 % wasserdicht, hypoallergen und farbbest\u00e4ndig.   <\/p>\n","protected":false},"featured_media":5259,"comment_status":"closed","ping_status":"closed","template":"","meta":{"_monsterinsights_skip_tracking":false,"_monsterinsights_sitenote_active":false,"_monsterinsights_sitenote_note":"","_monsterinsights_sitenote_category":0,"_joinchat":[]},"product_brand":[],"product_cat":[196],"product_tag":[],"class_list":{"0":"post-5257","1":"product","2":"type-product","3":"status-publish","4":"has-post-thumbnail","6":"product_cat-halsketten","8":"first","9":"instock","10":"taxable","11":"shipping-taxable","12":"purchasable","13":"product-type-simple"},"_links":{"self":[{"href":"https:\/\/yourdailyjewellery.eu\/de\/wp-json\/wp\/v2\/product\/5257","targetHints":{"allow":["GET"]}}],"collection":[{"href":"https:\/\/yourdailyjewellery.eu\/de\/wp-json\/wp\/v2\/product"}],"about":[{"href":"https:\/\/yourdailyjewellery.eu\/de\/wp-json\/wp\/v2\/types\/product"}],"replies":[{"embeddable":true,"href":"https:\/\/yourdailyjewellery.eu\/de\/wp-json\/wp\/v2\/comments?post=5257"}],"wp:featuredmedia":[{"embeddable":true,"href":"https:\/\/yourdailyjewellery.eu\/de\/wp-json\/wp\/v2\/media\/5259"}],"wp:attachment":[{"href":"https:\/\/yourdailyjewellery.eu\/de\/wp-json\/wp\/v2\/media?parent=5257"}],"wp:term":[{"taxonomy":"product_brand","embeddable":true,"href":"https:\/\/yourdailyjewellery.eu\/de\/wp-json\/wp\/v2\/product_brand?post=5257"},{"taxonomy":"product_cat","embeddable":true,"href":"https:\/\/yourdailyjewellery.eu\/de\/wp-json\/wp\/v2\/product_cat?post=5257"},{"taxonomy":"product_tag","embeddable":true,"href":"https:\/\/yourdailyjewellery.eu\/de\/wp-json\/wp\/v2\/product_tag?post=5257"}],"curies":[{"name":"wp","href":"https:\/\/api.w.org\/{rel}","templated":true}]}}