{"id":5254,"date":"2025-12-17T02:37:35","date_gmt":"2025-12-17T01:37:35","guid":{"rendered":"https:\/\/yourdailyjewellery.eu\/shop-2\/kette-cezar\/"},"modified":"2025-12-17T02:37:35","modified_gmt":"2025-12-17T01:37:35","slug":"kette-cezar","status":"publish","type":"product","link":"https:\/\/yourdailyjewellery.eu\/de\/shop-2\/kette-cezar\/","title":{"rendered":"Kette Cezar"},"content":{"rendered":"<h4>Halskette Cezar \u2013 Erhabenheit inspiriert von der Antike<\/h4>\n<p>Bringen Sie ein St\u00fcck kaiserlicher Eleganz in Ihre Garderobe mit der Halskette <b>Cezar<\/b>. Diese au\u00dfergew\u00f6hnliche Goldkette zeichnet sich durch ein komplexes, geflochtenes Muster aus, das an eine <strong>\u00c4hre (Wheat chain)<\/strong> oder einen stilisierten Lorbeerkranz erinnert. Es ist ein Schmuckst\u00fcck, das F\u00fclle, Sieg und erlesenen Geschmack symbolisiert.  <\/p>\n<p><b>Warum diese Halskette ein Meisterwerk ist:<\/b><\/p>\n<ul>\n<li>\n<p><b>Einzigartige \u201eSpiga\u201c-Struktur:<\/b> Die einzelnen Glieder sind V-f\u00f6rmig ineinander verschlungen und bilden so eine dichte und robuste Kette mit einer wundersch\u00f6nen 3D-Textur. Im Gegensatz zu klassischen flachen Ketten hat dieses Modell Volumen und wirkt sehr opulent. <\/p>\n<\/li>\n<li>\n<p><b>Spiel von Licht und Schatten:<\/b> Dank des komplexen Schliffs und der Ausrichtung der Glieder wechselt die Kette bei Bewegung st\u00e4ndig ihren Glanz. Sie wirkt wie ein flie\u00dfender Goldstrom, der sich auf der Haut schl\u00e4ngelt. <\/p>\n<\/li>\n<li>\n<p><b>Luxuri\u00f6ses Gef\u00fchl:<\/b> Die Kette ist sehr glatt und angenehm auf der Haut. Ihr Design ist so markant, dass Sie sie als eigenst\u00e4ndiges, dominantes Schmuckst\u00fcck ohne Anh\u00e4nger tragen k\u00f6nnen. <\/p>\n<\/li>\n<li>\n<p><b>Qualit\u00e4t f\u00fcr die Ewigkeit:<\/b> Hergestellt aus robustem <b>Chirurgenstahl 316L<\/b> mit 18k Vergoldung. Sie ist 100% wasserdicht, l\u00e4uft nicht an und ist dank der festen Webart auch extrem rei\u00dffest. <\/p>\n<\/li>\n<\/ul>\n<p><b>Wie tr\u00e4gt man es?<\/b><\/p>\n<ol>\n<li>\n<p><b>Solo Statement:<\/b> Dieses Muster ist an sich schon ein Schmuckst\u00fcck. Tragen Sie es zu einem schlichten Top oder Kleid, wo seine Textur wundersch\u00f6n zur Geltung kommt. <\/p>\n<\/li>\n<li>\n<p><b>Historischer Lagenlook:<\/b> Kombinieren Sie sie mit einer Kette mit M\u00fcnze oder Medaillon. So kreieren Sie einen vom antiken Rom inspirierten Stil, der momentan sehr im Trend liegt. <\/p>\n<\/li>\n<\/ol>\n","protected":false},"excerpt":{"rendered":"<p>Schm\u00fccken Sie sich mit dem Symbol des Sieges mit der Halskette <b>Cezar<\/b>. Diese exklusive Goldkette besticht durch ihr dichtes, geflochtenes Muster vom Typ <strong>\u201eWheat \/ Spiga\u201c<\/strong>, das an eine \u00c4hre oder ein Lorbeermuster erinnert. Sie hat eine wundersch\u00f6ne 3D-Textur und hohen Glanz. Hergestellt aus hochwertigem <b>Chirurgenstahl<\/b>, ist sie 100% wasserdicht, hypoallergen und farbbest\u00e4ndig.   <\/p>\n","protected":false},"featured_media":5256,"comment_status":"closed","ping_status":"closed","template":"","meta":{"_monsterinsights_skip_tracking":false,"_monsterinsights_sitenote_active":false,"_monsterinsights_sitenote_note":"","_monsterinsights_sitenote_category":0,"_joinchat":[]},"product_brand":[],"product_cat":[196],"product_tag":[],"class_list":{"0":"post-5254","1":"product","2":"type-product","3":"status-publish","4":"has-post-thumbnail","6":"product_cat-halsketten","8":"first","9":"instock","10":"taxable","11":"shipping-taxable","12":"purchasable","13":"product-type-simple"},"_links":{"self":[{"href":"https:\/\/yourdailyjewellery.eu\/de\/wp-json\/wp\/v2\/product\/5254","targetHints":{"allow":["GET"]}}],"collection":[{"href":"https:\/\/yourdailyjewellery.eu\/de\/wp-json\/wp\/v2\/product"}],"about":[{"href":"https:\/\/yourdailyjewellery.eu\/de\/wp-json\/wp\/v2\/types\/product"}],"replies":[{"embeddable":true,"href":"https:\/\/yourdailyjewellery.eu\/de\/wp-json\/wp\/v2\/comments?post=5254"}],"wp:featuredmedia":[{"embeddable":true,"href":"https:\/\/yourdailyjewellery.eu\/de\/wp-json\/wp\/v2\/media\/5256"}],"wp:attachment":[{"href":"https:\/\/yourdailyjewellery.eu\/de\/wp-json\/wp\/v2\/media?parent=5254"}],"wp:term":[{"taxonomy":"product_brand","embeddable":true,"href":"https:\/\/yourdailyjewellery.eu\/de\/wp-json\/wp\/v2\/product_brand?post=5254"},{"taxonomy":"product_cat","embeddable":true,"href":"https:\/\/yourdailyjewellery.eu\/de\/wp-json\/wp\/v2\/product_cat?post=5254"},{"taxonomy":"product_tag","embeddable":true,"href":"https:\/\/yourdailyjewellery.eu\/de\/wp-json\/wp\/v2\/product_tag?post=5254"}],"curies":[{"name":"wp","href":"https:\/\/api.w.org\/{rel}","templated":true}]}}