{"id":5249,"date":"2025-12-17T02:37:34","date_gmt":"2025-12-17T01:37:34","guid":{"rendered":"https:\/\/yourdailyjewellery.eu\/shop-2\/halskette-schloss\/"},"modified":"2025-12-17T02:37:34","modified_gmt":"2025-12-17T01:37:34","slug":"halskette-schloss","status":"publish","type":"product","link":"https:\/\/yourdailyjewellery.eu\/de\/shop-2\/halskette-schloss\/","title":{"rendered":"Halskette Schloss"},"content":{"rendered":"<h4>Halskette Schloss \u2013 Entdecken Sie Ihren Stil<\/h4>\n<p>Symbol f\u00fcr Geheimnis, Sicherheit und ewige Liebe. Die <b>Halskette Schloss<\/b> ist ein modernes Schmuckst\u00fcck, das Funktionalit\u00e4t mit den neuesten Trends verbindet. Ihr dominantes Element ist ein glatter, gl\u00e4nzender <strong>Anh\u00e4nger in Form eines Vorh\u00e4ngeschlosses<\/strong>, der an einer stilvollen Kette mit l\u00e4nglichen Gliedern h\u00e4ngt. <\/p>\n<p><b>Warum diese Halskette ein \u201eMust-have\u201c ist:<\/b><\/p>\n<ul>\n<li>\n<p><b>Trendige \u201ePaperclip\u201c-Kette:<\/b> Die Halskette besteht aus einer Kette mit ovalen, l\u00e4nglichen Gliedern (die an B\u00fcroklammern erinnern). Dieser Kettentyp ist luftig, modern und geh\u00f6rt derzeit zu den begehrtesten Designs weltweit. <\/p>\n<\/li>\n<li>\n<p><b>Verschluss als Schmuckst\u00fcck:<\/b> Vergessen Sie das Verstecken des Verschlusses im Nacken. Dieses Modell verwendet einen <strong>dekorativen \u201eT-Verschluss\u201c (Toggle clasp)<\/strong> direkt vorne am Anh\u00e4nger. Ring und Knebel sind nicht nur funktional, sondern bilden einen wesentlichen Bestandteil des Designs.  <\/p>\n<\/li>\n<li>\n<p><b>Symbolik des Schlosses:<\/b> Ein Vorh\u00e4ngeschloss wird oft als Symbol f\u00fcr \u201eeingeschlossene\u201c Liebe oder Treue verschenkt. F\u00fcr andere steht es f\u00fcr den Schutz ihrer Geheimnisse und inneren St\u00e4rke. <\/p>\n<\/li>\n<li>\n<p><b>Qualit\u00e4t, die h\u00e4lt:<\/b> Hergestellt aus robustem <b>Chirurgenstahl 316L<\/b> mit 18k Vergoldung. Er ist 100% wasserdicht, l\u00e4uft nicht an und Sie k\u00f6nnen ihn jeden Tag tragen, ohne sich Sorgen um seine Sch\u00f6nheit machen zu m\u00fcssen. <\/p>\n<\/li>\n<\/ul>\n<p><b>Wie tr\u00e4gt man es?<\/b><\/p>\n<ol>\n<li>\n<p><b>V-Ausschnitt:<\/b> Dank des vorderen Verschlusses und des Anh\u00e4ngers bildet die Halskette eine \u201eY\u201c-Form, die den Hals wundersch\u00f6n verl\u00e4ngert. Ideal f\u00fcr Hemden oder Oberteile mit Ausschnitt. <\/p>\n<\/li>\n<li>\n<p><b>Layering-Look:<\/b> Kombinieren Sie ihn mit einer zarteren, k\u00fcrzeren Kette (Choker) oder umgekehrt mit einer l\u00e4ngeren Halskette mit M\u00fcnze. Die Paperclip-Kette ist perfekt zum Layering geeignet. <\/p>\n<\/li>\n<\/ol>\n","protected":false},"excerpt":{"rendered":"<p>Beeindrucken Sie mit modernem Design mit der Halskette <b>Schloss<\/b>. Diese stilvolle goldene Halskette besteht aus einer trendigen <strong>\u201ePaperclip\u201c-Kette<\/strong> mit l\u00e4nglichen Gliedern und einem glatten <strong>Anh\u00e4nger in Schlossform<\/strong>. Ein einzigartiges Detail ist der dekorative <strong>vordere T-Verschluss<\/strong>. Hergestellt aus hochwertigem <b>Chirurgenstahl<\/b>, ist sie 100% wasserdicht, hypoallergen und farbbest\u00e4ndig.   <\/p>\n","protected":false},"featured_media":5251,"comment_status":"closed","ping_status":"closed","template":"","meta":{"_monsterinsights_skip_tracking":false,"_monsterinsights_sitenote_active":false,"_monsterinsights_sitenote_note":"","_monsterinsights_sitenote_category":0,"_joinchat":[]},"product_brand":[],"product_cat":[196],"product_tag":[],"class_list":{"0":"post-5249","1":"product","2":"type-product","3":"status-publish","4":"has-post-thumbnail","6":"product_cat-halsketten","8":"first","9":"instock","10":"taxable","11":"shipping-taxable","12":"purchasable","13":"product-type-simple"},"_links":{"self":[{"href":"https:\/\/yourdailyjewellery.eu\/de\/wp-json\/wp\/v2\/product\/5249","targetHints":{"allow":["GET"]}}],"collection":[{"href":"https:\/\/yourdailyjewellery.eu\/de\/wp-json\/wp\/v2\/product"}],"about":[{"href":"https:\/\/yourdailyjewellery.eu\/de\/wp-json\/wp\/v2\/types\/product"}],"replies":[{"embeddable":true,"href":"https:\/\/yourdailyjewellery.eu\/de\/wp-json\/wp\/v2\/comments?post=5249"}],"wp:featuredmedia":[{"embeddable":true,"href":"https:\/\/yourdailyjewellery.eu\/de\/wp-json\/wp\/v2\/media\/5251"}],"wp:attachment":[{"href":"https:\/\/yourdailyjewellery.eu\/de\/wp-json\/wp\/v2\/media?parent=5249"}],"wp:term":[{"taxonomy":"product_brand","embeddable":true,"href":"https:\/\/yourdailyjewellery.eu\/de\/wp-json\/wp\/v2\/product_brand?post=5249"},{"taxonomy":"product_cat","embeddable":true,"href":"https:\/\/yourdailyjewellery.eu\/de\/wp-json\/wp\/v2\/product_cat?post=5249"},{"taxonomy":"product_tag","embeddable":true,"href":"https:\/\/yourdailyjewellery.eu\/de\/wp-json\/wp\/v2\/product_tag?post=5249"}],"curies":[{"name":"wp","href":"https:\/\/api.w.org\/{rel}","templated":true}]}}