{"id":5245,"date":"2025-12-17T02:37:35","date_gmt":"2025-12-17T01:37:35","guid":{"rendered":"https:\/\/yourdailyjewellery.eu\/shop-2\/kette-coffe\/"},"modified":"2025-12-17T02:37:35","modified_gmt":"2025-12-17T01:37:35","slug":"kette-coffe","status":"publish","type":"product","link":"https:\/\/yourdailyjewellery.eu\/de\/shop-2\/kette-coffe\/","title":{"rendered":"Kette Coffe"},"content":{"rendered":"<h4>Halskette Coffe \u2013 Ikonisches Design f\u00fcr Liebhaber des Lebens<\/h4>\n<p>Verleihen Sie Ihrem Outfit eine ordentliche Portion Energie mit der Halskette <b>Coffe<\/b>. Dieses Designst\u00fcck ist von der Form der <strong>Kaffeebohne (Coffee Bean link)<\/strong> inspiriert. Die einzelnen ovalen Glieder haben einen mittig gef\u00fchrten Steg, der ihnen nicht nur ein unverwechselbares Aussehen, sondern auch Festigkeit und Volumen verleiht.  <\/p>\n<p><b>Warum diese Halskette ein absoluter Hit ist:<\/b><\/p>\n<ul>\n<li>\n<p><b>Legend\u00e4res \u201eCoffee\u201c-Muster:<\/b> Diese Art von Kette ist in der Schmuckwelt ein Begriff. Sie wirkt leicht retro, aber gleichzeitig sehr modern. Die Glieder sind rund, \u201evolumin\u00f6s\u201c (puffed style) und reflektieren dank der glatten Oberfl\u00e4che das Licht aus jedem Winkel.  <\/p>\n<\/li>\n<li>\n<p><b>Unisex-Stil:<\/b> Die Halskette Coffe kennt keine Grenzen. Sie ist massiv genug, um an einer M\u00e4nnerbrust hervorzustechen, und gleichzeitig elegant genug, um ein weibliches Dekollet\u00e9 zu betonen. Es ist ein Schmuckst\u00fcck f\u00fcr selbstbewusste Pers\u00f6nlichkeiten.  <\/p>\n<\/li>\n<li>\n<p><b>Luftiges Volumen:<\/b> Obwohl die Kette massiv wirkt, ist sie dank der offenen Gliederstruktur nicht schwer. Sie ist angenehm zu tragen und \u201eatmet\u201c am Hals. <\/p>\n<\/li>\n<li>\n<p><b>Langlebigkeit, auf die Sie sich verlassen k\u00f6nnen:<\/b> Hergestellt aus massivem <b>Chirurgenstahl 316L<\/b> mit 18k Vergoldung. Sie ist 100 % wasserdicht, sodass Sie Ihren Morgenkaffee (und die Dusche) genie\u00dfen k\u00f6nnen, ohne sie abnehmen zu m\u00fcssen. <\/p>\n<\/li>\n<\/ul>\n<p><b>Wie tr\u00e4gt man es?<\/b><\/p>\n<ol>\n<li>\n<p><b>Casual Cool:<\/b> Tragen Sie ein einfaches wei\u00dfes T-Shirt, Jeans und diese Halskette. Sie heben Ihr Outfit sofort auf ein h\u00f6heres Niveau. <\/p>\n<\/li>\n<li>\n<p><b>Vintage Vibe:<\/b> Kombinieren Sie sie mit auff\u00e4lligen goldenen Ohrringen und einem gemusterten Hemd f\u00fcr einen stilvollen Look, inspiriert von den 80er-Jahren. <\/p>\n<\/li>\n<\/ol>\n","protected":false},"excerpt":{"rendered":"<p>Erleben Sie die Energie ikonischen Designs mit der Halskette <b>Coffe<\/b>. Diese markante Goldkette besteht aus ovalen Gliedern mit einem Steg, die an <strong>Kaffeebohnen<\/strong> (Coffee Bean \/ Mariner link) erinnern. Es ist ein stilvolles, volumin\u00f6ses und <strong>Unisex-Accessoire<\/strong> mit hohem Glanz. Hergestellt aus hochwertigem <b>Chirurgenstahl<\/b>, ist sie 100 % wasserdicht, hypoallergen und farbbest\u00e4ndig.   <\/p>\n","protected":false},"featured_media":5248,"comment_status":"closed","ping_status":"closed","template":"","meta":{"_monsterinsights_skip_tracking":false,"_monsterinsights_sitenote_active":false,"_monsterinsights_sitenote_note":"","_monsterinsights_sitenote_category":0,"_joinchat":[]},"product_brand":[],"product_cat":[196],"product_tag":[],"class_list":{"0":"post-5245","1":"product","2":"type-product","3":"status-publish","4":"has-post-thumbnail","6":"product_cat-halsketten","8":"first","9":"instock","10":"taxable","11":"shipping-taxable","12":"purchasable","13":"product-type-simple"},"_links":{"self":[{"href":"https:\/\/yourdailyjewellery.eu\/de\/wp-json\/wp\/v2\/product\/5245","targetHints":{"allow":["GET"]}}],"collection":[{"href":"https:\/\/yourdailyjewellery.eu\/de\/wp-json\/wp\/v2\/product"}],"about":[{"href":"https:\/\/yourdailyjewellery.eu\/de\/wp-json\/wp\/v2\/types\/product"}],"replies":[{"embeddable":true,"href":"https:\/\/yourdailyjewellery.eu\/de\/wp-json\/wp\/v2\/comments?post=5245"}],"wp:featuredmedia":[{"embeddable":true,"href":"https:\/\/yourdailyjewellery.eu\/de\/wp-json\/wp\/v2\/media\/5248"}],"wp:attachment":[{"href":"https:\/\/yourdailyjewellery.eu\/de\/wp-json\/wp\/v2\/media?parent=5245"}],"wp:term":[{"taxonomy":"product_brand","embeddable":true,"href":"https:\/\/yourdailyjewellery.eu\/de\/wp-json\/wp\/v2\/product_brand?post=5245"},{"taxonomy":"product_cat","embeddable":true,"href":"https:\/\/yourdailyjewellery.eu\/de\/wp-json\/wp\/v2\/product_cat?post=5245"},{"taxonomy":"product_tag","embeddable":true,"href":"https:\/\/yourdailyjewellery.eu\/de\/wp-json\/wp\/v2\/product_tag?post=5245"}],"curies":[{"name":"wp","href":"https:\/\/api.w.org\/{rel}","templated":true}]}}