{"id":5241,"date":"2025-12-17T02:37:32","date_gmt":"2025-12-17T01:37:32","guid":{"rendered":"https:\/\/yourdailyjewellery.eu\/shop-2\/ring-azzuro\/"},"modified":"2025-12-17T02:37:32","modified_gmt":"2025-12-17T01:37:32","slug":"ring-azzuro","status":"publish","type":"product","link":"https:\/\/yourdailyjewellery.eu\/de\/shop-2\/ring-azzuro\/","title":{"rendered":"Ring Azzuro"},"content":{"rendered":"<h4>Ring Azzuro \u2013 Die Tiefe des K\u00f6nigsblaus<\/h4>\n<p>Tauchen Sie ein in das unendliche Blau mit dem Ring <b>Azzuro<\/b>. Dieses Schmuckst\u00fcck ist wie ein St\u00fcck Nachthimmel oder des tiefen Ozeans, das Sie am Finger tragen k\u00f6nnen. Der goldene Reif ist mit einer ununterbrochenen Reihe <strong>dunkelblauer Kristalle<\/strong> verziert, die in ihrer Farbe treu an kostbare Saphire erinnern.  <\/p>\n<p><b>Warum dieser Ring Eleganz verk\u00f6rpert:<\/b><\/p>\n<ul>\n<li>\n<p><b>Saphir-Eleganz:<\/b> Die satte, dunkelblaue Farbe (Royal Blue) ist seit jeher ein Symbol f\u00fcr Weisheit, Ruhe und k\u00f6nigliche W\u00fcrde. In Kombination mit Gold entsteht ein luxuri\u00f6ser Kontrast, der nie aus der Mode kommt. <\/p>\n<\/li>\n<li>\n<p><b>Baguette-Schliff:<\/b> Die Steine sind rechteckig (Baguette-Form) geschliffen und dicht nebeneinander gefasst. Diese Art des Schliffs und der Fassung sorgt daf\u00fcr, dass der Ring eine durchgehende Linie aus Farbe und Licht bildet. <\/p>\n<\/li>\n<li>\n<p><b>Bequem und anpassungsf\u00e4hig:<\/b> Dank der <strong>offenen Konstruktion<\/strong> (auf der R\u00fcckseite) passt sich der Ring Ihrer Fingergr\u00f6\u00dfe an. Er ist auch ideal f\u00fcr Damen, die breitere Gelenke haben oder deren H\u00e4nde im Laufe des Tages leicht anschwellen. <\/p>\n<\/li>\n<li>\n<p><b>Qualit\u00e4t ohne Kompromisse:<\/b> Hergestellt aus robustem <b>Chirurgenstahl 316L<\/b> mit 18k Vergoldung. Er ist 100% wasserdicht, sodass Sie ihn bedenkenlos tragen k\u00f6nnen, auch beim Waschen, und die blaue Farbe der Steine bleibt dauerhaft intensiv. <\/p>\n<\/li>\n<\/ul>\n<p><b>Wie tr\u00e4gt man es?<\/b><\/p>\n<ol>\n<li>\n<p><b>Abendstern:<\/b> Blau ist die perfekte Farbe f\u00fcr Abendveranstaltungen. Der Ring erg\u00e4nzt wundersch\u00f6n ein Satinkleid oder einen eleganten Overall. <\/p>\n<\/li>\n<li>\n<p><b>Denim Luxe:<\/b> Er sieht \u00fcberraschend gut auch zu einfachen Jeans und einem wei\u00dfen Hemd aus. Er verleiht Ihrem Alltagsoutfit einen Hauch von Luxus. <\/p>\n<\/li>\n<\/ol>\n","protected":false},"excerpt":{"rendered":"<p>Entdecken Sie k\u00f6nigliche Eleganz mit dem Ring <b>Azzuro<\/b>. Dieser markante Goldring ist mit einer Reihe <strong>tiefblauer, rechteckiger Zirkone<\/strong> verziert, die an Saphire erinnern. Dank des <strong>offenen, verstellbaren Reifs<\/strong> bietet er maximalen Komfort und passt sich jedem Finger an. Hergestellt aus hochwertigem <b>Chirurgenstahl<\/b>, ist er 100% wasserdicht, hypoallergen und farbecht.   <\/p>\n","protected":false},"featured_media":5244,"comment_status":"closed","ping_status":"closed","template":"","meta":{"_monsterinsights_skip_tracking":false,"_monsterinsights_sitenote_active":false,"_monsterinsights_sitenote_note":"","_monsterinsights_sitenote_category":0,"_joinchat":[]},"product_brand":[],"product_cat":[195,191],"product_tag":[],"class_list":{"0":"post-5241","1":"product","2":"type-product","3":"status-publish","4":"has-post-thumbnail","6":"product_cat-damen-edelstahlringe","7":"product_cat-ringe","9":"first","10":"instock","11":"taxable","12":"shipping-taxable","13":"purchasable","14":"product-type-simple"},"_links":{"self":[{"href":"https:\/\/yourdailyjewellery.eu\/de\/wp-json\/wp\/v2\/product\/5241","targetHints":{"allow":["GET"]}}],"collection":[{"href":"https:\/\/yourdailyjewellery.eu\/de\/wp-json\/wp\/v2\/product"}],"about":[{"href":"https:\/\/yourdailyjewellery.eu\/de\/wp-json\/wp\/v2\/types\/product"}],"replies":[{"embeddable":true,"href":"https:\/\/yourdailyjewellery.eu\/de\/wp-json\/wp\/v2\/comments?post=5241"}],"wp:featuredmedia":[{"embeddable":true,"href":"https:\/\/yourdailyjewellery.eu\/de\/wp-json\/wp\/v2\/media\/5244"}],"wp:attachment":[{"href":"https:\/\/yourdailyjewellery.eu\/de\/wp-json\/wp\/v2\/media?parent=5241"}],"wp:term":[{"taxonomy":"product_brand","embeddable":true,"href":"https:\/\/yourdailyjewellery.eu\/de\/wp-json\/wp\/v2\/product_brand?post=5241"},{"taxonomy":"product_cat","embeddable":true,"href":"https:\/\/yourdailyjewellery.eu\/de\/wp-json\/wp\/v2\/product_cat?post=5241"},{"taxonomy":"product_tag","embeddable":true,"href":"https:\/\/yourdailyjewellery.eu\/de\/wp-json\/wp\/v2\/product_tag?post=5241"}],"curies":[{"name":"wp","href":"https:\/\/api.w.org\/{rel}","templated":true}]}}