{"id":5237,"date":"2025-12-17T02:37:35","date_gmt":"2025-12-17T01:37:35","guid":{"rendered":"https:\/\/yourdailyjewellery.eu\/shop-2\/halskette-crystal\/"},"modified":"2025-12-17T02:37:35","modified_gmt":"2025-12-17T01:37:35","slug":"halskette-crystal","status":"publish","type":"product","link":"https:\/\/yourdailyjewellery.eu\/de\/shop-2\/halskette-crystal\/","title":{"rendered":"Halskette Crystal"},"content":{"rendered":"<h4>Halskette Crystal \u2013 Die Sonne, die niemals untergeht<\/h4>\n<p>Tragen Sie den Sommer das ganze Jahr \u00fcber bei sich mit der Halskette <b>Crystal<\/b>. Dieses wundersch\u00f6ne Schmuckst\u00fcck wird von einem Anh\u00e4nger in Form einer <strong>aufgebl\u00fchten Sonnenblume<\/strong> dominiert, die ein Symbol f\u00fcr Freude, Treue und Lebensenergie ist. Es ist ein St\u00fcck, das sofort Ihr Dekollet\u00e9 und Ihre Stimmung aufhellt.  <\/p>\n<p><b>Was diese Blumenhalskette so besonders macht:<\/b><\/p>\n<ul>\n<li>\n<p><b>Lichtdurchflutetes Design:<\/b> Die Mitte der Blume bildet eine detailliert texturierte goldene Fassung, um die herum die Bl\u00fctenbl\u00e4tter strahlenf\u00f6rmig angeordnet sind. Diese bestehen aus <strong>klaren Zirkonia im Marquise-Schliff<\/strong> (spitzes Oval), die echten Bl\u00e4ttern \u00e4hneln und das Licht wundersch\u00f6n brechen. <\/p>\n<\/li>\n<li>\n<p><b>Funkelnde Kette:<\/b> Der Anh\u00e4nger h\u00e4ngt an einer fein <strong>gedrehten Kette<\/strong> (Singapur-Kette). Dieser Kettentyp ist f\u00fcr seinen hohen Glanz bekannt \u2013 bei jeder Bewegung funkelt sie genauso intensiv wie der Anh\u00e4nger selbst. <\/p>\n<\/li>\n<li>\n<p><b>Symbol des Gl\u00fccks:<\/b> Die Sonnenblume dreht sich der Sonne zu und symbolisiert Optimismus. Diese Halskette ist das perfekte Geschenk f\u00fcr eine Frau, die der \u201eSonnenschein\u201c in Ihrem Leben ist. <\/p>\n<\/li>\n<li>\n<p><b>Hochwertige Verarbeitung:<\/b> Hergestellt aus robustem <b>Chirurgenstahl 316L<\/b> mit 18k Vergoldung. Sie ist 100% wasserdicht, sodass Sie damit baden k\u00f6nnen und ihre Sch\u00f6nheit nicht verblasst. <\/p>\n<\/li>\n<\/ul>\n<p><b>Wie tr\u00e4gt man es?<\/b><\/p>\n<ol>\n<li>\n<p><b>Summer Breeze:<\/b> Es ist das perfekte Accessoire zu Sommerkleidern, Leinenhemden oder Badeanz\u00fcgen. Es unterstreicht Ihre Weiblichkeit und romantische Seele. <\/p>\n<\/li>\n<li>\n<p><b>Winterlicher Lichtblick:<\/b> Tragen Sie es an kalten Tagen \u00fcber einem dunklen Rollkragenpullover. Die goldene und klare Farbe kommen wundersch\u00f6n zur Geltung und verleihen Ihnen die n\u00f6tige Portion Glanz. <\/p>\n<\/li>\n<\/ol>\n","protected":false},"excerpt":{"rendered":"<p>Erhellen Sie Ihren Tag mit der Halskette <b>Crystal<\/b>. Dieses romantische Goldschmuckst\u00fcck ziert ein Anh\u00e4nger in Form einer <strong>Sonnenblume<\/strong>. Die Bl\u00fctenbl\u00e4tter bestehen aus funkelnden <strong>klaren Zirkonia<\/strong> im Marquise-Schliff, die eine texturierte goldene Mitte umgeben. Aufgeh\u00e4ngt an einer gl\u00e4nzenden, gedrehten Kette. Hergestellt aus hochwertigem <b>Chirurgenstahl<\/b>, ist sie 100% wasserdicht, hypoallergen und farbbest\u00e4ndig.    <\/p>\n","protected":false},"featured_media":5239,"comment_status":"closed","ping_status":"closed","template":"","meta":{"_monsterinsights_skip_tracking":false,"_monsterinsights_sitenote_active":false,"_monsterinsights_sitenote_note":"","_monsterinsights_sitenote_category":0,"_joinchat":[]},"product_brand":[],"product_cat":[196],"product_tag":[],"class_list":{"0":"post-5237","1":"product","2":"type-product","3":"status-publish","4":"has-post-thumbnail","6":"product_cat-halsketten","8":"first","9":"instock","10":"taxable","11":"shipping-taxable","12":"purchasable","13":"product-type-simple"},"_links":{"self":[{"href":"https:\/\/yourdailyjewellery.eu\/de\/wp-json\/wp\/v2\/product\/5237","targetHints":{"allow":["GET"]}}],"collection":[{"href":"https:\/\/yourdailyjewellery.eu\/de\/wp-json\/wp\/v2\/product"}],"about":[{"href":"https:\/\/yourdailyjewellery.eu\/de\/wp-json\/wp\/v2\/types\/product"}],"replies":[{"embeddable":true,"href":"https:\/\/yourdailyjewellery.eu\/de\/wp-json\/wp\/v2\/comments?post=5237"}],"wp:featuredmedia":[{"embeddable":true,"href":"https:\/\/yourdailyjewellery.eu\/de\/wp-json\/wp\/v2\/media\/5239"}],"wp:attachment":[{"href":"https:\/\/yourdailyjewellery.eu\/de\/wp-json\/wp\/v2\/media?parent=5237"}],"wp:term":[{"taxonomy":"product_brand","embeddable":true,"href":"https:\/\/yourdailyjewellery.eu\/de\/wp-json\/wp\/v2\/product_brand?post=5237"},{"taxonomy":"product_cat","embeddable":true,"href":"https:\/\/yourdailyjewellery.eu\/de\/wp-json\/wp\/v2\/product_cat?post=5237"},{"taxonomy":"product_tag","embeddable":true,"href":"https:\/\/yourdailyjewellery.eu\/de\/wp-json\/wp\/v2\/product_tag?post=5237"}],"curies":[{"name":"wp","href":"https:\/\/api.w.org\/{rel}","templated":true}]}}