{"id":5233,"date":"2025-12-17T02:37:32","date_gmt":"2025-12-17T01:37:32","guid":{"rendered":"https:\/\/yourdailyjewellery.eu\/shop-2\/ring-dreams\/"},"modified":"2025-12-17T02:37:32","modified_gmt":"2025-12-17T01:37:32","slug":"ring-dreams","status":"publish","type":"product","link":"https:\/\/yourdailyjewellery.eu\/de\/shop-2\/ring-dreams\/","title":{"rendered":"Ring Dreams"},"content":{"rendered":"<h4>Ring Dreams \u2013 Tr\u00e4umen Sie mit offenen Augen<\/h4>\n<p>Schlie\u00dfen Sie die Augen und stellen Sie sich die reinste Meereslagune oder einen wolkenlosen Sommerhimmel vor. <b>Ring Dreams<\/b> bringt dieses Gef\u00fchl der Ruhe direkt an Ihre Hand. Der goldene Reif ist mit einer Linie <strong>hellblauer Kristalle<\/strong> (im Farbton Aquamarin) verziert, die unglaublich frisch, zart und \u00e4therisch wirken. <\/p>\n<p><b>Warum dieser Ring Z\u00e4rtlichkeit verk\u00f6rpert:<\/b><\/p>\n<ul>\n<li>\n<p><b>Aquamarin-Frische:<\/b> Die hellblaue Farbe der Steine ist beruhigend und optimistisch. Am Finger wirkt sie wie ein Hauch frischer Luft und l\u00e4sst die Haut wundersch\u00f6n strahlen, besonders in den Sommermonaten. <\/p>\n<\/li>\n<li>\n<p><b>Moderner Baguette-Schliff:<\/b> Die Steine sind rechteckig geschliffen und pr\u00e4zise nebeneinander gefasst. Dieser geometrische Stil verleiht der zarten Farbe einen modernen und raffinierten Charakter. <\/p>\n<\/li>\n<li>\n<p><b>Flexibilit\u00e4t und Komfort:<\/b> Dank der <strong>offenen Konstruktion<\/strong> (auf der R\u00fcckseite) passt sich der Ring Ihrer Fingergr\u00f6\u00dfe an. Er ist die ideale Wahl, wenn Sie ein Geschenk suchen und sich bei der genauen Gr\u00f6\u00dfe unsicher sind. <\/p>\n<\/li>\n<li>\n<p><b>Wasserdichtigkeit:<\/b> Hergestellt aus hochwertigem <b>Chirurgenstahl 316L<\/b> mit 18k Vergoldung. Er ist 100% wasserdicht, sodass Sie mit diesem St\u00fcck &#8222;Meer&#8220; tats\u00e4chlich auch baden k\u00f6nnen, ohne sich um seine Sch\u00f6nheit sorgen zu m\u00fcssen. <\/p>\n<\/li>\n<\/ul>\n<p><b>Wie tr\u00e4gt man es?<\/b><\/p>\n<ol>\n<li>\n<p><b>Summer Vibes:<\/b> Er ist ein absolutes &#8222;Must-have&#8220; f\u00fcr den Sommer. Er passt perfekt zu wei\u00dfen Leinenkleidern, Badeanz\u00fcgen oder Pastell-Outfits. <\/p>\n<\/li>\n<li>\n<p><b>Pastell-Layering:<\/b> Kombinieren Sie ihn mit anderen zarten Ringen. Er sieht zum Beispiel wundersch\u00f6n neben einem Ring mit klaren Zirkonia aus, wodurch Sie einen &#8222;eisigen&#8220; Effekt erzielen. <\/p>\n<\/li>\n<\/ol>\n","protected":false},"excerpt":{"rendered":"<p>Tauchen Sie ein in Tr\u00e4ume mit dem Ring <b>Dreams<\/b>. Dieser zarte Goldring ist mit einer Reihe <strong>hellblauer, rechteckiger Zirkonia<\/strong> im Aquamarin-Farbton verziert, die an klares Wasser und den Himmel erinnern. Dank des <strong>offenen, verstellbaren Reifs<\/strong> ist er maximal bequem und anpassungsf\u00e4hig. Hergestellt aus hochwertigem <b>Chirurgenstahl<\/b>, ist er 100% wasserdicht, hypoallergen und farbbest\u00e4ndig.   <\/p>\n","protected":false},"featured_media":5234,"comment_status":"closed","ping_status":"closed","template":"","meta":{"_monsterinsights_skip_tracking":false,"_monsterinsights_sitenote_active":false,"_monsterinsights_sitenote_note":"","_monsterinsights_sitenote_category":0,"_joinchat":[]},"product_brand":[],"product_cat":[195,191],"product_tag":[],"class_list":{"0":"post-5233","1":"product","2":"type-product","3":"status-publish","4":"has-post-thumbnail","6":"product_cat-damen-edelstahlringe","7":"product_cat-ringe","9":"first","10":"instock","11":"taxable","12":"shipping-taxable","13":"purchasable","14":"product-type-simple"},"_links":{"self":[{"href":"https:\/\/yourdailyjewellery.eu\/de\/wp-json\/wp\/v2\/product\/5233","targetHints":{"allow":["GET"]}}],"collection":[{"href":"https:\/\/yourdailyjewellery.eu\/de\/wp-json\/wp\/v2\/product"}],"about":[{"href":"https:\/\/yourdailyjewellery.eu\/de\/wp-json\/wp\/v2\/types\/product"}],"replies":[{"embeddable":true,"href":"https:\/\/yourdailyjewellery.eu\/de\/wp-json\/wp\/v2\/comments?post=5233"}],"wp:featuredmedia":[{"embeddable":true,"href":"https:\/\/yourdailyjewellery.eu\/de\/wp-json\/wp\/v2\/media\/5234"}],"wp:attachment":[{"href":"https:\/\/yourdailyjewellery.eu\/de\/wp-json\/wp\/v2\/media?parent=5233"}],"wp:term":[{"taxonomy":"product_brand","embeddable":true,"href":"https:\/\/yourdailyjewellery.eu\/de\/wp-json\/wp\/v2\/product_brand?post=5233"},{"taxonomy":"product_cat","embeddable":true,"href":"https:\/\/yourdailyjewellery.eu\/de\/wp-json\/wp\/v2\/product_cat?post=5233"},{"taxonomy":"product_tag","embeddable":true,"href":"https:\/\/yourdailyjewellery.eu\/de\/wp-json\/wp\/v2\/product_tag?post=5233"}],"curies":[{"name":"wp","href":"https:\/\/api.w.org\/{rel}","templated":true}]}}