{"id":5225,"date":"2025-12-17T02:37:32","date_gmt":"2025-12-17T01:37:32","guid":{"rendered":"https:\/\/yourdailyjewellery.eu\/shop-2\/panzerring\/"},"modified":"2025-12-17T02:37:32","modified_gmt":"2025-12-17T01:37:32","slug":"panzerring","status":"publish","type":"product","link":"https:\/\/yourdailyjewellery.eu\/de\/shop-2\/panzerring\/","title":{"rendered":"Panzerring"},"content":{"rendered":"<h4>Panzerring \u2013 Ikonisches Design, das zeitlos ist<\/h4>\n<p>Stark, k\u00fchn und stilvoll. <b>Der Panzerring<\/b> bringt das legend\u00e4re Design der <strong>\u201eCuban Link\u201c<\/strong>-Kette an Ihre Hand. Dieser massive Goldring besteht aus einer Reihe pr\u00e4zise verbundener, flacher Glieder, die zusammen den Effekt einer endlosen Kette erzeugen. Ein Schmuckst\u00fcck, das Haltung zeigt.  <\/p>\n<p><b>Warum dieser Ring ein \u201eMust-have\u201c-St\u00fcck ist:<\/b><\/p>\n<ul>\n<li>\n<p><b>Streetwear-Legende:<\/b> Das Muster der Panzerkette ist ein Eckpfeiler des urbanen Stils. Er wirkt luxuri\u00f6s, etwas rau, aber gleichzeitig sehr elegant. Ein St\u00fcck, das jeder bemerkt.  <\/p>\n<\/li>\n<li>\n<p><b>Lichtspiel:<\/b> Dank der abgerundeten und polierten Fl\u00e4chen der einzelnen Glieder reflektiert der Ring das Licht aus jedem Winkel wundersch\u00f6n. An der Hand wirkt er massiv und wertvoll. <\/p>\n<\/li>\n<li>\n<p><b>Robuste Konstruktion:<\/b> Obwohl der Ring wie eine bewegliche Kette aussieht, handelt es sich um einen festen Ring, der seine Form beh\u00e4lt. Das garantiert einen angenehmen Tragekomfort \u2013 der Ring verdreht sich nicht und \u201ef\u00e4llt\u201c am Finger nicht \u201eauseinander\u201c. <\/p>\n<\/li>\n<li>\n<p><b>Unzerst\u00f6rbarer Stahl:<\/b> Hergestellt aus hochwertigem <b>Chirurgenstahl 316L<\/b> mit 18k Vergoldung. Er ist 100 % wasserdicht, l\u00e4uft nicht an und h\u00e4lt auch anspruchsvollen Bedingungen stand. Sie k\u00f6nnen ihn nonstop tragen.  <\/p>\n<\/li>\n<\/ul>\n<p><b>Wie tr\u00e4gt man es?<\/b><\/p>\n<ol>\n<li>\n<p><b>Unisex-Power:<\/b> Dieses Design kennt keine Grenzen. Er sieht sowohl an einer Frauenhand (kombiniert mit zarten Ringen f\u00fcr Kontrast) als auch an einer M\u00e4nnerhand als stilvolles Accessoire gro\u00dfartig aus. <\/p>\n<\/li>\n<li>\n<p><b>Stacking-Master:<\/b> Versuchen Sie, ihn zu layern. Tragen Sie ihn am Mittelfinger und f\u00fcgen Sie einen einfachen, d\u00fcnnen Ring am Zeigefinger hinzu. So kreieren Sie einen modernen, geschichteten Look.  <\/p>\n<\/li>\n<\/ol>\n","protected":false},"excerpt":{"rendered":"<p>Zeigen Sie Ihren Stil mit dem <b>Panzerring<\/b>. Dieser massive Goldring im ikonischen Design der <strong>\u201eCuban Link\u201c-Kette<\/strong> ist ein Symbol f\u00fcr St\u00e4rke und modernen Luxus. Die einzelnen Glieder sind pr\u00e4zise geformt und hochglanzpoliert. Hergestellt aus hochwertigem <b>Chirurgenstahl<\/b>, ist er 100 % wasserdicht, hypoallergen und farbbest\u00e4ndig. Ein Unisex-St\u00fcck, das beeindruckt.    <\/p>\n","protected":false},"featured_media":5226,"comment_status":"closed","ping_status":"closed","template":"","meta":{"_monsterinsights_skip_tracking":false,"_monsterinsights_sitenote_active":false,"_monsterinsights_sitenote_note":"","_monsterinsights_sitenote_category":0,"_joinchat":[]},"product_brand":[],"product_cat":[195,191],"product_tag":[],"class_list":{"0":"post-5225","1":"product","2":"type-product","3":"status-publish","4":"has-post-thumbnail","6":"product_cat-damen-edelstahlringe","7":"product_cat-ringe","9":"first","10":"instock","11":"taxable","12":"shipping-taxable","13":"purchasable","14":"product-type-simple"},"_links":{"self":[{"href":"https:\/\/yourdailyjewellery.eu\/de\/wp-json\/wp\/v2\/product\/5225","targetHints":{"allow":["GET"]}}],"collection":[{"href":"https:\/\/yourdailyjewellery.eu\/de\/wp-json\/wp\/v2\/product"}],"about":[{"href":"https:\/\/yourdailyjewellery.eu\/de\/wp-json\/wp\/v2\/types\/product"}],"replies":[{"embeddable":true,"href":"https:\/\/yourdailyjewellery.eu\/de\/wp-json\/wp\/v2\/comments?post=5225"}],"wp:featuredmedia":[{"embeddable":true,"href":"https:\/\/yourdailyjewellery.eu\/de\/wp-json\/wp\/v2\/media\/5226"}],"wp:attachment":[{"href":"https:\/\/yourdailyjewellery.eu\/de\/wp-json\/wp\/v2\/media?parent=5225"}],"wp:term":[{"taxonomy":"product_brand","embeddable":true,"href":"https:\/\/yourdailyjewellery.eu\/de\/wp-json\/wp\/v2\/product_brand?post=5225"},{"taxonomy":"product_cat","embeddable":true,"href":"https:\/\/yourdailyjewellery.eu\/de\/wp-json\/wp\/v2\/product_cat?post=5225"},{"taxonomy":"product_tag","embeddable":true,"href":"https:\/\/yourdailyjewellery.eu\/de\/wp-json\/wp\/v2\/product_tag?post=5225"}],"curies":[{"name":"wp","href":"https:\/\/api.w.org\/{rel}","templated":true}]}}