{"id":5215,"date":"2025-12-17T02:37:31","date_gmt":"2025-12-17T01:37:31","guid":{"rendered":"https:\/\/yourdailyjewellery.eu\/shop-2\/collours-ring\/"},"modified":"2025-12-17T02:37:31","modified_gmt":"2025-12-17T01:37:31","slug":"collours-ring","status":"publish","type":"product","link":"https:\/\/yourdailyjewellery.eu\/de\/shop-2\/collours-ring\/","title":{"rendered":"Collours Ring"},"content":{"rendered":"<h4>Collours Ring \u2013 Eine Regenbogen-Explosion an Ihrer Hand<\/h4>\n<p>Warum nur eine Farbe w\u00e4hlen, wenn Sie alle haben k\u00f6nnen? Der <b>Collours Ring<\/b> ist eine Feier des Lebens, der Freude und der Vielfalt. Dieser auff\u00e4llige Goldring ist mit einer Reihe <strong>rechteckiger Steine<\/strong> in einer wundersch\u00f6nen Farbpalette besetzt \u2013 von leidenschaftlichem Rot \u00fcber k\u00f6nigliches Violett und Smaragdgr\u00fcn bis hin zu sonnigem Gelb. Es ist ein Schmuckst\u00fcck, das Ihnen bei jedem Blick auf Ihre Hand ein L\u00e4cheln ins Gesicht zaubert.  <\/p>\n<p><b>Warum dieser \u201eRainbow\u201c-Ring ein Hit ist:<\/b><\/p>\n<ul>\n<li>\n<p><b>Geometrische Eleganz:<\/b> Die Steine haben eine moderne rechteckige Form (erinnert an einen Emerald-Schliff) und sind in einzelne goldene Segmente eingefasst. Dieses \u201eBlock\u201c-Design wirkt sehr modern, klar und geordnet, trotz der Farbenpracht. <\/p>\n<\/li>\n<li>\n<p><b>\u201eDopamine Dressing\u201c-Effekt:<\/b> Farben haben die Kraft, unsere Stimmung zu beeinflussen. Dieser farbenfrohe Mix wirkt energiegeladen und positiv. Er ist das ideale Mittel gegen graue Tage.  <\/p>\n<\/li>\n<li>\n<p><b>Universelle Kombinierbarkeit:<\/b> Da er fast das gesamte Farbspektrum enth\u00e4lt, passt er praktisch zu jedem Outfit. Sie finden immer einen Farbton, der zu Ihrem Outfit passt. <\/p>\n<\/li>\n<li>\n<p><b>Individueller Tragekomfort:<\/b> Der Ring hat eine <strong>offene Konstruktion<\/strong> an der Unterseite, sodass Sie seine Gr\u00f6\u00dfe leicht anpassen k\u00f6nnen. Hergestellt aus <b>Chirurgenstahl 316L<\/b> mit 18k Vergoldung, ist er 100% wasserdicht und die Steine behalten ihren Glanz. <\/p>\n<\/li>\n<\/ul>\n<p><b>Wie tr\u00e4gt man es?<\/b><\/p>\n<ol>\n<li>\n<p><b>Color Pop:<\/b> Lassen Sie ihn bei einem komplett schwarzen oder wei\u00dfen Outfit strahlen. Er wird sofort zum Mittelpunkt der Aufmerksamkeit. <\/p>\n<\/li>\n<li>\n<p><b>Spielerisches Layering:<\/b> Kombinieren Sie ihn mit einfachen Goldringen. Scheuen Sie sich auch nicht vor der Kombination mit einer farbigen Manik\u00fcre \u2013 bei diesem Ring gilt: \u201emehr ist mehr\u201c. <\/p>\n<\/li>\n<\/ol>\n","protected":false},"excerpt":{"rendered":"<p>Erhellen Sie Ihren Tag mit dem <b>Collours Ring<\/b>. Diesen fr\u00f6hlichen Goldring zieren eine Reihe <strong>bunter rechteckiger Zirkone<\/strong>, die einen wundersch\u00f6nen Regenbogeneffekt erzeugen. Das moderne geometrische Design in Kombination mit der <strong>offenen, verstellbaren Ringschiene<\/strong> garantiert sowohl Stil als auch Komfort. Hergestellt aus hochwertigem <b>Chirurgenstahl<\/b>, ist er 100% wasserdicht, hypoallergen und farbbest\u00e4ndig.   <\/p>\n","protected":false},"featured_media":5216,"comment_status":"closed","ping_status":"closed","template":"","meta":{"_monsterinsights_skip_tracking":false,"_monsterinsights_sitenote_active":false,"_monsterinsights_sitenote_note":"","_monsterinsights_sitenote_category":0,"_joinchat":[]},"product_brand":[],"product_cat":[195,191],"product_tag":[],"class_list":{"0":"post-5215","1":"product","2":"type-product","3":"status-publish","4":"has-post-thumbnail","6":"product_cat-damen-edelstahlringe","7":"product_cat-ringe","9":"first","10":"instock","11":"taxable","12":"shipping-taxable","13":"purchasable","14":"product-type-simple"},"_links":{"self":[{"href":"https:\/\/yourdailyjewellery.eu\/de\/wp-json\/wp\/v2\/product\/5215","targetHints":{"allow":["GET"]}}],"collection":[{"href":"https:\/\/yourdailyjewellery.eu\/de\/wp-json\/wp\/v2\/product"}],"about":[{"href":"https:\/\/yourdailyjewellery.eu\/de\/wp-json\/wp\/v2\/types\/product"}],"replies":[{"embeddable":true,"href":"https:\/\/yourdailyjewellery.eu\/de\/wp-json\/wp\/v2\/comments?post=5215"}],"wp:featuredmedia":[{"embeddable":true,"href":"https:\/\/yourdailyjewellery.eu\/de\/wp-json\/wp\/v2\/media\/5216"}],"wp:attachment":[{"href":"https:\/\/yourdailyjewellery.eu\/de\/wp-json\/wp\/v2\/media?parent=5215"}],"wp:term":[{"taxonomy":"product_brand","embeddable":true,"href":"https:\/\/yourdailyjewellery.eu\/de\/wp-json\/wp\/v2\/product_brand?post=5215"},{"taxonomy":"product_cat","embeddable":true,"href":"https:\/\/yourdailyjewellery.eu\/de\/wp-json\/wp\/v2\/product_cat?post=5215"},{"taxonomy":"product_tag","embeddable":true,"href":"https:\/\/yourdailyjewellery.eu\/de\/wp-json\/wp\/v2\/product_tag?post=5215"}],"curies":[{"name":"wp","href":"https:\/\/api.w.org\/{rel}","templated":true}]}}