{"id":5205,"date":"2025-12-17T02:37:27","date_gmt":"2025-12-17T01:37:27","guid":{"rendered":"https:\/\/yourdailyjewellery.eu\/shop-2\/pearl-heart-ring\/"},"modified":"2025-12-17T02:37:27","modified_gmt":"2025-12-17T01:37:27","slug":"pearl-heart-ring","status":"publish","type":"product","link":"https:\/\/yourdailyjewellery.eu\/de\/shop-2\/pearl-heart-ring\/","title":{"rendered":"Pearl Heart Ring"},"content":{"rendered":"<h4>Pearl Heart Ring \u2013 Endlose Kette kleiner Lieben<\/h4>\n<p>Liebe besteht aus tausenden kleinen Momenten. Der <b>Pearl Heart Ring<\/b> ist ein Schmuckst\u00fcck, das diese Idee perfekt verk\u00f6rpert. Er besteht aus einer durchgehenden Reihe von <strong>winzigen, regelm\u00e4\u00dfigen Herzen<\/strong>, die miteinander verbunden sind und so einen zarten, romantischen Ring bilden. Jedes Herz ist mit einem Material mit <strong>wei\u00dfem Perlmutt-Effekt<\/strong> gef\u00fcllt.  <\/p>\n<p><b>Warum dieser Ring Romantik verk\u00f6rpert:<\/b><\/p>\n<ul>\n<li>\n<p><b>Heart-to-Heart Design:<\/b> Die Herzen sind hintereinander (Kopf an Spitze) angeordnet, was ein wundersch\u00f6nes symmetrisches Muster erzeugt. Die wei\u00dfe F\u00fcllung in Kombination mit der gl\u00e4nzenden goldenen Umrandung wirkt sehr rein und unschuldig. <\/p>\n<\/li>\n<li>\n<p><b>Zartheit und Detail:<\/b> Im Gegensatz zu massiven Ringen ist dieses Modell zart und f\u00fchlt sich am Finger sehr leicht an. Es ist der ideale \u201eerste Ring\u201c f\u00fcr ein junges M\u00e4dchen oder eine romantische Seele. <\/p>\n<\/li>\n<li>\n<p><b>Anpassbare Gr\u00f6\u00dfe:<\/b> Dank des <strong>offenen Profils<\/strong> an der Unterseite passt sich der Ring leicht Ihrer Fingergr\u00f6\u00dfe an. Sie m\u00fcssen sich keine Sorgen machen, dass er zu klein oder zu gro\u00df sein k\u00f6nnte. <\/p>\n<\/li>\n<li>\n<p><b>Qualit\u00e4t f\u00fcr jeden Tag:<\/b> Hergestellt aus robustem <b>Chirurgenstahl 316L<\/b> mit 18k Vergoldung. Er ist 100% wasserdicht, die wei\u00dfe F\u00fcllung vergilbt nicht und Sie k\u00f6nnen den Ring bedenkenlos auch im Sommer am Wasser tragen. <\/p>\n<\/li>\n<\/ul>\n<p><b>Wie tr\u00e4gt man es?<\/b><\/p>\n<ol>\n<li>\n<p><b>Sweet &amp; Simple:<\/b> Er ist die perfekte Erg\u00e4nzung zu Sommerkleidern, Blumenmustern oder Pastellfarben. Er verleiht Ihrem Outfit den richtigen \u201eCute\u201c-Faktor. <\/p>\n<\/li>\n<li>\n<p><b>Romantisches Set:<\/b> Kombinieren Sie ihn mit anderen zarten Ringen (zum Beispiel mit den Modellen <i>Love<\/i> oder <i>Klasik<\/i>). Das Schichten mehrerer zarter Ringe ist immer noch sehr im Trend. <\/p>\n<\/li>\n<\/ol>\n","protected":false},"excerpt":{"rendered":"<p>Schm\u00fccken Sie sich mit Zartheit mit dem <b>Pearl Heart<\/b> Ring. Dieser romantische Goldring besteht aus einer Reihe verbundener <strong>kleiner Herzen mit wei\u00dfer F\u00fcllung<\/strong>. Er wirkt sehr zart und feminin. Dank des <strong>offenen Designs<\/strong> ist er gr\u00f6\u00dfenverstellbar und sitzt bequem. Hergestellt aus hochwertigem <b>Chirurgenstahl<\/b>, ist er 100% wasserdicht, hypoallergen und farbecht.    <\/p>\n","protected":false},"featured_media":5206,"comment_status":"closed","ping_status":"closed","template":"","meta":{"_monsterinsights_skip_tracking":false,"_monsterinsights_sitenote_active":false,"_monsterinsights_sitenote_note":"","_monsterinsights_sitenote_category":0,"_joinchat":[]},"product_brand":[],"product_cat":[195,191],"product_tag":[],"class_list":{"0":"post-5205","1":"product","2":"type-product","3":"status-publish","4":"has-post-thumbnail","6":"product_cat-damen-edelstahlringe","7":"product_cat-ringe","9":"first","10":"instock","11":"taxable","12":"shipping-taxable","13":"purchasable","14":"product-type-simple"},"_links":{"self":[{"href":"https:\/\/yourdailyjewellery.eu\/de\/wp-json\/wp\/v2\/product\/5205","targetHints":{"allow":["GET"]}}],"collection":[{"href":"https:\/\/yourdailyjewellery.eu\/de\/wp-json\/wp\/v2\/product"}],"about":[{"href":"https:\/\/yourdailyjewellery.eu\/de\/wp-json\/wp\/v2\/types\/product"}],"replies":[{"embeddable":true,"href":"https:\/\/yourdailyjewellery.eu\/de\/wp-json\/wp\/v2\/comments?post=5205"}],"wp:featuredmedia":[{"embeddable":true,"href":"https:\/\/yourdailyjewellery.eu\/de\/wp-json\/wp\/v2\/media\/5206"}],"wp:attachment":[{"href":"https:\/\/yourdailyjewellery.eu\/de\/wp-json\/wp\/v2\/media?parent=5205"}],"wp:term":[{"taxonomy":"product_brand","embeddable":true,"href":"https:\/\/yourdailyjewellery.eu\/de\/wp-json\/wp\/v2\/product_brand?post=5205"},{"taxonomy":"product_cat","embeddable":true,"href":"https:\/\/yourdailyjewellery.eu\/de\/wp-json\/wp\/v2\/product_cat?post=5205"},{"taxonomy":"product_tag","embeddable":true,"href":"https:\/\/yourdailyjewellery.eu\/de\/wp-json\/wp\/v2\/product_tag?post=5205"}],"curies":[{"name":"wp","href":"https:\/\/api.w.org\/{rel}","templated":true}]}}