{"id":5186,"date":"2025-12-17T02:37:25","date_gmt":"2025-12-17T01:37:25","guid":{"rendered":"https:\/\/yourdailyjewellery.eu\/shop-2\/nuka-ring\/"},"modified":"2025-12-17T02:37:25","modified_gmt":"2025-12-17T01:37:25","slug":"nuka-ring","status":"publish","type":"product","link":"https:\/\/yourdailyjewellery.eu\/de\/shop-2\/nuka-ring\/","title":{"rendered":"Nuka Ring"},"content":{"rendered":"<h4>Nuka Ring \u2013 Die Sch\u00f6nheit klarer Linien und offenen Raums<\/h4>\n<p>Weniger ist manchmal mehr, und im Fall des Rings <b>Nuka<\/b> trifft dies doppelt zu. Dieses moderne Schmuckst\u00fcck besticht durch sein k\u00fchnes und doch schlichtes Design. Es wird dominiert von einem <strong>gro\u00dfen organischen Kreis<\/strong> (Schleife), der nicht geschlossen ist, sondern wie eine freie, flie\u00dfende, mit einem einzigen Zug gezeichnete Linie wirkt.  <\/p>\n<p><b>Warum dieser Ring eine Ikone des modernen Stils ist:<\/b><\/p>\n<ul>\n<li>\n<p><b>\u201eNegative Space\u201c-Design:<\/b> Der Ring spielt mit dem leeren Raum. Durch die gro\u00dfe \u00d6se schimmert die Haut, wodurch das Schmuckst\u00fcck am Finger nicht schwerf\u00e4llig, sondern im Gegenteil \u2013 sehr leicht und luftig wirkt. Es ist ein kleines architektonisches Meisterwerk.  <\/p>\n<\/li>\n<li>\n<p><b>Organische Form:<\/b> Der Kreis ist nicht geometrisch perfekt, er hat eine leicht unregelm\u00e4\u00dfige, organische Form. Gerade diese \u201eUnvollkommenheit\u201c verleiht ihm eine menschliche Dimension und einen k\u00fcnstlerischen Charakter. <\/p>\n<\/li>\n<li>\n<p><b>Maximale Anpassung:<\/b> Dank der <strong>offenen Konstruktion<\/strong> des Rings k\u00f6nnen Sie die Gr\u00f6\u00dfe leicht anpassen. So k\u00f6nnen Sie ihn je nach Stimmung an verschiedenen Fingern tragen. <\/p>\n<\/li>\n<li>\n<p><b>Qualit\u00e4t f\u00fcr jeden Tag:<\/b> Hergestellt aus robustem <b>Chirurgenstahl 316L<\/b> mit 18k Vergoldung. Er ist 100 % wasserdicht, sodass Sie damit duschen, Sport treiben und schwimmen k\u00f6nnen, ohne sich Sorgen um seine Sch\u00f6nheit machen zu m\u00fcssen. <\/p>\n<\/li>\n<\/ul>\n<p><b>Wie tr\u00e4gt man es?<\/b><\/p>\n<ol>\n<li>\n<p><b>Moderne Eleganz:<\/b> Er ist der ideale \u201eStatement\u201c-Ring f\u00fcr den Zeigefinger. Er erg\u00e4nzt perfekt ein minimalistisches Outfit, zum Beispiel einen schwarzen Rollkragenpullover oder ein Oversized-Sakko. <\/p>\n<\/li>\n<li>\n<p><b>Art Gallery Look:<\/b> Kombinieren Sie ihn mit anderen geometrischen Schmuckst\u00fccken. Seine klaren Linien bei\u00dfen sich nicht mit anderen Formen, im Gegenteil, sie bilden ein harmonisches Ganzes. <\/p>\n<\/li>\n<\/ol>\n","protected":false},"excerpt":{"rendered":"<p>Beeindrucken Sie mit modernem Design mit dem Ring <b>Nuka<\/b>. Dieser stilvolle goldene Ring bildet einen markanten <strong>organischen Kreis<\/strong> (Schleife), der luftig und elegant wirkt. Dank des praktischen <strong>offenen Profils<\/strong> ist er gr\u00f6\u00dfenverstellbar und passt an jeden Finger. Hergestellt aus hochwertigem <b>Chirurgenstahl<\/b>, ist er 100 % wasserdicht, hypoallergen und farbbest\u00e4ndig. Minimalismus in seiner sch\u00f6nsten Form.    <\/p>\n","protected":false},"featured_media":5188,"comment_status":"closed","ping_status":"closed","template":"","meta":{"_monsterinsights_skip_tracking":false,"_monsterinsights_sitenote_active":false,"_monsterinsights_sitenote_note":"","_monsterinsights_sitenote_category":0,"_joinchat":[]},"product_brand":[],"product_cat":[195,191],"product_tag":[],"class_list":{"0":"post-5186","1":"product","2":"type-product","3":"status-publish","4":"has-post-thumbnail","6":"product_cat-damen-edelstahlringe","7":"product_cat-ringe","9":"first","10":"instock","11":"taxable","12":"shipping-taxable","13":"purchasable","14":"product-type-simple"},"_links":{"self":[{"href":"https:\/\/yourdailyjewellery.eu\/de\/wp-json\/wp\/v2\/product\/5186","targetHints":{"allow":["GET"]}}],"collection":[{"href":"https:\/\/yourdailyjewellery.eu\/de\/wp-json\/wp\/v2\/product"}],"about":[{"href":"https:\/\/yourdailyjewellery.eu\/de\/wp-json\/wp\/v2\/types\/product"}],"replies":[{"embeddable":true,"href":"https:\/\/yourdailyjewellery.eu\/de\/wp-json\/wp\/v2\/comments?post=5186"}],"wp:featuredmedia":[{"embeddable":true,"href":"https:\/\/yourdailyjewellery.eu\/de\/wp-json\/wp\/v2\/media\/5188"}],"wp:attachment":[{"href":"https:\/\/yourdailyjewellery.eu\/de\/wp-json\/wp\/v2\/media?parent=5186"}],"wp:term":[{"taxonomy":"product_brand","embeddable":true,"href":"https:\/\/yourdailyjewellery.eu\/de\/wp-json\/wp\/v2\/product_brand?post=5186"},{"taxonomy":"product_cat","embeddable":true,"href":"https:\/\/yourdailyjewellery.eu\/de\/wp-json\/wp\/v2\/product_cat?post=5186"},{"taxonomy":"product_tag","embeddable":true,"href":"https:\/\/yourdailyjewellery.eu\/de\/wp-json\/wp\/v2\/product_tag?post=5186"}],"curies":[{"name":"wp","href":"https:\/\/api.w.org\/{rel}","templated":true}]}}