{"id":5169,"date":"2025-12-17T02:37:24","date_gmt":"2025-12-17T01:37:24","guid":{"rendered":"https:\/\/yourdailyjewellery.eu\/shop-2\/ring-tony\/"},"modified":"2025-12-17T02:37:24","modified_gmt":"2025-12-17T01:37:24","slug":"ring-tony","status":"publish","type":"product","link":"https:\/\/yourdailyjewellery.eu\/de\/shop-2\/ring-tony\/","title":{"rendered":"Ring Tony"},"content":{"rendered":"<h4>Ring Tony \u2013 Geometrische Reinheit und stiller Luxus<\/h4>\n<p>In der Einfachheit liegt nicht nur Sch\u00f6nheit, sondern auch St\u00e4rke. <b>Der Ring Tony<\/b> ist der Beweis, dass Sie keine Steine oder komplizierten Muster ben\u00f6tigen, um zu beeindrucken. Dieser minimalistische Ring besticht durch sein <strong>glattes, geometrisches Design<\/strong> mit einer flachen, rechteckigen Oberseite. Er ist eine moderne, leichtere Version des klassischen Siegelrings.  <\/p>\n<p><b>Warum dieses St\u00fcck ein \u201eMust-have\u201c f\u00fcr Minimalisten ist:<\/b><\/p>\n<ul>\n<li>\n<p><b>Architektonisches Design:<\/b> Der Ring hat klare Linien und scharfe Kanten, die das Licht wundersch\u00f6n reflektieren. Die flache Oberfl\u00e4che oben wirkt sehr raffiniert und modern. <\/p>\n<\/li>\n<li>\n<p><b>Unisex-Stil:<\/b> Dank seiner Vielseitigkeit und des Verzichts auf unn\u00f6tigen Schnickschnack ist dieses Modell sowohl f\u00fcr Frauen als auch f\u00fcr M\u00e4nner geeignet. Es passt perfekt zur \u00c4sthetik des \u201eOld Money\u201c-Stils oder des skandinavischen Minimalismus. <\/p>\n<\/li>\n<li>\n<p><b>Glatte Oberfl\u00e4che:<\/b> Der Ring ist auf Hochglanz poliert (High Polish). Er ist angenehm zu tragen, dr\u00fcckt nirgends und verf\u00e4ngt sich nicht in der Kleidung. <\/p>\n<\/li>\n<li>\n<p><b>Widerstandsf\u00e4higkeit an erster Stelle:<\/b> Hergestellt aus massivem <b>Chirurgenstahl 316L<\/b> mit 18k Vergoldung. Er ist 100% wasserdicht, l\u00e4uft nicht an und meistert mit Ihnen die t\u00e4glichen Herausforderungen, ohne seinen Glanz zu verlieren. <\/p>\n<\/li>\n<\/ul>\n<p><b>Wie tr\u00e4gt man es?<\/b><\/p>\n<ol>\n<li>\n<p><b>Power Dressing:<\/b> Er ist das ideale Accessoire f\u00fcr die Arbeit. Er wirkt seri\u00f6s, entschlossen und professionell. Er erg\u00e4nzt perfekt ein Sakko oder ein Hemd.  <\/p>\n<\/li>\n<li>\n<p><b>Stacking Master:<\/b> Dank seines einfachen Profils l\u00e4sst er sich hervorragend kombinieren. Versuchen Sie, ihn zusammen mit einem d\u00fcnnen Ring mit Steinen (z.B. dem Ring Klasik) an einem Finger zu tragen, um einen interessanten Kontrast der Formen zu erzielen. <\/p>\n<\/li>\n<\/ol>\n","protected":false},"excerpt":{"rendered":"<p>Setzen Sie auf klare Linien mit dem Ring <b>Tony<\/b>. Dieser minimalistische Goldring im Stil eines <strong>modernen Siegelrings<\/strong> hat eine glatte, flache Oberseite. Sein geometrisches Design und der Hochglanz wirken raffiniert und zeitlos. Hergestellt aus hochwertigem <b>Chirurgenstahl<\/b>, ist er 100% wasserdicht, hypoallergen und farbbest\u00e4ndig. Ein elegantes St\u00fcck f\u00fcr Sie und Ihn.    <\/p>\n","protected":false},"featured_media":5171,"comment_status":"closed","ping_status":"closed","template":"","meta":{"_monsterinsights_skip_tracking":false,"_monsterinsights_sitenote_active":false,"_monsterinsights_sitenote_note":"","_monsterinsights_sitenote_category":0,"_joinchat":[]},"product_brand":[],"product_cat":[195,191],"product_tag":[],"class_list":{"0":"post-5169","1":"product","2":"type-product","3":"status-publish","4":"has-post-thumbnail","6":"product_cat-damen-edelstahlringe","7":"product_cat-ringe","9":"first","10":"instock","11":"taxable","12":"shipping-taxable","13":"purchasable","14":"product-type-simple"},"_links":{"self":[{"href":"https:\/\/yourdailyjewellery.eu\/de\/wp-json\/wp\/v2\/product\/5169","targetHints":{"allow":["GET"]}}],"collection":[{"href":"https:\/\/yourdailyjewellery.eu\/de\/wp-json\/wp\/v2\/product"}],"about":[{"href":"https:\/\/yourdailyjewellery.eu\/de\/wp-json\/wp\/v2\/types\/product"}],"replies":[{"embeddable":true,"href":"https:\/\/yourdailyjewellery.eu\/de\/wp-json\/wp\/v2\/comments?post=5169"}],"wp:featuredmedia":[{"embeddable":true,"href":"https:\/\/yourdailyjewellery.eu\/de\/wp-json\/wp\/v2\/media\/5171"}],"wp:attachment":[{"href":"https:\/\/yourdailyjewellery.eu\/de\/wp-json\/wp\/v2\/media?parent=5169"}],"wp:term":[{"taxonomy":"product_brand","embeddable":true,"href":"https:\/\/yourdailyjewellery.eu\/de\/wp-json\/wp\/v2\/product_brand?post=5169"},{"taxonomy":"product_cat","embeddable":true,"href":"https:\/\/yourdailyjewellery.eu\/de\/wp-json\/wp\/v2\/product_cat?post=5169"},{"taxonomy":"product_tag","embeddable":true,"href":"https:\/\/yourdailyjewellery.eu\/de\/wp-json\/wp\/v2\/product_tag?post=5169"}],"curies":[{"name":"wp","href":"https:\/\/api.w.org\/{rel}","templated":true}]}}