{"id":5161,"date":"2025-12-17T02:37:24","date_gmt":"2025-12-17T01:37:24","guid":{"rendered":"https:\/\/yourdailyjewellery.eu\/shop-2\/ring-love\/"},"modified":"2025-12-17T02:37:24","modified_gmt":"2025-12-17T01:37:24","slug":"ring-love","status":"publish","type":"product","link":"https:\/\/yourdailyjewellery.eu\/de\/shop-2\/ring-love\/","title":{"rendered":"Ring Love"},"content":{"rendered":"<h4>Ring Love \u2013 Kleines Herz, gro\u00dfe Bedeutung<\/h4>\n<p>Liebe verbirgt sich oft in Kleinigkeiten. Der <b>Ring Love<\/b> ist der perfekte Ausdruck von Z\u00e4rtlichkeit und Gef\u00fchl in seiner reinsten Form. Dieser zarte Ring besteht aus einer d\u00fcnnen goldenen Ringschiene, die von einem <strong>flachen Herzmotiv<\/strong> dominiert wird. Es ist ein Schmuckst\u00fcck, das die Seele streichelt und die Hand mit der Leichtigkeit einer Brise schm\u00fcckt.  <\/p>\n<p><b>Warum Sie dieses romantische St\u00fcck lieben werden:<\/b><\/p>\n<ul>\n<li>\n<p><b>Minimalistisches Design:<\/b> Das Herz ist weder gew\u00f6lbt noch mit Steinchen verziert. Es ist perfekt glatt und flach, was ihm ein modernes und klares Aussehen verleiht. Dadurch <strong>bleibt der Ring nicht h\u00e4ngen<\/strong> und ist sehr angenehm zu tragen.  <\/p>\n<\/li>\n<li>\n<p><b>Ideales Geschenk:<\/b> Suchen Sie eine Kleinigkeit f\u00fcr Ihre Freundin, Schwester oder beste Freundin? Dieser Ring ist ein universelles Symbol der Zuneigung, das \u201eIch hab dich lieb\u201c ohne viele Worte sagt. <\/p>\n<\/li>\n<li>\n<p><b>K\u00f6nigin des Layerings:<\/b> Dank der sehr d\u00fcnnen Ringschiene ist dieses Modell perfekt zum <strong>Stacking<\/strong> geeignet. Er sieht fantastisch aus, wenn Sie ihn mit weiteren zarten Ringen am selben Finger erg\u00e4nzen oder mit einem markanteren Ring kombinieren. <\/p>\n<\/li>\n<li>\n<p><b>Dauerhafte Qualit\u00e4t:<\/b> Hergestellt aus robustem <b>Chirurgenstahl 316L<\/b> mit 18k Vergoldung. Er ist 100 % wasserdicht, sodass Sie dieses Symbol der Liebe immer bei sich tragen k\u00f6nnen, sogar unter der Dusche oder am Meer. <\/p>\n<\/li>\n<\/ul>\n<p><b>Wie tr\u00e4gt man es?<\/b><\/p>\n<ol>\n<li>\n<p><b>M\u00e4dchenhafter Charme:<\/b> Tragen Sie ihn einzeln zu Sommerkleidern oder einer zarten Bluse. Er wirkt sehr jugendlich und unschuldig. <\/p>\n<\/li>\n<li>\n<p><b>Trendiges Set:<\/b> Kombinieren Sie ihn mit dem Ring \u201eTony\u201c (flach, geometrisch) f\u00fcr einen interessanten Kontrast zwischen dem runden Herz und den scharfen Kanten.<\/p>\n<\/li>\n<\/ol>\n","protected":false},"excerpt":{"rendered":"<p>Dr\u00fccken Sie Ihre Gef\u00fchle mit dem <b>Ring Love<\/b> aus. Dieser zarte Goldring ziert ein minimalistisches Motiv eines <strong>flachen Herzchens<\/strong> mit glatter Oberfl\u00e4che. Dank der d\u00fcnnen Ringschiene ist er ideal zum Layering mit anderen Schmuckst\u00fccken. Hergestellt aus hochwertigem <b>Chirurgenstahl<\/b>, ist er 100 % wasserdicht, hypoallergen und farbbest\u00e4ndig. Das perfekte kleine Geschenk aus Liebe.    <\/p>\n","protected":false},"featured_media":5163,"comment_status":"closed","ping_status":"closed","template":"","meta":{"_monsterinsights_skip_tracking":false,"_monsterinsights_sitenote_active":false,"_monsterinsights_sitenote_note":"","_monsterinsights_sitenote_category":0,"_joinchat":[]},"product_brand":[],"product_cat":[195,191],"product_tag":[],"class_list":{"0":"post-5161","1":"product","2":"type-product","3":"status-publish","4":"has-post-thumbnail","6":"product_cat-damen-edelstahlringe","7":"product_cat-ringe","9":"first","10":"instock","11":"taxable","12":"shipping-taxable","13":"purchasable","14":"product-type-simple"},"_links":{"self":[{"href":"https:\/\/yourdailyjewellery.eu\/de\/wp-json\/wp\/v2\/product\/5161","targetHints":{"allow":["GET"]}}],"collection":[{"href":"https:\/\/yourdailyjewellery.eu\/de\/wp-json\/wp\/v2\/product"}],"about":[{"href":"https:\/\/yourdailyjewellery.eu\/de\/wp-json\/wp\/v2\/types\/product"}],"replies":[{"embeddable":true,"href":"https:\/\/yourdailyjewellery.eu\/de\/wp-json\/wp\/v2\/comments?post=5161"}],"wp:featuredmedia":[{"embeddable":true,"href":"https:\/\/yourdailyjewellery.eu\/de\/wp-json\/wp\/v2\/media\/5163"}],"wp:attachment":[{"href":"https:\/\/yourdailyjewellery.eu\/de\/wp-json\/wp\/v2\/media?parent=5161"}],"wp:term":[{"taxonomy":"product_brand","embeddable":true,"href":"https:\/\/yourdailyjewellery.eu\/de\/wp-json\/wp\/v2\/product_brand?post=5161"},{"taxonomy":"product_cat","embeddable":true,"href":"https:\/\/yourdailyjewellery.eu\/de\/wp-json\/wp\/v2\/product_cat?post=5161"},{"taxonomy":"product_tag","embeddable":true,"href":"https:\/\/yourdailyjewellery.eu\/de\/wp-json\/wp\/v2\/product_tag?post=5161"}],"curies":[{"name":"wp","href":"https:\/\/api.w.org\/{rel}","templated":true}]}}