{"id":5158,"date":"2025-12-17T02:37:24","date_gmt":"2025-12-17T01:37:24","guid":{"rendered":"https:\/\/yourdailyjewellery.eu\/shop-2\/ring-mykonos\/"},"modified":"2025-12-17T02:37:24","modified_gmt":"2025-12-17T01:37:24","slug":"ring-mykonos","status":"publish","type":"product","link":"https:\/\/yourdailyjewellery.eu\/de\/shop-2\/ring-mykonos\/","title":{"rendered":"Ring Mykonos"},"content":{"rendered":"<h4>Ring Mykonos \u2013 Ein Hauch von griechischer Sonne und Meeresgischt<\/h4>\n<p>Begeben Sie sich an die K\u00fcste der \u00c4g\u00e4is mit dem Ring <b>Mykonos<\/b>. Dieses bezaubernde Schmuckst\u00fcck vereint die zeitlose Eleganz von Perlen mit einem verspielten Sommer-Vibe. Das dominierende Element des Rings ist eine gro\u00dfe wei\u00dfe <strong>Perle<\/strong>, die in einer goldenen Fassung mit einem detailreich gearbeiteten <strong>geriffelten Rand<\/strong> (Milgrain-Effekt) sitzt.  <\/p>\n<p><b>Warum dieser Ring die Verk\u00f6rperung von Eleganz ist:<\/b><\/p>\n<ul>\n<li>\n<p><b>Perlenklassiker:<\/b> Perlen sind seit jeher ein Symbol f\u00fcr Weiblichkeit und Reinheit. Dieser Ring pr\u00e4sentiert ein klassisches \u201eSolit\u00e4r\u201c-Design (ein zentraler Stein), wirkt aber dank der Perle sanfter und weicher als Versionen mit geschliffenen Steinen. <\/p>\n<\/li>\n<li>\n<p><b>Vintage-Detail:<\/b> Der dekorative Perlenrand um die Perle verleiht dem Ring einen zarten Hauch von Vintage-Stil und altweltlichem Luxus. Es ist ein Detail, das ihn von gew\u00f6hnlichen glatten Ringen unterscheidet. <\/p>\n<\/li>\n<li>\n<p><b>Sommer-\u201eMust-Have\u201c:<\/b> Wei\u00df und Gold sind die Farben des Sommers. Dieser Ring wird an einer gebr\u00e4unten Hand perfekt aussehen, zu einem Leinenkleid oder einer wei\u00dfen Bluse. <\/p>\n<\/li>\n<li>\n<p><b>Qualit\u00e4t und Langlebigkeit:<\/b> Hergestellt aus hochwertigem <b>Chirurgenstahl 316L<\/b> mit 18k Vergoldung. Er ist 100% wasserdicht, die Perle ist fest gefasst und das Material ist auch f\u00fcr Allergiker geeignet. <\/p>\n<\/li>\n<\/ul>\n<p><b>Wie tr\u00e4gt man es?<\/b><\/p>\n<ol>\n<li>\n<p><b>Elegante Dame:<\/b> Er ist das ideale Accessoire f\u00fcr die Arbeit oder eine Hochzeit. Er wirkt geschmackvoll, gepflegt und sehr repr\u00e4sentativ. <\/p>\n<\/li>\n<li>\n<p><b>Casual Chic:<\/b> Durchbrechen Sie die Strenge von Jeans und T-Shirt mit diesem Perlenschmuckst\u00fcck. Er verleiht Ihrem Alltags-Outfit sofort eine Dosis Raffinesse. <\/p>\n<\/li>\n<\/ol>\n","protected":false},"excerpt":{"rendered":"<p>Entdecken Sie zeitlose Sch\u00f6nheit mit dem Ring <b>Mykonos<\/b>. Dieser elegante goldene Ring ziert eine zentrale wei\u00dfe <strong>Perle<\/strong> (Imitation), die von einem dekorativen <strong>geriffelten Rand<\/strong> umgeben ist. Die feine Ringschiene garantiert angenehmen Tragekomfort. Hergestellt aus hochwertigem <b>Chirurgenstahl<\/b>, ist er 100% wasserdicht, hypoallergen und farbbest\u00e4ndig. Ein St\u00fcck Luxus f\u00fcr jeden Tag.    <\/p>\n","protected":false},"featured_media":5159,"comment_status":"closed","ping_status":"closed","template":"","meta":{"_monsterinsights_skip_tracking":false,"_monsterinsights_sitenote_active":false,"_monsterinsights_sitenote_note":"","_monsterinsights_sitenote_category":0,"_joinchat":[]},"product_brand":[],"product_cat":[195,191],"product_tag":[],"class_list":{"0":"post-5158","1":"product","2":"type-product","3":"status-publish","4":"has-post-thumbnail","6":"product_cat-damen-edelstahlringe","7":"product_cat-ringe","9":"first","10":"instock","11":"taxable","12":"shipping-taxable","13":"purchasable","14":"product-type-simple"},"_links":{"self":[{"href":"https:\/\/yourdailyjewellery.eu\/de\/wp-json\/wp\/v2\/product\/5158","targetHints":{"allow":["GET"]}}],"collection":[{"href":"https:\/\/yourdailyjewellery.eu\/de\/wp-json\/wp\/v2\/product"}],"about":[{"href":"https:\/\/yourdailyjewellery.eu\/de\/wp-json\/wp\/v2\/types\/product"}],"replies":[{"embeddable":true,"href":"https:\/\/yourdailyjewellery.eu\/de\/wp-json\/wp\/v2\/comments?post=5158"}],"wp:featuredmedia":[{"embeddable":true,"href":"https:\/\/yourdailyjewellery.eu\/de\/wp-json\/wp\/v2\/media\/5159"}],"wp:attachment":[{"href":"https:\/\/yourdailyjewellery.eu\/de\/wp-json\/wp\/v2\/media?parent=5158"}],"wp:term":[{"taxonomy":"product_brand","embeddable":true,"href":"https:\/\/yourdailyjewellery.eu\/de\/wp-json\/wp\/v2\/product_brand?post=5158"},{"taxonomy":"product_cat","embeddable":true,"href":"https:\/\/yourdailyjewellery.eu\/de\/wp-json\/wp\/v2\/product_cat?post=5158"},{"taxonomy":"product_tag","embeddable":true,"href":"https:\/\/yourdailyjewellery.eu\/de\/wp-json\/wp\/v2\/product_tag?post=5158"}],"curies":[{"name":"wp","href":"https:\/\/api.w.org\/{rel}","templated":true}]}}