{"id":5154,"date":"2025-12-17T02:37:21","date_gmt":"2025-12-17T01:37:21","guid":{"rendered":"https:\/\/yourdailyjewellery.eu\/shop-2\/gold-eye-ring\/"},"modified":"2025-12-17T02:37:21","modified_gmt":"2025-12-17T01:37:21","slug":"gold-eye-ring","status":"publish","type":"product","link":"https:\/\/yourdailyjewellery.eu\/de\/shop-2\/gold-eye-ring\/","title":{"rendered":"Gold Eye Ring"},"content":{"rendered":"<h4>Gold Eye Ring \u2013 Ihr goldener Besch\u00fctzer mit stilvoller Seele<\/h4>\n<p>Suchen Sie ein Schmuckst\u00fcck mit tieferer Bedeutung? Der <b>Gold Eye Ring<\/b> vereint modernes Design mit uralter Symbolik. Dieser markante Ring wird von einem erhabenen <strong>Augenmotiv<\/strong> (Evil Eye) dominiert, das seit jeher als m\u00e4chtiges Talisman gilt, um seine Tr\u00e4gerin vor Missgunst und negativer Energie zu sch\u00fctzen. <\/p>\n<p><b>Warum dieses Schmuckst\u00fcck besonders ist:<\/b><\/p>\n<ul>\n<li>\n<p><b>Magische Symbolik:<\/b> Das &#8222;Allsehende Auge&#8220; ist nicht nur ein Modetrend, sondern ein Symbol f\u00fcr Intuition und Schutz. Das Tragen dieses Rings verleiht Ihnen ein Gef\u00fchl von Sicherheit und innerer St\u00e4rke. <\/p>\n<\/li>\n<li>\n<p><b>Vintage-Textur:<\/b> Die Oberfl\u00e4che des Rings ist nicht glatt, sondern wird von einer <strong>geriffelten Textur<\/strong> (R\u00e4ndelung) geziert, die vom zentralen Motiv ausgeht. Dieses Detail verleiht dem Schmuckst\u00fcck einen antiken Touch und macht es optisch sehr interessant. <\/p>\n<\/li>\n<li>\n<p><b>Maximaler Komfort:<\/b> Es handelt sich um einen <strong>offenen Ring<\/strong> (verstellbar), was ein gro\u00dfer Vorteil ist. Sie m\u00fcssen keine Angst haben, dass er Ihnen nicht passt \u2013 die Gr\u00f6\u00dfe l\u00e4sst sich einfach durch leichtes Zusammendr\u00fccken oder Auseinanderziehen des Rings anpassen. <\/p>\n<\/li>\n<li>\n<p><b>Premium-Qualit\u00e4t:<\/b> Hergestellt aus robustem <b>Chirurgenstahl 316L<\/b> mit 18k Vergoldung. Er ist 100% wasserdicht, rostet nicht und ist auch f\u00fcr Allergiker geeignet. <\/p>\n<\/li>\n<\/ul>\n<p><b>Wie tr\u00e4gt man es?<\/b><\/p>\n<ol>\n<li>\n<p><b>Boho Goddess:<\/b> Dieser Stil passt perfekt zu Boho-Outfits, gemusterten Kleidern und vielen Armb\u00e4ndern. Er ist das ideale Festival-Accessoire. <\/p>\n<\/li>\n<li>\n<p><b>Thumb Ring:<\/b> Dank seiner Breite und Verstellbarkeit sieht dieser Ring unglaublich stilvoll aus, wenn Sie ihn am Daumen tragen.<\/p>\n<\/li>\n<\/ol>\n","protected":false},"excerpt":{"rendered":"<p>Tragen Sie Schutz und Stil mit dem <b>Gold Eye Ring<\/b>. Dieser markante Goldring ziert ein erhabenes <strong>Augenmotiv<\/strong> (Evil Eye) und eine detaillierte geriffelte Textur. Dank der <strong>offenen R\u00fcckseite<\/strong> ist er gr\u00f6\u00dfenverstellbar und passt sich jedem Finger an. Hergestellt aus hochwertigem <b>Chirurgenstahl<\/b>, ist er 100% wasserdicht, hypoallergen und farbbest\u00e4ndig.   <\/p>\n","protected":false},"featured_media":5156,"comment_status":"closed","ping_status":"closed","template":"","meta":{"_monsterinsights_skip_tracking":false,"_monsterinsights_sitenote_active":false,"_monsterinsights_sitenote_note":"","_monsterinsights_sitenote_category":0,"_joinchat":[]},"product_brand":[],"product_cat":[195,191],"product_tag":[],"class_list":{"0":"post-5154","1":"product","2":"type-product","3":"status-publish","4":"has-post-thumbnail","6":"product_cat-damen-edelstahlringe","7":"product_cat-ringe","9":"first","10":"instock","11":"taxable","12":"shipping-taxable","13":"purchasable","14":"product-type-simple"},"_links":{"self":[{"href":"https:\/\/yourdailyjewellery.eu\/de\/wp-json\/wp\/v2\/product\/5154","targetHints":{"allow":["GET"]}}],"collection":[{"href":"https:\/\/yourdailyjewellery.eu\/de\/wp-json\/wp\/v2\/product"}],"about":[{"href":"https:\/\/yourdailyjewellery.eu\/de\/wp-json\/wp\/v2\/types\/product"}],"replies":[{"embeddable":true,"href":"https:\/\/yourdailyjewellery.eu\/de\/wp-json\/wp\/v2\/comments?post=5154"}],"wp:featuredmedia":[{"embeddable":true,"href":"https:\/\/yourdailyjewellery.eu\/de\/wp-json\/wp\/v2\/media\/5156"}],"wp:attachment":[{"href":"https:\/\/yourdailyjewellery.eu\/de\/wp-json\/wp\/v2\/media?parent=5154"}],"wp:term":[{"taxonomy":"product_brand","embeddable":true,"href":"https:\/\/yourdailyjewellery.eu\/de\/wp-json\/wp\/v2\/product_brand?post=5154"},{"taxonomy":"product_cat","embeddable":true,"href":"https:\/\/yourdailyjewellery.eu\/de\/wp-json\/wp\/v2\/product_cat?post=5154"},{"taxonomy":"product_tag","embeddable":true,"href":"https:\/\/yourdailyjewellery.eu\/de\/wp-json\/wp\/v2\/product_tag?post=5154"}],"curies":[{"name":"wp","href":"https:\/\/api.w.org\/{rel}","templated":true}]}}