{"id":5146,"date":"2025-12-17T02:37:21","date_gmt":"2025-12-17T01:37:21","guid":{"rendered":"https:\/\/yourdailyjewellery.eu\/shop-2\/lava-ring\/"},"modified":"2025-12-17T02:37:21","modified_gmt":"2025-12-17T01:37:21","slug":"lava-ring","status":"publish","type":"product","link":"https:\/\/yourdailyjewellery.eu\/de\/shop-2\/lava-ring\/","title":{"rendered":"Lava-Ring"},"content":{"rendered":"<h4>Lava-Ring \u2013 Sch\u00f6nheit in Bewegung eingefangen<\/h4>\n<p>Perfektion liegt in der Unregelm\u00e4\u00dfigkeit. Der <b>Lava-Ring<\/b> ist ein k\u00fcnstlerischer Ausdruck von Kraft und Energie. Dieser massive Goldring besticht durch seine einzigartige <strong>organische Oberfl\u00e4che<\/strong>, die das Aussehen von flie\u00dfendem, geschmolzenem Gold naturgetreu imitiert. Es ist ein Schmuckst\u00fcck, das an der Hand dank des Spiels von Licht und Schatten auf seinen geschwungenen Kurven f\u00f6rmlich zum Leben erwacht.  <\/p>\n<p><b>Warum Sie dieses Designst\u00fcck lieben werden:<\/b><\/p>\n<ul>\n<li>\n<p><b>Fl\u00fcssigmetall-Effekt:<\/b> Die glatte, aber unregelm\u00e4\u00dfig gewellte Oberfl\u00e4che wirkt weich und plastisch. Dieser \u201eLiquid Look\u201c ist der H\u00f6hepunkt der modernen Zeit und verleiht dem Schmuckst\u00fcck einen skulpturalen Charakter. <\/p>\n<\/li>\n<li>\n<p><b>Anpassbare Gr\u00f6\u00dfe:<\/b> Der Ring hat ein <strong>offenes Profil<\/strong> (Cuff Ring), was sein gro\u00dfer Vorteil ist. Sie m\u00fcssen sich nicht mit dem Messen des Fingerumfangs abm\u00fchen \u2013 die Gr\u00f6\u00dfe l\u00e4sst sich leicht durch sanftes Zusammendr\u00fccken oder Auseinanderziehen anpassen, sodass er jeder Frau passt. <\/p>\n<\/li>\n<li>\n<p><b>Lichtreflexion:<\/b> Dank seines hohen Glanzes und der unebenen Oberfl\u00e4che reflektiert der Ring das Licht wundersch\u00f6n in alle Richtungen. Er wirkt luxuri\u00f6s, markant und dabei sehr nat\u00fcrlich. <\/p>\n<\/li>\n<li>\n<p><b>Premium-Qualit\u00e4t:<\/b> Hergestellt aus robustem <b>Chirurgenstahl 316L<\/b> mit 18k Vergoldung. Er ist 100 % wasserdicht, farbbest\u00e4ndig und hypoallergen, sodass Sie ihn bedenkenlos jeden Tag tragen k\u00f6nnen. <\/p>\n<\/li>\n<\/ul>\n<p><b>Wie tr\u00e4gt man es?<\/b><\/p>\n<ol>\n<li>\n<p><b>Minimalistischer Akzent:<\/b> Lassen Sie ihn als einziges Schmuckst\u00fcck an Ihrer Hand gl\u00e4nzen. Seine markante Textur braucht keine Konkurrenz. <\/p>\n<\/li>\n<li>\n<p><b>K\u00fcnstlerischer Stil:<\/b> Er erg\u00e4nzt hervorragend kreative Outfits, Oversized-Blazer oder monochrome Sets in Erdt\u00f6nen.<\/p>\n<\/li>\n<\/ol>\n","protected":false},"excerpt":{"rendered":"<p>Entdecken Sie den Charme l\u00e4ssiger Eleganz mit dem <b>Lava<\/b>-Ring. Dieser markante Goldring besticht durch seine <strong>organische Textur<\/strong>, die an flie\u00dfendes Gold erinnert. Dank der <strong>offenen R\u00fcckseite<\/strong> ist er gr\u00f6\u00dfenverstellbar und passt sich Ihrem Finger perfekt an. Hergestellt aus hochwertigem <b>Chirurgenstahl<\/b>, ist er 100 % wasserdicht, hypoallergen und farbbest\u00e4ndig. Ein modernes Schmuckst\u00fcck f\u00fcr Kunstliebhaberinnen.    <\/p>\n","protected":false},"featured_media":5148,"comment_status":"closed","ping_status":"closed","template":"","meta":{"_monsterinsights_skip_tracking":false,"_monsterinsights_sitenote_active":false,"_monsterinsights_sitenote_note":"","_monsterinsights_sitenote_category":0,"_joinchat":[]},"product_brand":[],"product_cat":[195,191],"product_tag":[],"class_list":{"0":"post-5146","1":"product","2":"type-product","3":"status-publish","4":"has-post-thumbnail","6":"product_cat-damen-edelstahlringe","7":"product_cat-ringe","9":"first","10":"instock","11":"taxable","12":"shipping-taxable","13":"purchasable","14":"product-type-simple"},"_links":{"self":[{"href":"https:\/\/yourdailyjewellery.eu\/de\/wp-json\/wp\/v2\/product\/5146","targetHints":{"allow":["GET"]}}],"collection":[{"href":"https:\/\/yourdailyjewellery.eu\/de\/wp-json\/wp\/v2\/product"}],"about":[{"href":"https:\/\/yourdailyjewellery.eu\/de\/wp-json\/wp\/v2\/types\/product"}],"replies":[{"embeddable":true,"href":"https:\/\/yourdailyjewellery.eu\/de\/wp-json\/wp\/v2\/comments?post=5146"}],"wp:featuredmedia":[{"embeddable":true,"href":"https:\/\/yourdailyjewellery.eu\/de\/wp-json\/wp\/v2\/media\/5148"}],"wp:attachment":[{"href":"https:\/\/yourdailyjewellery.eu\/de\/wp-json\/wp\/v2\/media?parent=5146"}],"wp:term":[{"taxonomy":"product_brand","embeddable":true,"href":"https:\/\/yourdailyjewellery.eu\/de\/wp-json\/wp\/v2\/product_brand?post=5146"},{"taxonomy":"product_cat","embeddable":true,"href":"https:\/\/yourdailyjewellery.eu\/de\/wp-json\/wp\/v2\/product_cat?post=5146"},{"taxonomy":"product_tag","embeddable":true,"href":"https:\/\/yourdailyjewellery.eu\/de\/wp-json\/wp\/v2\/product_tag?post=5146"}],"curies":[{"name":"wp","href":"https:\/\/api.w.org\/{rel}","templated":true}]}}