{"id":5138,"date":"2025-12-17T02:37:21","date_gmt":"2025-12-17T01:37:21","guid":{"rendered":"https:\/\/yourdailyjewellery.eu\/shop-2\/heart-pearl-ring\/"},"modified":"2025-12-17T02:37:21","modified_gmt":"2025-12-17T01:37:21","slug":"heart-pearl-ring","status":"publish","type":"product","link":"https:\/\/yourdailyjewellery.eu\/de\/shop-2\/heart-pearl-ring\/","title":{"rendered":"Heart Pearl Ring"},"content":{"rendered":"<h4>Heart Pearl Ring \u2013 Endlose Kette der Liebe und Z\u00e4rtlichkeit<\/h4>\n<p>Liebe hat weder Anfang noch Ende \u2013 genau wie dieser bezaubernde Ring. Der <b>Heart Pearl Ring<\/b> bildet eine Linie verbundener <strong>Herzen<\/strong>, die Ihren Finger sanft umschlie\u00dfen. Jedes Herz ist mit einem Material mit <strong>wei\u00dfem Perlmutt-Effekt<\/strong> gef\u00fcllt, was in Kombination mit der strahlenden goldenen Umrandung einen wundersch\u00f6nen, reinen und eleganten Kontrast schafft. <\/p>\n<p><b>Warum er Ihr Lieblingsst\u00fcck wird:<\/b><\/p>\n<ul>\n<li>\n<p><b>Romantisches Design:<\/b> Das Herz ist ein zeitloses Symbol der Gef\u00fchle. Dieser Ring wirkt wie eine zarte Krone f\u00fcr Ihre H\u00e4nde. Die wei\u00dfe F\u00fcllung verleiht ihm Frische und ein jugendliches Aussehen.  <\/p>\n<\/li>\n<li>\n<p><b>Maximaler Komfort:<\/b> Dank des <strong>offenen Profils<\/strong> (verstellbare Gr\u00f6\u00dfe) passt sich der Ring perfekt an. Sie m\u00fcssen sich keine Gedanken \u00fcber die genaue Gr\u00f6\u00dfe machen \u2013 dr\u00fccken oder dehnen Sie ihn einfach sanft, damit er an jeden Finger passt. <\/p>\n<\/li>\n<li>\n<p><b>Glatte Oberfl\u00e4che:<\/b> Die F\u00fcllung der Herzen ist glatt und angenehm auf der Haut. Der Ring verf\u00e4ngt sich nicht in der Kleidung und ist somit eine ideale Wahl f\u00fcr den Alltag. <\/p>\n<\/li>\n<li>\n<p><b>Qualit\u00e4t ohne Kompromisse:<\/b> Hergestellt aus robustem <b>Chirurgenstahl 316L<\/b> mit 18k Vergoldung. Er ist 100% wasserdicht, farbbest\u00e4ndig und hypoallergen. Die wei\u00dfe Farbe der Herzen vergilbt auch nach einiger Zeit nicht.  <\/p>\n<\/li>\n<\/ul>\n<p><b>Wie tr\u00e4gt man es?<\/b><\/p>\n<ol>\n<li>\n<p><b>Soft &amp; Girly:<\/b> Er ist die perfekte Erg\u00e4nzung zu romantischen Kleidern, Spitze oder Pastellfarben. Er unterstreicht Ihre Weiblichkeit und Zartheit. <\/p>\n<\/li>\n<li>\n<p><b>Stacking Tip:<\/b> Kombinieren Sie ihn mit einem einfachen, d\u00fcnnen Goldring. Das Schichten verschiedener Formen verleiht Ihrer Hand einen modernen Touch. <\/p>\n<\/li>\n<\/ol>\n","protected":false},"excerpt":{"rendered":"<p>Schm\u00fccken Sie sich mit dem Symbol der Liebe mit dem <b>Heart Pearl<\/b> Ring. Dieser romantische Goldring bildet eine Reihe verbundener <strong>Herzen mit wei\u00dfer Perlmuttf\u00fcllung<\/strong>. Dank des praktischen <strong>offenen Designs<\/strong> ist er gr\u00f6\u00dfenverstellbar und passt an jeden Finger. Hergestellt aus hochwertigem <b>Chirurgenstahl<\/b>, ist er 100% wasserdicht, hypoallergen und farbbest\u00e4ndig. Ein zartes Accessoire f\u00fcr jede romantische Seele.    <\/p>\n","protected":false},"featured_media":5140,"comment_status":"closed","ping_status":"closed","template":"","meta":{"_monsterinsights_skip_tracking":false,"_monsterinsights_sitenote_active":false,"_monsterinsights_sitenote_note":"","_monsterinsights_sitenote_category":0,"_joinchat":[]},"product_brand":[],"product_cat":[195,191],"product_tag":[],"class_list":{"0":"post-5138","1":"product","2":"type-product","3":"status-publish","4":"has-post-thumbnail","6":"product_cat-damen-edelstahlringe","7":"product_cat-ringe","9":"first","10":"instock","11":"taxable","12":"shipping-taxable","13":"purchasable","14":"product-type-simple"},"_links":{"self":[{"href":"https:\/\/yourdailyjewellery.eu\/de\/wp-json\/wp\/v2\/product\/5138","targetHints":{"allow":["GET"]}}],"collection":[{"href":"https:\/\/yourdailyjewellery.eu\/de\/wp-json\/wp\/v2\/product"}],"about":[{"href":"https:\/\/yourdailyjewellery.eu\/de\/wp-json\/wp\/v2\/types\/product"}],"replies":[{"embeddable":true,"href":"https:\/\/yourdailyjewellery.eu\/de\/wp-json\/wp\/v2\/comments?post=5138"}],"wp:featuredmedia":[{"embeddable":true,"href":"https:\/\/yourdailyjewellery.eu\/de\/wp-json\/wp\/v2\/media\/5140"}],"wp:attachment":[{"href":"https:\/\/yourdailyjewellery.eu\/de\/wp-json\/wp\/v2\/media?parent=5138"}],"wp:term":[{"taxonomy":"product_brand","embeddable":true,"href":"https:\/\/yourdailyjewellery.eu\/de\/wp-json\/wp\/v2\/product_brand?post=5138"},{"taxonomy":"product_cat","embeddable":true,"href":"https:\/\/yourdailyjewellery.eu\/de\/wp-json\/wp\/v2\/product_cat?post=5138"},{"taxonomy":"product_tag","embeddable":true,"href":"https:\/\/yourdailyjewellery.eu\/de\/wp-json\/wp\/v2\/product_tag?post=5138"}],"curies":[{"name":"wp","href":"https:\/\/api.w.org\/{rel}","templated":true}]}}