{"id":5126,"date":"2025-12-17T02:37:20","date_gmt":"2025-12-17T01:37:20","guid":{"rendered":"https:\/\/yourdailyjewellery.eu\/shop-2\/goldie-ring\/"},"modified":"2025-12-17T02:37:20","modified_gmt":"2025-12-17T01:37:20","slug":"goldie-ring","status":"publish","type":"product","link":"https:\/\/yourdailyjewellery.eu\/de\/shop-2\/goldie-ring\/","title":{"rendered":"Goldie Ring"},"content":{"rendered":"<h4>Goldie Ring \u2013 Goldene Struktur in modernem Design<\/h4>\n<p>Manche Ringe sind nur einfache Reife, andere sind kleine architektonische Kunstwerke. Der <b>Goldie Ring<\/b> geh\u00f6rt zu denen, die auf den ersten Blick durch ihre aufwendige Textur bestechen. Dieser breite goldene Ring besteht aus einem <strong>Geflecht ineinandergreifender rechteckiger Glieder<\/strong>, das den Effekt von \u201egewebtem\u201c Stahl erzeugt. Er ist ein markantes und zugleich luftiges Schmuckst\u00fcck, das zu Ihrem Lieblingsaccessoire wird.  <\/p>\n<p><b>Warum dieser Ring ein \u201eMust-Have\u201c ist:<\/b><\/p>\n<ul>\n<li>\n<p><b>Einzigartige Textur:<\/b> Das Muster, das an kleine Ziegel oder die Glieder luxuri\u00f6ser Uhren erinnert, verleiht dem Ring Tiefe und Charakter. Licht f\u00e4llt durch die Zwischenr\u00e4ume des Geflechts, wodurch der Ring leichter wirkt als ein massiver, geschlossener Reif. <\/p>\n<\/li>\n<li>\n<p><b>Anpassbare Gr\u00f6\u00dfe:<\/b> Der gr\u00f6\u00dfte Vorteil ist sein <strong>offenes Profil<\/strong> (verstellbare Gr\u00f6\u00dfe). Sie m\u00fcssen sich nicht um Gr\u00f6\u00dfen oder Messungen k\u00fcmmern \u2013 den Ring k\u00f6nnen Sie einfach sanft zusammendr\u00fccken oder auseinanderziehen, damit er perfekt an jeden Finger passt. <\/p>\n<\/li>\n<li>\n<p><b>Modernes Statement:<\/b> Er ist breit genug, um alleine zu wirken, aber sein geometrisches Design l\u00e4sst sich auch hervorragend mit anderen schlichten Ringen kombinieren.<\/p>\n<\/li>\n<li>\n<p><b>Premium-Qualit\u00e4t:<\/b> Hergestellt aus robustem <b>Chirurgenstahl 316L<\/b> mit 18k Vergoldung. Er ist 100% wasserdicht, rostet nicht und ist auch f\u00fcr empfindliche Haut geeignet. <\/p>\n<\/li>\n<\/ul>\n<p><b>Wie tr\u00e4gt man es?<\/b><\/p>\n<ol>\n<li>\n<p><b>Everyday Cool:<\/b> Dank seines bequemen, flachen Profils ist er ideal f\u00fcr den Alltag. Er peppt Jeans und ein wei\u00dfes T-Shirt auf, passt aber auch zu einem eleganten Sakko. <\/p>\n<\/li>\n<li>\n<p><b>Styling-Tipp:<\/b> Dank der verstellbaren Gr\u00f6\u00dfe sieht dieser Ringtyp erstaunlich stilvoll aus, wenn Sie ihn am Daumen oder Zeigefinger tragen.<\/p>\n<\/li>\n<\/ol>\n","protected":false},"excerpt":{"rendered":"<p>Beeindrucken Sie mit der Textur des <b>Goldie Rings<\/b>. Dieser stilvolle goldene Ring zeichnet sich durch ein <strong>ineinandergreifendes geometrisches Muster<\/strong> aus, das an ein Gitter erinnert. Dank der <strong>offenen R\u00fcckseite<\/strong> ist er gr\u00f6\u00dfenverstellbar und passt sich jedem Finger an. Hergestellt aus hochwertigem <b>Chirurgenstahl<\/b>, ist er 100% wasserdicht, hypoallergen und farbbest\u00e4ndig. Modernes Design f\u00fcr jeden Tag.    <\/p>\n","protected":false},"featured_media":5128,"comment_status":"closed","ping_status":"closed","template":"","meta":{"_monsterinsights_skip_tracking":false,"_monsterinsights_sitenote_active":false,"_monsterinsights_sitenote_note":"","_monsterinsights_sitenote_category":0,"_joinchat":[]},"product_brand":[],"product_cat":[195,191],"product_tag":[],"class_list":{"0":"post-5126","1":"product","2":"type-product","3":"status-publish","4":"has-post-thumbnail","6":"product_cat-damen-edelstahlringe","7":"product_cat-ringe","9":"first","10":"instock","11":"taxable","12":"shipping-taxable","13":"purchasable","14":"product-type-simple"},"_links":{"self":[{"href":"https:\/\/yourdailyjewellery.eu\/de\/wp-json\/wp\/v2\/product\/5126","targetHints":{"allow":["GET"]}}],"collection":[{"href":"https:\/\/yourdailyjewellery.eu\/de\/wp-json\/wp\/v2\/product"}],"about":[{"href":"https:\/\/yourdailyjewellery.eu\/de\/wp-json\/wp\/v2\/types\/product"}],"replies":[{"embeddable":true,"href":"https:\/\/yourdailyjewellery.eu\/de\/wp-json\/wp\/v2\/comments?post=5126"}],"wp:featuredmedia":[{"embeddable":true,"href":"https:\/\/yourdailyjewellery.eu\/de\/wp-json\/wp\/v2\/media\/5128"}],"wp:attachment":[{"href":"https:\/\/yourdailyjewellery.eu\/de\/wp-json\/wp\/v2\/media?parent=5126"}],"wp:term":[{"taxonomy":"product_brand","embeddable":true,"href":"https:\/\/yourdailyjewellery.eu\/de\/wp-json\/wp\/v2\/product_brand?post=5126"},{"taxonomy":"product_cat","embeddable":true,"href":"https:\/\/yourdailyjewellery.eu\/de\/wp-json\/wp\/v2\/product_cat?post=5126"},{"taxonomy":"product_tag","embeddable":true,"href":"https:\/\/yourdailyjewellery.eu\/de\/wp-json\/wp\/v2\/product_tag?post=5126"}],"curies":[{"name":"wp","href":"https:\/\/api.w.org\/{rel}","templated":true}]}}