{"id":5109,"date":"2025-12-17T02:37:28","date_gmt":"2025-12-17T01:37:28","guid":{"rendered":"https:\/\/yourdailyjewellery.eu\/shop-2\/ring-monte-carlo\/"},"modified":"2025-12-17T02:37:28","modified_gmt":"2025-12-17T01:37:28","slug":"ring-monte-carlo","status":"publish","type":"product","link":"https:\/\/yourdailyjewellery.eu\/de\/shop-2\/ring-monte-carlo\/","title":{"rendered":"Ring Monte Carlo"},"content":{"rendered":"<h4>Ring Monte Carlo \u2013 K\u00fchle Sch\u00f6nheit und ikonischer Stil<\/h4>\n<p>Tauchen Sie ein in die Welt des Gl\u00fccksspiels, schneller Autos und unendlicher Eleganz mit dem Ring <b>Monte Carlo<\/b>. Dieser massive silberne Ring verk\u00f6rpert modernen Luxus. Es ist ein massiver, hochgl\u00e4nzender Ring, der mit regelm\u00e4\u00dfig angeordneten <strong>klaren Zirkonia<\/strong> in runden Fassungen verziert ist, die an Schraubenk\u00f6pfe erinnern.  <\/p>\n<p><b>Warum dieser Ring eine sichere Wahl ist:<\/b><\/p>\n<ul>\n<li>\n<p><b>Silberne Eleganz:<\/b> W\u00e4hrend Gold traditionell ist, wirkt die silberne Farbe des Stahls futuristisch, rein und sehr zeitgem\u00e4\u00df. Dieser Farbton (Silver tone) l\u00e4sst sich leicht kombinieren und verleiht dem Outfit einen \u201ecoolen\u201c Faktor. <\/p>\n<\/li>\n<li>\n<p><b>Industrielles Design:<\/b> Ein Motiv, inspiriert von technischen Elementen und Schrauben, ist in der Welt des Schmucks eine Legende. Es dr\u00fcckt St\u00e4rke, Stabilit\u00e4t und Entschlossenheit aus. Es ist ein Schmuckst\u00fcck mit Charakter.  <\/p>\n<\/li>\n<li>\n<p><b>Glattes Profil:<\/b> Die Steine sind <strong>eingefasst<\/strong>, sodass sie nicht \u00fcber die Oberfl\u00e4che hinausragen. Der Ring ist perfekt glatt, verf\u00e4ngt sich nicht an der Kleidung und ist auch bei ganzt\u00e4gigem Tragen \u00e4u\u00dferst bequem. <\/p>\n<\/li>\n<li>\n<p><b>Unzerst\u00f6rbarer Stahl:<\/b> Hergestellt aus massivem <b>Chirurgenstahl 316L<\/b>. Im Gegensatz zu normalem Silber oxidiert dieser Ring nicht (l\u00e4uft nicht an), ist h\u00e4rter und 100% wasserdicht. Ihr Glanz bleibt f\u00fcr immer derselbe.  <\/p>\n<\/li>\n<\/ul>\n<p><b>Wie tr\u00e4gt man es?<\/b><\/p>\n<ol>\n<li>\n<p><b>Business-Look:<\/b> Die silberne Farbe passt perfekt zu grauen, blauen oder schwarzen Business-Anz\u00fcgen. Sie wirkt professionell und selbstbewusst. <\/p>\n<\/li>\n<li>\n<p><b>Monochromer Stil:<\/b> Kombinieren Sie ihn mit anderem Silberschmuck oder Uhren mit Stahlarmband. So schaffen Sie einen stimmigen, klaren Look. <\/p>\n<\/li>\n<\/ol>\n","protected":false},"excerpt":{"rendered":"<p>Setzen Sie auf moderne Klassik mit dem Ring <b>Monte Carlo<\/b>. Dieser stilvolle <strong>silberne Ring<\/strong> besticht durch sein ikonisches Industriedesign mit eingefassten <strong>klaren Zirkonia<\/strong>. Die glatte Oberfl\u00e4che und der hohe Glanz garantieren einen luxuri\u00f6sen Look. Hergestellt aus hochwertigem <b>Chirurgenstahl<\/b>, l\u00e4uft nicht an, ist 100% wasserdicht und hypoallergen. Eleganz, inspiriert von der Franz\u00f6sischen Riviera.    <\/p>\n","protected":false},"featured_media":5110,"comment_status":"closed","ping_status":"closed","template":"","meta":{"_monsterinsights_skip_tracking":false,"_monsterinsights_sitenote_active":false,"_monsterinsights_sitenote_note":"","_monsterinsights_sitenote_category":0,"_joinchat":[]},"product_brand":[],"product_cat":[195,191],"product_tag":[],"class_list":{"0":"post-5109","1":"product","2":"type-product","3":"status-publish","4":"has-post-thumbnail","6":"product_cat-damen-edelstahlringe","7":"product_cat-ringe","9":"first","10":"instock","11":"taxable","12":"shipping-taxable","13":"purchasable","14":"product-type-simple"},"_links":{"self":[{"href":"https:\/\/yourdailyjewellery.eu\/de\/wp-json\/wp\/v2\/product\/5109","targetHints":{"allow":["GET"]}}],"collection":[{"href":"https:\/\/yourdailyjewellery.eu\/de\/wp-json\/wp\/v2\/product"}],"about":[{"href":"https:\/\/yourdailyjewellery.eu\/de\/wp-json\/wp\/v2\/types\/product"}],"replies":[{"embeddable":true,"href":"https:\/\/yourdailyjewellery.eu\/de\/wp-json\/wp\/v2\/comments?post=5109"}],"wp:featuredmedia":[{"embeddable":true,"href":"https:\/\/yourdailyjewellery.eu\/de\/wp-json\/wp\/v2\/media\/5110"}],"wp:attachment":[{"href":"https:\/\/yourdailyjewellery.eu\/de\/wp-json\/wp\/v2\/media?parent=5109"}],"wp:term":[{"taxonomy":"product_brand","embeddable":true,"href":"https:\/\/yourdailyjewellery.eu\/de\/wp-json\/wp\/v2\/product_brand?post=5109"},{"taxonomy":"product_cat","embeddable":true,"href":"https:\/\/yourdailyjewellery.eu\/de\/wp-json\/wp\/v2\/product_cat?post=5109"},{"taxonomy":"product_tag","embeddable":true,"href":"https:\/\/yourdailyjewellery.eu\/de\/wp-json\/wp\/v2\/product_tag?post=5109"}],"curies":[{"name":"wp","href":"https:\/\/api.w.org\/{rel}","templated":true}]}}