{"id":5099,"date":"2025-12-17T02:37:34","date_gmt":"2025-12-17T01:37:34","guid":{"rendered":"https:\/\/yourdailyjewellery.eu\/shop-2\/halskette-roma\/"},"modified":"2025-12-17T02:37:34","modified_gmt":"2025-12-17T01:37:34","slug":"halskette-roma","status":"publish","type":"product","link":"https:\/\/yourdailyjewellery.eu\/de\/shop-2\/halskette-roma\/","title":{"rendered":"Halskette Roma"},"content":{"rendered":"<h4>Halskette Roma \u2013 Italienische Eleganz und der Effekt von fl\u00fcssigem Gold<\/h4>\n<p>Tauchen Sie ein in die Stra\u00dfen Roms mit einer Halskette, die zeitlosen Luxus verk\u00f6rpert. Die <b>Halskette Roma<\/b> ist ein raffiniertes <strong>Doppel-Collier<\/strong>, das zwei der beliebtesten Kettentypen zu einem perfekten Ganzen vereint. Es erweckt den Eindruck, als w\u00fcrde geschmolzenes Gold \u00fcber Ihr Dekollet\u00e9 flie\u00dfen. <\/p>\n<p><b>Warum diese Halskette Stil neu definiert:<\/b><\/p>\n<ul>\n<li>\n<p><b>Die \u201eHerringbone\u201c-Ikone:<\/b> Die k\u00fcrzere, markantere Kette besteht aus einem flachen <strong>Herringbone<\/strong>-Muster (Fischgr\u00e4tmuster). Diese Art der Webart ist daf\u00fcr bekannt, dass sie v\u00f6llig flach auf der Haut liegt und das Licht wie ein Spiegel reflektiert. Sie wirkt wie ein seidenes Goldband.  <\/p>\n<\/li>\n<li>\n<p><b>Perfektes Layering:<\/b> Die l\u00e4ngere Kette besteht aus einer klassischen, runden <strong>\u201eSchlangenkette\u201c (Snake Chain)<\/strong>. Der Kontrast zwischen der breiten, flachen Kette und der d\u00fcnnen, runden Linie verleiht dem Schmuckst\u00fcck Tiefe und Textur. Sie m\u00fcssen sich nicht fragen, welche Ketten harmonieren \u2013 dieses Set hat die Wahl f\u00fcr Sie getroffen.  <\/p>\n<\/li>\n<li>\n<p><b>Flie\u00dfendes Design:<\/b> Beide Ketten zeichnen sich durch ihre Flexibilit\u00e4t und Geschmeidigkeit aus. Beim Bewegen schmiegen sie sich an und folgen perfekt den K\u00f6rperkonturen, was unglaublich feminin und verf\u00fchrerisch wirkt. <\/p>\n<\/li>\n<li>\n<p><b>Qualit\u00e4t, die nicht anl\u00e4uft:<\/b> Hergestellt aus hochwertigem <b>Chirurgenstahl 316L<\/b> mit 18k Vergoldung. Es ist 100% wasserdicht, sodass Sie diesen luxuri\u00f6sen Glanz jeden Tag genie\u00dfen k\u00f6nnen, sogar unter der Dusche oder am Meer. <\/p>\n<\/li>\n<\/ul>\n<p><b>Wie tr\u00e4gt man es?<\/b><\/p>\n<ol>\n<li>\n<p><b>Power Dressing:<\/b> Dieser Halskettentyp wird von Gesch\u00e4ftsfrauen geliebt. Sie sieht hervorragend aus in einem offenen Kragen einer wei\u00dfen Bluse oder eines Blazers, wo sie dem Outfit Autorit\u00e4t und Glanz verleiht. <\/p>\n<\/li>\n<li>\n<p><b>Abendlicher Minimalismus:<\/b> Tragen Sie ein einfaches schwarzes Kleid oder Top und lassen Sie ausschlie\u00dflich diese Halskette wirken. Ihr spiegelnder Glanz ersetzt jedes andere Schmuckst\u00fcck. <\/p>\n<\/li>\n<\/ol>\n","protected":false},"excerpt":{"rendered":"<p>G\u00f6nnen Sie sich einen Hauch von Luxus mit der Halskette <b>Roma<\/b>. Dieses elegante goldene <strong>Doppel-Collier<\/strong> kombiniert eine massivere, flache <strong>Herringbone<\/strong>-Kette mit einer feinen <strong>Schlangenkette<\/strong>. Zusammen erzeugen sie den Effekt von fl\u00fcssigem Gold und perfektem Layering. Hergestellt aus hochwertigem <b>Chirurgenstahl<\/b>, ist es 100% wasserdicht, hypoallergen und farbbest\u00e4ndig.   <\/p>\n","protected":false},"featured_media":5100,"comment_status":"closed","ping_status":"closed","template":"","meta":{"_monsterinsights_skip_tracking":false,"_monsterinsights_sitenote_active":false,"_monsterinsights_sitenote_note":"","_monsterinsights_sitenote_category":0,"_joinchat":[]},"product_brand":[],"product_cat":[196],"product_tag":[],"class_list":{"0":"post-5099","1":"product","2":"type-product","3":"status-publish","4":"has-post-thumbnail","6":"product_cat-halsketten","8":"first","9":"instock","10":"taxable","11":"shipping-taxable","12":"purchasable","13":"product-type-simple"},"_links":{"self":[{"href":"https:\/\/yourdailyjewellery.eu\/de\/wp-json\/wp\/v2\/product\/5099","targetHints":{"allow":["GET"]}}],"collection":[{"href":"https:\/\/yourdailyjewellery.eu\/de\/wp-json\/wp\/v2\/product"}],"about":[{"href":"https:\/\/yourdailyjewellery.eu\/de\/wp-json\/wp\/v2\/types\/product"}],"replies":[{"embeddable":true,"href":"https:\/\/yourdailyjewellery.eu\/de\/wp-json\/wp\/v2\/comments?post=5099"}],"wp:featuredmedia":[{"embeddable":true,"href":"https:\/\/yourdailyjewellery.eu\/de\/wp-json\/wp\/v2\/media\/5100"}],"wp:attachment":[{"href":"https:\/\/yourdailyjewellery.eu\/de\/wp-json\/wp\/v2\/media?parent=5099"}],"wp:term":[{"taxonomy":"product_brand","embeddable":true,"href":"https:\/\/yourdailyjewellery.eu\/de\/wp-json\/wp\/v2\/product_brand?post=5099"},{"taxonomy":"product_cat","embeddable":true,"href":"https:\/\/yourdailyjewellery.eu\/de\/wp-json\/wp\/v2\/product_cat?post=5099"},{"taxonomy":"product_tag","embeddable":true,"href":"https:\/\/yourdailyjewellery.eu\/de\/wp-json\/wp\/v2\/product_tag?post=5099"}],"curies":[{"name":"wp","href":"https:\/\/api.w.org\/{rel}","templated":true}]}}