{"id":5081,"date":"2025-12-17T02:37:23","date_gmt":"2025-12-17T01:37:23","guid":{"rendered":"https:\/\/yourdailyjewellery.eu\/shop-2\/nova-ring\/"},"modified":"2025-12-17T02:37:23","modified_gmt":"2025-12-17T01:37:23","slug":"nova-ring","status":"publish","type":"product","link":"https:\/\/yourdailyjewellery.eu\/de\/shop-2\/nova-ring\/","title":{"rendered":"Nova Ring"},"content":{"rendered":"<h4>Nova Ring \u2013 Dreifach anders, dreifach sch\u00f6ner<\/h4>\n<p>Perfekte Harmonie dreier Farben in einem Schmuckst\u00fcck. <b>Der Nova Ring<\/b> ist ein zeitloses St\u00fcck, das aus <strong>drei ineinander verschlungenen Ringen<\/strong> besteht. Jeder davon hat eine andere Metallfarbe \u2013 klassisches Gelbgold, romantisches Ros\u00e9gold und k\u00fchler Edelstahl. Zusammen bilden sie ein dynamisches Ganzes, das beim Anlegen an den Finger sanft \u201erollt\u201c (Rolling Effect).  <\/p>\n<p><b>Warum dieser Ring mehr als nur ein Schmuckst\u00fcck ist:<\/b><\/p>\n<ul>\n<li>\n<p><b>Starke Symbolik:<\/b> Drei verbundene Kreise symbolisieren traditionell drei Formen der Liebe: Treue (Silber), Freundschaft (Wei\u00df\/Stahl) und Leidenschaft (Rosa). F\u00fcr andere repr\u00e4sentieren sie Vergangenheit, Gegenwart und Zukunft. Es ist ein Schmuckst\u00fcck mit Geschichte.  <\/p>\n<\/li>\n<li>\n<p><b>Spielerischer Mechanismus:<\/b> Der Ring ist nicht statisch. Die Ringe sind lose miteinander verbunden, sodass sie aneinander gleiten. Diese sanfte Bewegung wirkt antistress und macht das Tragen des Rings zu einem Erlebnis.  <\/p>\n<\/li>\n<li>\n<p><b>Absolute Vielseitigkeit:<\/b> Dank der Kombination aus drei Metallen (Tricolor) l\u00f6st er Ihr ewiges Dilemma: <i>\u201ePasst dazu Silber oder Gold?\u201c<\/i> Der Nova Ring passt zu allem und l\u00e4sst sich leicht mit jedem anderen Schmuckst\u00fcck kombinieren.<\/p>\n<\/li>\n<li>\n<p><b>Qualit\u00e4t und Komfort:<\/b> Hergestellt aus robustem <b>Chirurgenstahl 316L<\/b>. Er ist 100 % wasserdicht, farbbest\u00e4ndig und dank der abgerundeten Kanten sehr angenehm zu tragen. <\/p>\n<\/li>\n<\/ul>\n<p><b>Wie tr\u00e4gt man es?<\/b><\/p>\n<ol>\n<li>\n<p><b>Everyday Essential:<\/b> Es ist ein ideales \u201eSignature\u201c-Schmuckst\u00fcck, das Sie nie ablegen m\u00fcssen. Es passt zur Arbeit, zu Jeans und zu eleganten Kleidern. <\/p>\n<\/li>\n<li>\n<p><b>Mix &amp; Match:<\/b> Tragen Sie ihn an einer Hand mit einer goldenen Uhr und an der anderen mit einem silbernen Armband. Dieser Ring verbindet diese beiden Welten visuell. <\/p>\n<\/li>\n<\/ol>\n","protected":false},"excerpt":{"rendered":"<p>Entdecken Sie den Zauber dreier Metalle mit dem <b>Nova<\/b> Ring. Dieser ikonische \u201eRolling Ring\u201c besteht aus drei ineinander verschlungenen Ringen in den Farben <strong>Gelbgold, Ros\u00e9gold und Edelstahl<\/strong>. Beim Anlegen gleiten sie sanft am Finger. Hergestellt aus hochwertigem <b>Chirurgenstahl<\/b>, ist er 100 % wasserdicht, hypoallergen und farbbest\u00e4ndig. Ein Symbol f\u00fcr Liebe, Treue und Freundschaft.   <\/p>\n","protected":false},"featured_media":5082,"comment_status":"closed","ping_status":"closed","template":"","meta":{"_monsterinsights_skip_tracking":false,"_monsterinsights_sitenote_active":false,"_monsterinsights_sitenote_note":"","_monsterinsights_sitenote_category":0,"_joinchat":[]},"product_brand":[],"product_cat":[195,191],"product_tag":[],"class_list":{"0":"post-5081","1":"product","2":"type-product","3":"status-publish","4":"has-post-thumbnail","6":"product_cat-damen-edelstahlringe","7":"product_cat-ringe","9":"first","10":"instock","11":"taxable","12":"shipping-taxable","13":"purchasable","14":"product-type-simple"},"_links":{"self":[{"href":"https:\/\/yourdailyjewellery.eu\/de\/wp-json\/wp\/v2\/product\/5081","targetHints":{"allow":["GET"]}}],"collection":[{"href":"https:\/\/yourdailyjewellery.eu\/de\/wp-json\/wp\/v2\/product"}],"about":[{"href":"https:\/\/yourdailyjewellery.eu\/de\/wp-json\/wp\/v2\/types\/product"}],"replies":[{"embeddable":true,"href":"https:\/\/yourdailyjewellery.eu\/de\/wp-json\/wp\/v2\/comments?post=5081"}],"wp:featuredmedia":[{"embeddable":true,"href":"https:\/\/yourdailyjewellery.eu\/de\/wp-json\/wp\/v2\/media\/5082"}],"wp:attachment":[{"href":"https:\/\/yourdailyjewellery.eu\/de\/wp-json\/wp\/v2\/media?parent=5081"}],"wp:term":[{"taxonomy":"product_brand","embeddable":true,"href":"https:\/\/yourdailyjewellery.eu\/de\/wp-json\/wp\/v2\/product_brand?post=5081"},{"taxonomy":"product_cat","embeddable":true,"href":"https:\/\/yourdailyjewellery.eu\/de\/wp-json\/wp\/v2\/product_cat?post=5081"},{"taxonomy":"product_tag","embeddable":true,"href":"https:\/\/yourdailyjewellery.eu\/de\/wp-json\/wp\/v2\/product_tag?post=5081"}],"curies":[{"name":"wp","href":"https:\/\/api.w.org\/{rel}","templated":true}]}}