{"id":5075,"date":"2025-12-17T02:37:40","date_gmt":"2025-12-17T01:37:40","guid":{"rendered":"https:\/\/yourdailyjewellery.eu\/shop-2\/halskette-white-flower\/"},"modified":"2026-01-23T11:33:30","modified_gmt":"2026-01-23T10:33:30","slug":"halskette-white-flower","status":"publish","type":"product","link":"https:\/\/yourdailyjewellery.eu\/de\/shop-2\/halskette-white-flower\/","title":{"rendered":"Halskette White Flower"},"content":{"rendered":"<h4>Halskette White Flower \u2013 Reine Sch\u00f6nheit in Wei\u00df und Gold<\/h4>\n<p>Bringen Sie Licht und Zartheit in Ihren Tag mit der Halskette <b>White Flower<\/b>. Dieses bezaubernde Schmuckst\u00fcck verbindet den Glanz von Gold mit der Reinheit der wei\u00dfen Farbe. Der Anh\u00e4nger in Form einer <strong>f\u00fcnfbl\u00e4ttrigen Blume<\/strong> ist die perfekte Verk\u00f6rperung von Unschuld, Eleganz und weiblichem Charme.  <\/p>\n<p><b>Warum diese Halskette die Definition von Zartheit ist:<\/b><\/p>\n<ul>\n<li>\n<p><b>Engelsgleiche Kombination:<\/b> Die Mitte der Blume f\u00fcllt eine glatte wei\u00dfe Fl\u00e4che mit zartem Glanz (Optik von wei\u00dfem Perlmutt oder Emaille). Wei\u00df und Gold bilden das harmonischste Duo, das Ihren Teint sofort aufhellt und Ihnen ein jugendliches Aussehen verleiht. <\/p>\n<\/li>\n<li>\n<p><b>Vintage-Detail:<\/b> Wie bei der schwarzen Version ist auch hier der Rand der Blume mit einer pr\u00e4zisen <strong>goldenen Kugelverzierung<\/strong> verziert. Dieses Detail verleiht dem Anh\u00e4nger Textur und erinnert an die Schmucktechniken alter Meister. <\/p>\n<\/li>\n<li>\n<p><b>Universelles Symbol:<\/b> Das Blumenmotiv ist zeitlos. In Wei\u00df symbolisiert es Reinheit, Aufrichtigkeit und Neuanf\u00e4nge. Es ist ein Schmuckst\u00fcck, das jeder Frau, unabh\u00e4ngig vom Alter, steht.  <\/p>\n<\/li>\n<li>\n<p><b>Qualit\u00e4t, die nicht verblasst:<\/b> Hergestellt aus robustem <b>Chirurgenstahl 316L<\/b> mit 18k Vergoldung. Es ist 100% wasserfest, sodass Sie sich keine Sorgen machen m\u00fcssen, dass die wei\u00dfe Farbe vergilbt oder das Gold seinen Glanz verliert. Es bleibt \u00fcber Jahre hinweg wundersch\u00f6n.  <\/p>\n<\/li>\n<\/ul>\n<p><b>Wie tr\u00e4gt man es?<\/b><\/p>\n<ol>\n<li>\n<p><b>Bridal &amp; Romantic:<\/b> Es ist ein wundersch\u00f6nes Accessoire f\u00fcr Br\u00e4ute, Brautjungfern oder f\u00fcr ein romantisches Date. Es harmoniert wunderbar mit Spitze, Seide und Pastellfarben. <\/p>\n<\/li>\n<li>\n<p><b>Fresh Look:<\/b> Kreieren Sie einen frischen Tageslook in Kombination mit Jeans und einem wei\u00dfen Leinenhemd. Die Halskette verleiht dem Outfit den n\u00f6tigen Hauch von Eleganz. <\/p>\n<\/li>\n<\/ol>\n","protected":false},"excerpt":{"rendered":"<p>Strahlen Sie mit der Halskette <b>White Flower<\/b>. Dieses zarte Goldschmuckst\u00fcck ziert ein Anh\u00e4nger in Form einer <strong>Blume mit wei\u00dfer F\u00fcllung<\/strong> (Perlmutt-Optik), die elegant von einer goldenen <strong>Kugelverzierung<\/strong> umrahmt wird. Sie symbolisiert Reinheit und zeitlose Sch\u00f6nheit. Hergestellt aus hochwertigem <b>Chirurgenstahl<\/b>, ist sie 100% wasserfest, hypoallergen und farbbest\u00e4ndig.   <\/p>\n","protected":false},"featured_media":5076,"comment_status":"closed","ping_status":"closed","template":"","meta":{"_monsterinsights_skip_tracking":false,"_monsterinsights_sitenote_active":false,"_monsterinsights_sitenote_note":"","_monsterinsights_sitenote_category":0,"_joinchat":[]},"product_brand":[],"product_cat":[196],"product_tag":[],"class_list":{"0":"post-5075","1":"product","2":"type-product","3":"status-publish","4":"has-post-thumbnail","6":"product_cat-halsketten","8":"first","9":"instock","10":"taxable","11":"shipping-taxable","12":"purchasable","13":"product-type-simple"},"_links":{"self":[{"href":"https:\/\/yourdailyjewellery.eu\/de\/wp-json\/wp\/v2\/product\/5075","targetHints":{"allow":["GET"]}}],"collection":[{"href":"https:\/\/yourdailyjewellery.eu\/de\/wp-json\/wp\/v2\/product"}],"about":[{"href":"https:\/\/yourdailyjewellery.eu\/de\/wp-json\/wp\/v2\/types\/product"}],"replies":[{"embeddable":true,"href":"https:\/\/yourdailyjewellery.eu\/de\/wp-json\/wp\/v2\/comments?post=5075"}],"wp:featuredmedia":[{"embeddable":true,"href":"https:\/\/yourdailyjewellery.eu\/de\/wp-json\/wp\/v2\/media\/5076"}],"wp:attachment":[{"href":"https:\/\/yourdailyjewellery.eu\/de\/wp-json\/wp\/v2\/media?parent=5075"}],"wp:term":[{"taxonomy":"product_brand","embeddable":true,"href":"https:\/\/yourdailyjewellery.eu\/de\/wp-json\/wp\/v2\/product_brand?post=5075"},{"taxonomy":"product_cat","embeddable":true,"href":"https:\/\/yourdailyjewellery.eu\/de\/wp-json\/wp\/v2\/product_cat?post=5075"},{"taxonomy":"product_tag","embeddable":true,"href":"https:\/\/yourdailyjewellery.eu\/de\/wp-json\/wp\/v2\/product_tag?post=5075"}],"curies":[{"name":"wp","href":"https:\/\/api.w.org\/{rel}","templated":true}]}}