{"id":5073,"date":"2025-12-17T02:37:40","date_gmt":"2025-12-17T01:37:40","guid":{"rendered":"https:\/\/yourdailyjewellery.eu\/shop-2\/halskette-key-krystal\/"},"modified":"2026-01-23T11:33:30","modified_gmt":"2026-01-23T10:33:30","slug":"halskette-key-krystal","status":"publish","type":"product","link":"https:\/\/yourdailyjewellery.eu\/de\/shop-2\/halskette-key-krystal\/","title":{"rendered":"Halskette Key Krystal"},"content":{"rendered":"<h4>Halskette Key Krystal \u2013 Entdecken Sie Ihre Tr\u00e4ume<\/h4>\n<p>Jeder Schl\u00fcssel birgt eine Geschichte. Die <b>Halskette Key Krystal<\/b> ist ein symbolisches Schmuckst\u00fcck, das neue M\u00f6glichkeiten, Geheimnisse oder den Schl\u00fcssel zum Herzen eines geliebten Menschen darstellt. Dieses romantische St\u00fcck verbindet ein klassisches Motiv mit dem strahlenden Glanz moderner Materialien. <\/p>\n<p><b>Warum diese Halskette bezaubernd ist:<\/b><\/p>\n<ul>\n<li>\n<p><b>Strahlender Schl\u00fcsselkopf:<\/b> Der obere Teil des Anh\u00e4ngers ist nicht gew\u00f6hnlich. Er besteht aus vier gro\u00dfen <strong>klaren Zirkonia<\/strong>, die rautenf\u00f6rmig angeordnet sind. In ihrer Mitte befindet sich ein feines goldenes Detail in Sternform, das dem Anh\u00e4nger Tiefe und ein k\u00f6nigliches Aussehen verleiht.  <\/p>\n<\/li>\n<li>\n<p><b>Funkelnde Kette:<\/b> Der Anh\u00e4nger h\u00e4ngt an einer speziellen Art von Kette (bekannt als <strong>Lip Chain<\/strong>), die aus flachen Gliedern besteht. Diese Art der Bindung funktioniert wie ein Spiegel \u2013 bei jeder Bewegung reflektiert sie das Licht und erzeugt so einen wundersch\u00f6nen, schimmernden Effekt \u00fcber die gesamte L\u00e4nge. <\/p>\n<\/li>\n<li>\n<p><b>Symbolik:<\/b> Ein Schl\u00fcssel wird oft als Ausdruck von Vertrauen (\u201eSie haben den Schl\u00fcssel zu meinem Herzen\u201c) oder als Gl\u00fcckswunsch f\u00fcr einen neuen Lebensabschnitt (z. B. zum 18. Geburtstag oder zur Graduierung) verschenkt.<\/p>\n<\/li>\n<li>\n<p><b>Dauerhafte Qualit\u00e4t:<\/b> Hergestellt aus robustem <b>Chirurgenstahl 316L<\/b> mit 18k Vergoldung. Er ist 100 % wasserdicht, sodass Sie dieses Symbol stets am Hals tragen k\u00f6nnen, ohne sich um seine Sch\u00f6nheit sorgen zu m\u00fcssen. <\/p>\n<\/li>\n<\/ul>\n<p><b>Wie tr\u00e4gt man es?<\/b><\/p>\n<ol>\n<li>\n<p><b>Romantischer Look:<\/b> Passt perfekt zu zarten Kleidern, Spitze oder Pastellfarben. Wirkt sehr feminin und zart. <\/p>\n<\/li>\n<li>\n<p><b>Layering:<\/b> Dank der markanteren Kette und der vertikalen Form des Anh\u00e4ngers eignet er sich hervorragend zum Layering. Versuchen Sie, ihn mit einem k\u00fcrzeren, einfachen Choker zu erg\u00e4nzen. <\/p>\n<\/li>\n<\/ol>\n","protected":false},"excerpt":{"rendered":"<p>Schenken Sie den Schl\u00fcssel zum Herzen mit der <b>Halskette Key Krystal<\/b>. Dieses symbolische goldene Schmuckst\u00fcck ziert einen Anh\u00e4nger in Form eines <strong>Schl\u00fcssels<\/strong>, dessen Kopf aus vier strahlenden <strong>klaren Zirkonia<\/strong> besteht. Er h\u00e4ngt an einer effektvollen, glitzernden Kette mit flachen Gliedern (Lip Chain). Hergestellt aus hochwertigem <b>Chirurgenstahl<\/b>, ist er 100 % wasserdicht, hypoallergen und farbbest\u00e4ndig.   <\/p>\n","protected":false},"featured_media":5074,"comment_status":"closed","ping_status":"closed","template":"","meta":{"_monsterinsights_skip_tracking":false,"_monsterinsights_sitenote_active":false,"_monsterinsights_sitenote_note":"","_monsterinsights_sitenote_category":0,"_joinchat":[]},"product_brand":[],"product_cat":[196],"product_tag":[],"class_list":{"0":"post-5073","1":"product","2":"type-product","3":"status-publish","4":"has-post-thumbnail","6":"product_cat-halsketten","8":"first","9":"instock","10":"taxable","11":"shipping-taxable","12":"purchasable","13":"product-type-simple"},"_links":{"self":[{"href":"https:\/\/yourdailyjewellery.eu\/de\/wp-json\/wp\/v2\/product\/5073","targetHints":{"allow":["GET"]}}],"collection":[{"href":"https:\/\/yourdailyjewellery.eu\/de\/wp-json\/wp\/v2\/product"}],"about":[{"href":"https:\/\/yourdailyjewellery.eu\/de\/wp-json\/wp\/v2\/types\/product"}],"replies":[{"embeddable":true,"href":"https:\/\/yourdailyjewellery.eu\/de\/wp-json\/wp\/v2\/comments?post=5073"}],"wp:featuredmedia":[{"embeddable":true,"href":"https:\/\/yourdailyjewellery.eu\/de\/wp-json\/wp\/v2\/media\/5074"}],"wp:attachment":[{"href":"https:\/\/yourdailyjewellery.eu\/de\/wp-json\/wp\/v2\/media?parent=5073"}],"wp:term":[{"taxonomy":"product_brand","embeddable":true,"href":"https:\/\/yourdailyjewellery.eu\/de\/wp-json\/wp\/v2\/product_brand?post=5073"},{"taxonomy":"product_cat","embeddable":true,"href":"https:\/\/yourdailyjewellery.eu\/de\/wp-json\/wp\/v2\/product_cat?post=5073"},{"taxonomy":"product_tag","embeddable":true,"href":"https:\/\/yourdailyjewellery.eu\/de\/wp-json\/wp\/v2\/product_tag?post=5073"}],"curies":[{"name":"wp","href":"https:\/\/api.w.org\/{rel}","templated":true}]}}