{"id":5053,"date":"2025-12-17T02:37:41","date_gmt":"2025-12-17T01:37:41","guid":{"rendered":"https:\/\/yourdailyjewellery.eu\/shop-2\/halskette-gold\/"},"modified":"2026-01-23T11:33:30","modified_gmt":"2026-01-23T10:33:30","slug":"halskette-gold","status":"publish","type":"product","link":"https:\/\/yourdailyjewellery.eu\/de\/shop-2\/halskette-gold\/","title":{"rendered":"Halskette GOLD"},"content":{"rendered":"<h4>Halskette Gold \u2013 Ein Hauch von purem Luxus<\/h4>\n<p>In der Einfachheit liegt die gr\u00f6\u00dfte Kraft. <b>Die Halskette Gold<\/b> ist der Beweis, dass ein Schmuckst\u00fcck keine Edelsteine oder komplexen Muster ben\u00f6tigt, um bezaubernd zu sein. Dieses St\u00fcck setzt auf die reine Sch\u00f6nheit des Metalls und eine perfekte Formgebung, wodurch es den Effekt von \u201efl\u00fcssigem Gold\u201c auf Ihrer Haut erzeugt. <\/p>\n<p><b>Warum dieses minimalistische St\u00fcck so begehrt ist:<\/b><\/p>\n<ul>\n<li>\n<p><b>Design \u201eGoldener Tropfen\u201c:<\/b> Das dominierende Element der Halskette ist ein Anh\u00e4nger in der organischen Form eines <strong>Tropfens oder Korns<\/strong> (Teardrop shape). Seine Oberfl\u00e4che ist perfekt glatt und auf Hochglanz poliert. Es wirkt wie ein geschmolzenes St\u00fcck Gold, das im sch\u00f6nsten Moment erstarrt ist.  <\/p>\n<\/li>\n<li>\n<p><b>Zeitlose \u00c4sthetik:<\/b> Dieser skulpturale Schmuckstil ist von moderner Kunst und weltweiten Designern inspiriert. Es ist ein St\u00fcck, das keinen Trends unterliegt \u2013 es wird heute genauso stilvoll aussehen wie in zehn Jahren. <\/p>\n<\/li>\n<li>\n<p><b>Vielseitigkeit:<\/b> Aufgrund des Verzichts auf Farben und Steine passt es absolut zu allem. Es ist ein ideales \u201eSignature Piece\u201c (Erkennungsst\u00fcck), das Sie nonstop tragen k\u00f6nnen. <\/p>\n<\/li>\n<li>\n<p><b>Haltbarkeit und Glanz:<\/b> Hergestellt aus hochwertigem <b>Chirurgenstahl 316L<\/b> mit 18k Vergoldung. Es ist 100 % wasserdicht, sodass Sie damit duschen und Sport treiben k\u00f6nnen und sein Spiegelglanz unversehrt bleibt. <\/p>\n<\/li>\n<\/ul>\n<p><b>Wie tr\u00e4gt man es?<\/b><\/p>\n<ol>\n<li>\n<p><b>Clean Girl Look:<\/b> Diese Halskette ist die Basis der \u201eClean Girl\u201c-\u00c4sthetik. Erg\u00e4nzen Sie ihn einfach mit zarten Creolen, gepflegtem Haar und nat\u00fcrlichem Make-up. <\/p>\n<\/li>\n<li>\n<p><b>Texturen schichten:<\/b> Kombinieren Sie ihn mit einer Kette eines anderen Typs (z. B. einer gedrehten Kette oder einer Schlangenkette). Der glatte Tropfen bildet einen sch\u00f6nen Kontrast zu strukturierten Ketten. <\/p>\n<\/li>\n<\/ol>\n","protected":false},"excerpt":{"rendered":"<p>Entdecken Sie die Sch\u00f6nheit des Minimalismus mit der Halskette <b>Gold<\/b>. Dieses elegante Goldschmuckst\u00fcck ziert ein Anh\u00e4nger in der organischen Form eines <strong>glatten Tropfens<\/strong> (Korns), der den Effekt von fl\u00fcssigem Metall erzeugt. Die perfekt polierte Oberfl\u00e4che reflektiert das Licht und verleiht dem Dekollet\u00e9 einen zarten Glanz. Hergestellt aus hochwertigem <b>Chirurgenstahl<\/b>, ist er 100 % wasserdicht, hypoallergen und farbbest\u00e4ndig.   <\/p>\n","protected":false},"featured_media":5054,"comment_status":"closed","ping_status":"closed","template":"","meta":{"_monsterinsights_skip_tracking":false,"_monsterinsights_sitenote_active":false,"_monsterinsights_sitenote_note":"","_monsterinsights_sitenote_category":0,"_joinchat":[]},"product_brand":[],"product_cat":[196],"product_tag":[],"class_list":{"0":"post-5053","1":"product","2":"type-product","3":"status-publish","4":"has-post-thumbnail","6":"product_cat-halsketten","8":"first","9":"instock","10":"taxable","11":"shipping-taxable","12":"purchasable","13":"product-type-simple"},"_links":{"self":[{"href":"https:\/\/yourdailyjewellery.eu\/de\/wp-json\/wp\/v2\/product\/5053","targetHints":{"allow":["GET"]}}],"collection":[{"href":"https:\/\/yourdailyjewellery.eu\/de\/wp-json\/wp\/v2\/product"}],"about":[{"href":"https:\/\/yourdailyjewellery.eu\/de\/wp-json\/wp\/v2\/types\/product"}],"replies":[{"embeddable":true,"href":"https:\/\/yourdailyjewellery.eu\/de\/wp-json\/wp\/v2\/comments?post=5053"}],"wp:featuredmedia":[{"embeddable":true,"href":"https:\/\/yourdailyjewellery.eu\/de\/wp-json\/wp\/v2\/media\/5054"}],"wp:attachment":[{"href":"https:\/\/yourdailyjewellery.eu\/de\/wp-json\/wp\/v2\/media?parent=5053"}],"wp:term":[{"taxonomy":"product_brand","embeddable":true,"href":"https:\/\/yourdailyjewellery.eu\/de\/wp-json\/wp\/v2\/product_brand?post=5053"},{"taxonomy":"product_cat","embeddable":true,"href":"https:\/\/yourdailyjewellery.eu\/de\/wp-json\/wp\/v2\/product_cat?post=5053"},{"taxonomy":"product_tag","embeddable":true,"href":"https:\/\/yourdailyjewellery.eu\/de\/wp-json\/wp\/v2\/product_tag?post=5053"}],"curies":[{"name":"wp","href":"https:\/\/api.w.org\/{rel}","templated":true}]}}