{"id":5051,"date":"2025-12-17T02:37:42","date_gmt":"2025-12-17T01:37:42","guid":{"rendered":"https:\/\/yourdailyjewellery.eu\/shop-2\/santos-halskette\/"},"modified":"2025-12-17T02:37:42","modified_gmt":"2025-12-17T01:37:42","slug":"santos-halskette","status":"publish","type":"product","link":"https:\/\/yourdailyjewellery.eu\/de\/shop-2\/santos-halskette\/","title":{"rendered":"Santos Halskette"},"content":{"rendered":"<h4>Santos Halskette \u2013 Fl\u00fcssiggoldeffekt<\/h4>\n<p>G\u00f6nnen Sie sich das Gef\u00fchl von purem Luxus mit der <b>Santos<\/b> Halskette. Diese ikonische Kette ist bekannt f\u00fcr ihr flaches, dicht geflochtenes Muster (technisch als <strong>Herringbone<\/strong> oder \u201eFischgr\u00e4tmuster\u201c bezeichnet). Ihre Oberfl\u00e4che ist auf Hochglanz poliert, wodurch sie am Hals wie ein Strom aus geschmolzenem Gold aussieht.  <\/p>\n<p><b>Warum diese Halskette ein Must-have f\u00fcr Ihre Garderobe ist:<\/b><\/p>\n<ul>\n<li>\n<p><b>Seidiger Griff:<\/b> Die Kette besteht aus kleinen, flachen, V-f\u00f6rmigen Gliedern, die eng ineinandergreifen. Dieses Design sorgt daf\u00fcr, dass das Schmuckst\u00fcck flach auf dem Schl\u00fcsselbein liegt, sich nicht verdreht und sich seidig glatt anf\u00fchlt. <\/p>\n<\/li>\n<li>\n<p><b>Maximaler Glanz:<\/b> Dank ihrer Breite und flachen Oberfl\u00e4che reflektiert sie das Licht viel intensiver als gew\u00f6hnliche Ketten. Es ist ein Schmuckst\u00fcck, das jeder bemerkt, auch wenn es minimalistisch im Design ist. <\/p>\n<\/li>\n<li>\n<p><b>Universeller Stil:<\/b> Santos ist ein Unisex-Modell. Sie wirkt hervorragend am weiblichen Dekollet\u00e9, aber auch als stilvolles Herrenaccessoire. Es ist ein zeitloser Klassiker, der sowohl zu einem eleganten Sakko als auch zu einem einfachen T-Shirt passt.  <\/p>\n<\/li>\n<li>\n<p><b>Haltbarkeit und Qualit\u00e4t:<\/b> Hergestellt aus hochwertigem <b>Chirurgenstahl 316L<\/b> mit 18k Vergoldung. Sie ist 100% wasserdicht und korrosionsbest\u00e4ndig. (Hinweis: Wir empfehlen, diese Art von Kette nachts abzulegen, um Bruch\/Verbiegen zu vermeiden, was eine Besonderheit flacher Ketten ist).  <\/p>\n<\/li>\n<\/ul>\n<p><b>Wie tr\u00e4gt man es?<\/b><\/p>\n<ol>\n<li>\n<p><b>Solo Statement:<\/b> Lassen Sie sie f\u00fcr sich wirken. Ihr Glanz ist so markant, dass sie keinen Anh\u00e4nger oder weitere Accessoires ben\u00f6tigt. <\/p>\n<\/li>\n<li>\n<p><b>Texturen schichten:<\/b> Kombinieren Sie sie mit einer d\u00fcnneren Kette mit Anh\u00e4nger (z.B. Modell Gold 1). Der Kontrast zwischen der flachen Kette und dem zarten Anh\u00e4nger wirkt sehr modern. <\/p>\n<\/li>\n<\/ol>\n","protected":false},"excerpt":{"rendered":"<p>Gl\u00e4nzen Sie mit der <b>Santos<\/b> Halskette. Diese exklusive Goldkette mit flachem <strong>Herringbone<\/strong>-Muster (Fischgr\u00e4tmuster) erzeugt am Hals einen <strong>Fl\u00fcssiggoldeffekt<\/strong>. Sie schmiegt sich perfekt an die Haut an und besitzt einen hohen Spiegelglanz. Hergestellt aus hochwertigem <b>Chirurgenstahl<\/b>, ist sie 100% wasserdicht, hypoallergen und farbbest\u00e4ndig. Ein zeitloses St\u00fcck f\u00fcr Sie und Ihn.    <\/p>\n","protected":false},"featured_media":5052,"comment_status":"closed","ping_status":"closed","template":"","meta":{"_monsterinsights_skip_tracking":false,"_monsterinsights_sitenote_active":false,"_monsterinsights_sitenote_note":"","_monsterinsights_sitenote_category":0,"_joinchat":[]},"product_brand":[],"product_cat":[196],"product_tag":[],"class_list":{"0":"post-5051","1":"product","2":"type-product","3":"status-publish","4":"has-post-thumbnail","6":"product_cat-halsketten","8":"first","9":"instock","10":"taxable","11":"shipping-taxable","12":"purchasable","13":"product-type-simple"},"_links":{"self":[{"href":"https:\/\/yourdailyjewellery.eu\/de\/wp-json\/wp\/v2\/product\/5051","targetHints":{"allow":["GET"]}}],"collection":[{"href":"https:\/\/yourdailyjewellery.eu\/de\/wp-json\/wp\/v2\/product"}],"about":[{"href":"https:\/\/yourdailyjewellery.eu\/de\/wp-json\/wp\/v2\/types\/product"}],"replies":[{"embeddable":true,"href":"https:\/\/yourdailyjewellery.eu\/de\/wp-json\/wp\/v2\/comments?post=5051"}],"wp:featuredmedia":[{"embeddable":true,"href":"https:\/\/yourdailyjewellery.eu\/de\/wp-json\/wp\/v2\/media\/5052"}],"wp:attachment":[{"href":"https:\/\/yourdailyjewellery.eu\/de\/wp-json\/wp\/v2\/media?parent=5051"}],"wp:term":[{"taxonomy":"product_brand","embeddable":true,"href":"https:\/\/yourdailyjewellery.eu\/de\/wp-json\/wp\/v2\/product_brand?post=5051"},{"taxonomy":"product_cat","embeddable":true,"href":"https:\/\/yourdailyjewellery.eu\/de\/wp-json\/wp\/v2\/product_cat?post=5051"},{"taxonomy":"product_tag","embeddable":true,"href":"https:\/\/yourdailyjewellery.eu\/de\/wp-json\/wp\/v2\/product_tag?post=5051"}],"curies":[{"name":"wp","href":"https:\/\/api.w.org\/{rel}","templated":true}]}}