{"id":5049,"date":"2025-12-17T02:37:27","date_gmt":"2025-12-17T01:37:27","guid":{"rendered":"https:\/\/yourdailyjewellery.eu\/shop-2\/aurora-ring\/"},"modified":"2025-12-17T02:37:27","modified_gmt":"2025-12-17T01:37:27","slug":"aurora-ring","status":"publish","type":"product","link":"https:\/\/yourdailyjewellery.eu\/de\/shop-2\/aurora-ring\/","title":{"rendered":"Aurora Ring"},"content":{"rendered":"<h4>Aurora Ring \u2013 Mystische Sch\u00f6nheit der Nacht und des Goldes<\/h4>\n<p>Entdecken Sie ein Schmuckst\u00fcck, das den Zauber alter Zivilisationen und modernen Boho-Stil in sich birgt. Der <b>Aurora Ring<\/b> ist ein markanter, breiter Ring, der sofort die Aufmerksamkeit auf sich zieht. Sein Mittelpunkt ist ein runder <strong>schwarzer Stein mit wei\u00dfer Maserung<\/strong> (Effekt von schwarzem Marmor), der auf einer opulenten Konstruktion aus einer goldenen Fassung thront. <\/p>\n<p><b>Warum dieser Ring die K\u00f6nigin Ihrer Schmuckschatulle ist:<\/b><\/p>\n<ul>\n<li>\n<p><b>\u201eMulti-Row\u201c-Design:<\/b> Der Ring erzeugt die Illusion, als w\u00fcrden Sie f\u00fcnf verschiedene Ringe \u00fcbereinander tragen. Hier wechseln sich glatte Linien mit <strong>geriffelten (Kugel-)Linien<\/strong> ab, was dem Schmuckst\u00fcck eine erstaunliche Textur und Tiefe verleiht. <\/p>\n<\/li>\n<li>\n<p><b>Eleganter Kontrast:<\/b> Die Kombination aus strahlendem 18k Gold und der dunklen schwarzen Farbe des Steins ist die Definition von Luxus. Der Stein erinnert an den Nachthimmel oder seltenen Marmor, wodurch er dem Outfit einen geheimnisvollen Hauch verleiht. <\/p>\n<\/li>\n<li>\n<p><b>Breit und anpassbar:<\/b> Es handelt sich um einen massiveren Ringtyp (Cuff Ring), der die Hand dominiert. Dank der <strong>offenen R\u00fcckseite<\/strong> k\u00f6nnen Sie seine Gr\u00f6\u00dfe jedoch bequem anpassen, sodass er auch an einem breiteren Finger nicht dr\u00fcckt. <\/p>\n<\/li>\n<li>\n<p><b>Wasserbest\u00e4ndigkeit:<\/b> Hergestellt aus hochwertigem <b>Chirurgenstahl 316L<\/b> mit 18k Vergoldung. Er ist 100% wasserdicht, der Stein ist fest gefasst und das Metall beh\u00e4lt seine Farbe auch bei h\u00e4ufigem Tragen. <\/p>\n<\/li>\n<\/ul>\n<p><b>Wie tr\u00e4gt man es?<\/b><\/p>\n<ol>\n<li>\n<p><b>Boho Chic:<\/b> Er ist das perfekte Accessoire zu Maxikleidern, Kimonos und sommerlichen Festival-Outfits. Die schwarze Farbe passt zu allem. <\/p>\n<\/li>\n<li>\n<p><b>Abendliche Eleganz:<\/b> Tragen Sie ihn als einziges Statement-Schmuckst\u00fcck zu einem kleinen Schwarzen. Gold und Schwarz sind eine unsterbliche Kombination f\u00fcr Partys. <\/p>\n<\/li>\n<\/ol>\n","protected":false},"excerpt":{"rendered":"<p>Beeindrucken Sie mit markantem Stil mit dem <b>Aurora<\/b> Ring. Dieser breite Goldring im <strong>Boho-Stil<\/strong> besteht aus mehreren glatten und geriffelten Linien. Dominierend ist der zentrale <strong>schwarze Stein mit Marmoreffekt<\/strong>. Dank der offenen R\u00fcckseite ist er <strong>gr\u00f6\u00dfenverstellbar<\/strong>. Hergestellt aus hochwertigem <b>Chirurgenstahl<\/b>, ist er 100% wasserdicht, hypoallergen und farbbest\u00e4ndig.    <\/p>\n","protected":false},"featured_media":5050,"comment_status":"closed","ping_status":"closed","template":"","meta":{"_monsterinsights_skip_tracking":false,"_monsterinsights_sitenote_active":false,"_monsterinsights_sitenote_note":"","_monsterinsights_sitenote_category":0,"_joinchat":[]},"product_brand":[],"product_cat":[195,191],"product_tag":[],"class_list":{"0":"post-5049","1":"product","2":"type-product","3":"status-publish","4":"has-post-thumbnail","6":"product_cat-damen-edelstahlringe","7":"product_cat-ringe","9":"first","10":"instock","11":"taxable","12":"shipping-taxable","13":"purchasable","14":"product-type-simple"},"_links":{"self":[{"href":"https:\/\/yourdailyjewellery.eu\/de\/wp-json\/wp\/v2\/product\/5049","targetHints":{"allow":["GET"]}}],"collection":[{"href":"https:\/\/yourdailyjewellery.eu\/de\/wp-json\/wp\/v2\/product"}],"about":[{"href":"https:\/\/yourdailyjewellery.eu\/de\/wp-json\/wp\/v2\/types\/product"}],"replies":[{"embeddable":true,"href":"https:\/\/yourdailyjewellery.eu\/de\/wp-json\/wp\/v2\/comments?post=5049"}],"wp:featuredmedia":[{"embeddable":true,"href":"https:\/\/yourdailyjewellery.eu\/de\/wp-json\/wp\/v2\/media\/5050"}],"wp:attachment":[{"href":"https:\/\/yourdailyjewellery.eu\/de\/wp-json\/wp\/v2\/media?parent=5049"}],"wp:term":[{"taxonomy":"product_brand","embeddable":true,"href":"https:\/\/yourdailyjewellery.eu\/de\/wp-json\/wp\/v2\/product_brand?post=5049"},{"taxonomy":"product_cat","embeddable":true,"href":"https:\/\/yourdailyjewellery.eu\/de\/wp-json\/wp\/v2\/product_cat?post=5049"},{"taxonomy":"product_tag","embeddable":true,"href":"https:\/\/yourdailyjewellery.eu\/de\/wp-json\/wp\/v2\/product_tag?post=5049"}],"curies":[{"name":"wp","href":"https:\/\/api.w.org\/{rel}","templated":true}]}}