{"id":5043,"date":"2025-12-17T02:37:42","date_gmt":"2025-12-17T01:37:42","guid":{"rendered":"https:\/\/yourdailyjewellery.eu\/shop-2\/kette-shine\/"},"modified":"2025-12-17T02:37:42","modified_gmt":"2025-12-17T01:37:42","slug":"kette-shine","status":"publish","type":"product","link":"https:\/\/yourdailyjewellery.eu\/de\/shop-2\/kette-shine\/","title":{"rendered":"Kette Shine"},"content":{"rendered":"<h4>Halskette Shine \u2013 Zartes Funkeln im Silberton<\/h4>\n<p>Manchmal gen\u00fcgt wenig, um zu gl\u00e4nzen. Die <b>Halskette Shine<\/b> ist die Verk\u00f6rperung von Minimalismus und zarter Eleganz. Diese <strong>silberne Kette<\/strong> ist mit winzigen, regelm\u00e4\u00dfig angeordneten <strong>Metallk\u00fcgelchen<\/strong> verziert, die beim Bewegen das Licht einfangen und so einen Effekt von zartem Funkeln erzeugen. <\/p>\n<p><b>Warum diese &#8222;Satellite&#8220;-Kette ein Must-have ist:<\/b><\/p>\n<ul>\n<li>\n<p><b>Sternenhimmel-Effekt:<\/b> Dieser Kettentyp (bekannt als Satellite- oder Station-Kette) ist nicht langweilig wie eine gew\u00f6hnliche glatte Kette, aber gleichzeitig nicht \u00fcberm\u00e4\u00dfig auff\u00e4llig. Die K\u00fcgelchen wirken wie kleine Sternchen oder Tautropfen. <\/p>\n<\/li>\n<li>\n<p><b>K\u00f6nigin des Layerings:<\/b> Sie ist das beste &#8222;Basis&#8220;-Schmuckst\u00fcck. Sie sieht allein hervorragend aus f\u00fcr den &#8222;Clean Girl&#8220;-Look, aber ihre wahre St\u00e4rke zeigt sich beim Kombinieren. Erg\u00e4nzen Sie sie mit einem Anh\u00e4nger oder einer massiveren Kette und Sie kreieren ein perfektes Set.  <\/p>\n<\/li>\n<li>\n<p><b>K\u00fchle Eleganz:<\/b> Der Silberton wirkt frisch, modern und rein. Er ist die ideale Wahl f\u00fcr Damen, die k\u00fchle Metalle Gold vorziehen oder gerne mit dem Mixen von Metallen (silver &amp; gold) experimentieren. <\/p>\n<\/li>\n<li>\n<p><b>Qualit\u00e4t f\u00fcr jeden Tag:<\/b> Hergestellt aus hochwertigem <b>Chirurgenstahl 316L<\/b>. Dadurch ist sie 100% wasserfest, l\u00e4uft nicht an und ist auch f\u00fcr empfindliche Haut geeignet, die sie nicht reizt. <\/p>\n<\/li>\n<\/ul>\n<p><b>Wie tragen Sie sie?<\/b><\/p>\n<ol>\n<li>\n<p><b>Solo Minimalist:<\/b> Tragen Sie sie zu einem wei\u00dfen T-Shirt und Jeans. Der silberne Glanz verleiht dem Outfit ein gepflegtes und raffiniertes Aussehen. <\/p>\n<\/li>\n<li>\n<p><b>Mix &amp; Match:<\/b> Scheuen Sie sich nicht, sie mit Goldschmuck zu kombinieren. Dieser Trend ist sehr aktuell und verleiht dem Styling einen gewagten Touch. <\/p>\n<\/li>\n<\/ol>\n","protected":false},"excerpt":{"rendered":"<p>G\u00f6nnen Sie sich einen zarten Hauch von Luxus mit der <b>Halskette Shine<\/b>. Diese <strong>silberne Kette<\/strong> vom Typ &#8222;Satellite&#8220; ist mit winzigen <strong>Metallk\u00fcgelchen<\/strong> verziert, die ihr Textur und einen zarten Glanz verleihen. Sie ist ideal zum alleinigen Tragen und zum Layering. Hergestellt aus hochwertigem <b>Chirurgenstahl<\/b>, ist sie 100% wasserfest, hypoallergen und verf\u00e4rbt sich nicht.   <\/p>\n","protected":false},"featured_media":5044,"comment_status":"closed","ping_status":"closed","template":"","meta":{"_monsterinsights_skip_tracking":false,"_monsterinsights_sitenote_active":false,"_monsterinsights_sitenote_note":"","_monsterinsights_sitenote_category":0,"_joinchat":[]},"product_brand":[],"product_cat":[196],"product_tag":[],"class_list":{"0":"post-5043","1":"product","2":"type-product","3":"status-publish","4":"has-post-thumbnail","6":"product_cat-halsketten","8":"first","9":"instock","10":"taxable","11":"shipping-taxable","12":"purchasable","13":"product-type-simple"},"_links":{"self":[{"href":"https:\/\/yourdailyjewellery.eu\/de\/wp-json\/wp\/v2\/product\/5043","targetHints":{"allow":["GET"]}}],"collection":[{"href":"https:\/\/yourdailyjewellery.eu\/de\/wp-json\/wp\/v2\/product"}],"about":[{"href":"https:\/\/yourdailyjewellery.eu\/de\/wp-json\/wp\/v2\/types\/product"}],"replies":[{"embeddable":true,"href":"https:\/\/yourdailyjewellery.eu\/de\/wp-json\/wp\/v2\/comments?post=5043"}],"wp:featuredmedia":[{"embeddable":true,"href":"https:\/\/yourdailyjewellery.eu\/de\/wp-json\/wp\/v2\/media\/5044"}],"wp:attachment":[{"href":"https:\/\/yourdailyjewellery.eu\/de\/wp-json\/wp\/v2\/media?parent=5043"}],"wp:term":[{"taxonomy":"product_brand","embeddable":true,"href":"https:\/\/yourdailyjewellery.eu\/de\/wp-json\/wp\/v2\/product_brand?post=5043"},{"taxonomy":"product_cat","embeddable":true,"href":"https:\/\/yourdailyjewellery.eu\/de\/wp-json\/wp\/v2\/product_cat?post=5043"},{"taxonomy":"product_tag","embeddable":true,"href":"https:\/\/yourdailyjewellery.eu\/de\/wp-json\/wp\/v2\/product_tag?post=5043"}],"curies":[{"name":"wp","href":"https:\/\/api.w.org\/{rel}","templated":true}]}}