{"id":5041,"date":"2025-12-17T02:37:43","date_gmt":"2025-12-17T01:37:43","guid":{"rendered":"https:\/\/yourdailyjewellery.eu\/shop-2\/halskette-sea\/"},"modified":"2025-12-17T02:37:43","modified_gmt":"2025-12-17T01:37:43","slug":"halskette-sea","status":"publish","type":"product","link":"https:\/\/yourdailyjewellery.eu\/de\/shop-2\/halskette-sea\/","title":{"rendered":"Halskette Sea"},"content":{"rendered":"<h4>Halskette Sea \u2013 Ein geborgener Schatz aus den Meerestiefen<\/h4>\n<p>Tragen Sie ein St\u00fcck Ozean \u00fcberall bei sich mit der Halskette <b>Sea<\/b>. Dieses majest\u00e4tische Schmuckst\u00fcck sieht aus, als w\u00e4re es gerade aus einer Schatztruhe geborgen worden. Der dominante Anh\u00e4nger verbindet die organische Sch\u00f6nheit der Meeresfauna mit dem Glanz k\u00f6niglichen Schmucks.  <\/p>\n<p><b>Warum diese Halskette die K\u00f6nigin der Sommersaison ist:<\/b><\/p>\n<ul>\n<li>\n<p><b>Design \u201eScallop Shell\u201c:<\/b> Der Anh\u00e4nger hat die Form einer <strong>stilisierten Jakobsmuschel<\/strong> (oder eines aufgef\u00e4cherten F\u00e4chers) mit einer wundersch\u00f6nen geriffelten Textur. Goldene Strahlen, die aus der Mitte kommen, erzeugen einen dynamischen Effekt und brechen das Licht wundersch\u00f6n. <\/p>\n<\/li>\n<li>\n<p><b>Perlenherz:<\/b> In der Mitte der Muschel ist eine gro\u00dfe <strong>wei\u00dfe Perle<\/strong> eingefasst, die von zwei kleineren Perlen an den Seiten erg\u00e4nzt wird. Die Perlen verleihen dem Schmuckst\u00fcck Zartheit, Weiblichkeit und einen Hauch von Vintage-Eleganz. <\/p>\n<\/li>\n<li>\n<p><b>Funkeln in der Tiefe:<\/b> Als Kr\u00f6nung ziert den unteren Teil des Anh\u00e4ngers ein <strong>klarer Zirkon in Rautenform<\/strong>. Dieses Detail durchbricht die Monotonie von Gold und Perlen und verleiht dem Anh\u00e4nger einen modernen, funkelnden Akzent. <\/p>\n<\/li>\n<li>\n<p><b>Wasserfeste Qualit\u00e4t:<\/b> Hergestellt aus robustem <b>Chirurgenstahl 316L<\/b> mit 18k Vergoldung. Er ist 100% wasserdicht. Dieses \u201eMeeres\u201c-Schmuckst\u00fcck k\u00f6nnen Sie wirklich mit ans Meer nehmen \u2013 Salzwasser schadet ihm nicht.  <\/p>\n<\/li>\n<\/ul>\n<p><b>Wie tr\u00e4gt man es?<\/b><\/p>\n<ol>\n<li>\n<p><b>Mermaidcore:<\/b> Dieser Stil ist ein Hit in den sozialen Medien. Tragen Sie ihn zu Leinenkleidern, H\u00e4keltops oder Badeanz\u00fcgen und verwandeln Sie sich in eine moderne Meerjungfrau. <\/p>\n<\/li>\n<li>\n<p><b>Eleganter Kontrast:<\/b> Probieren Sie ihn \u00fcber einem schwarzen Rollkragenpullover oder in Kombination mit einem wei\u00dfen Sakko. Seine Gr\u00f6\u00dfe und detaillierte Verarbeitung machen ihn zu einem kunstvollen Accessoire, das alle Blicke auf sich zieht. <\/p>\n<\/li>\n<\/ol>\n","protected":false},"excerpt":{"rendered":"<p>Entdecken Sie die Sch\u00f6nheit des Ozeans mit der Halskette <b>Sea<\/b>. Dieses markante Goldschmuckst\u00fcck ziert ein massiver Anh\u00e4nger in Form einer <strong>geriffelten Muschel<\/strong>. Seine Mitte wird von einer gro\u00dfen <strong>wei\u00dfen Perle<\/strong> dominiert, erg\u00e4nzt durch kleinere Perlen und einen strahlenden <strong>klaren Kristall<\/strong>. Das perfekte Accessoire im Mermaidcore-Stil. Hergestellt aus hochwertigem <b>Chirurgenstahl<\/b>, ist er 100% wasserdicht, hypoallergen und farbbest\u00e4ndig.    <\/p>\n","protected":false},"featured_media":5042,"comment_status":"closed","ping_status":"closed","template":"","meta":{"_monsterinsights_skip_tracking":false,"_monsterinsights_sitenote_active":false,"_monsterinsights_sitenote_note":"","_monsterinsights_sitenote_category":0,"_joinchat":[]},"product_brand":[],"product_cat":[196],"product_tag":[],"class_list":{"0":"post-5041","1":"product","2":"type-product","3":"status-publish","4":"has-post-thumbnail","6":"product_cat-halsketten","8":"first","9":"instock","10":"taxable","11":"shipping-taxable","12":"purchasable","13":"product-type-simple"},"_links":{"self":[{"href":"https:\/\/yourdailyjewellery.eu\/de\/wp-json\/wp\/v2\/product\/5041","targetHints":{"allow":["GET"]}}],"collection":[{"href":"https:\/\/yourdailyjewellery.eu\/de\/wp-json\/wp\/v2\/product"}],"about":[{"href":"https:\/\/yourdailyjewellery.eu\/de\/wp-json\/wp\/v2\/types\/product"}],"replies":[{"embeddable":true,"href":"https:\/\/yourdailyjewellery.eu\/de\/wp-json\/wp\/v2\/comments?post=5041"}],"wp:featuredmedia":[{"embeddable":true,"href":"https:\/\/yourdailyjewellery.eu\/de\/wp-json\/wp\/v2\/media\/5042"}],"wp:attachment":[{"href":"https:\/\/yourdailyjewellery.eu\/de\/wp-json\/wp\/v2\/media?parent=5041"}],"wp:term":[{"taxonomy":"product_brand","embeddable":true,"href":"https:\/\/yourdailyjewellery.eu\/de\/wp-json\/wp\/v2\/product_brand?post=5041"},{"taxonomy":"product_cat","embeddable":true,"href":"https:\/\/yourdailyjewellery.eu\/de\/wp-json\/wp\/v2\/product_cat?post=5041"},{"taxonomy":"product_tag","embeddable":true,"href":"https:\/\/yourdailyjewellery.eu\/de\/wp-json\/wp\/v2\/product_tag?post=5041"}],"curies":[{"name":"wp","href":"https:\/\/api.w.org\/{rel}","templated":true}]}}