{"id":5035,"date":"2025-12-17T02:37:30","date_gmt":"2025-12-17T01:37:30","guid":{"rendered":"https:\/\/yourdailyjewellery.eu\/shop-2\/ring-franc\/"},"modified":"2025-12-17T02:37:30","modified_gmt":"2025-12-17T01:37:30","slug":"ring-franc","status":"publish","type":"product","link":"https:\/\/yourdailyjewellery.eu\/de\/shop-2\/ring-franc\/","title":{"rendered":"Ring Franc"},"content":{"rendered":"<h4>Ring Franc \u2013 Moderne Skulptur in Tropfenform<\/h4>\n<p>Entdecken Sie die Sch\u00f6nheit organischer Formen mit dem Ring <b>Franc<\/b>. Dieses Designst\u00fcck ist der Beweis, dass die Natur die beste Inspiration ist. Der Ring hat eine offene \u201eBypass\u201c-Konstruktion, bei der sich die beiden Enden des Reifs aneinander vorbeibewegen. Sie sind mit glatten, runden Formen versehen, die an <strong>flie\u00dfende Goldtropfen<\/strong> erinnern (Teardrop-Form).   <\/p>\n<p><b>Warum dieser Ring das \u201eMust-have\u201c der Saison ist:<\/b><\/p>\n<ul>\n<li>\n<p><b>Trendiges \u201eTeardrop\u201c-Design:<\/b> Das Tropfenmotiv ist derzeit ein absoluter Hit auf den internationalen Laufstegen. Es wirkt sehr flie\u00dfend, weich und feminin. Es ist eine kleine Skulptur, die Sie am Finger tragen.  <\/p>\n<\/li>\n<li>\n<p><b>Verstellbare Gr\u00f6\u00dfe:<\/b> Dank des <strong>offenen Profils<\/strong> k\u00f6nnen Sie den Ring leicht anpassen. Die Enden ber\u00fchren sich nicht, was eine interessante Spannung und Dynamik erzeugt und gleichzeitig garantiert, dass der Ring auch bei geschwollenen Fingern nicht dr\u00fcckt. <\/p>\n<\/li>\n<li>\n<p><b>Hochglanz:<\/b> Die glatte Oberfl\u00e4che ohne Steine l\u00e4sst das Metall selbst gl\u00e4nzen. Der Spiegellglanz reflektiert das Licht und zieht Blicke auf sich. <\/p>\n<\/li>\n<li>\n<p><b>Qualit\u00e4t und Langlebigkeit:<\/b> Hergestellt aus hochwertigem <b>Chirurgenstahl 316L<\/b> mit 18k Vergoldung. Er ist 100 % wasserdicht, sodass Sie dieses stilvolle Schmuckst\u00fcck jeden Tag tragen k\u00f6nnen, vom Morgenkaffee bis zum Abendbad. <\/p>\n<\/li>\n<\/ul>\n<p><b>Wie tr\u00e4gt man es?<\/b><\/p>\n<ol>\n<li>\n<p><b>Clean Girl Aesthetic:<\/b> Dieser Ring ist die Verk\u00f6rperung eines klaren, minimalistischen Stils. Er erg\u00e4nzt perfekt einen beigefarbenen Trenchcoat, ein wei\u00dfes Hemd und gepflegtes Haar. <\/p>\n<\/li>\n<li>\n<p><b>Statement Solo:<\/b> Seine Form ist so interessant, dass er keine weiteren Ringe ben\u00f6tigt. Lassen Sie ihn am Zeigefinger oder Mittelfinger gl\u00e4nzen. <\/p>\n<\/li>\n<\/ol>\n","protected":false},"excerpt":{"rendered":"<p>Heben Sie sich mit dem modernen Design des Rings <b>Franc<\/b> ab. Dieser stilvolle goldene Ring hat eine <strong>offene Konstruktion<\/strong> mit Enden in <strong>Tropfenform<\/strong> (Teardrop), die wie fl\u00fcssiges Gold wirken. Dank des offenen Profils ist er gr\u00f6\u00dfenverstellbar und maximal bequem. Hergestellt aus hochwertigem <b>Chirurgenstahl<\/b>, ist er 100 % wasserdicht, hypoallergen und farbbest\u00e4ndig.   <\/p>\n","protected":false},"featured_media":5036,"comment_status":"closed","ping_status":"closed","template":"","meta":{"_monsterinsights_skip_tracking":false,"_monsterinsights_sitenote_active":false,"_monsterinsights_sitenote_note":"","_monsterinsights_sitenote_category":0,"_joinchat":[]},"product_brand":[],"product_cat":[195,191],"product_tag":[],"class_list":{"0":"post-5035","1":"product","2":"type-product","3":"status-publish","4":"has-post-thumbnail","6":"product_cat-damen-edelstahlringe","7":"product_cat-ringe","9":"first","10":"instock","11":"taxable","12":"shipping-taxable","13":"purchasable","14":"product-type-simple"},"_links":{"self":[{"href":"https:\/\/yourdailyjewellery.eu\/de\/wp-json\/wp\/v2\/product\/5035","targetHints":{"allow":["GET"]}}],"collection":[{"href":"https:\/\/yourdailyjewellery.eu\/de\/wp-json\/wp\/v2\/product"}],"about":[{"href":"https:\/\/yourdailyjewellery.eu\/de\/wp-json\/wp\/v2\/types\/product"}],"replies":[{"embeddable":true,"href":"https:\/\/yourdailyjewellery.eu\/de\/wp-json\/wp\/v2\/comments?post=5035"}],"wp:featuredmedia":[{"embeddable":true,"href":"https:\/\/yourdailyjewellery.eu\/de\/wp-json\/wp\/v2\/media\/5036"}],"wp:attachment":[{"href":"https:\/\/yourdailyjewellery.eu\/de\/wp-json\/wp\/v2\/media?parent=5035"}],"wp:term":[{"taxonomy":"product_brand","embeddable":true,"href":"https:\/\/yourdailyjewellery.eu\/de\/wp-json\/wp\/v2\/product_brand?post=5035"},{"taxonomy":"product_cat","embeddable":true,"href":"https:\/\/yourdailyjewellery.eu\/de\/wp-json\/wp\/v2\/product_cat?post=5035"},{"taxonomy":"product_tag","embeddable":true,"href":"https:\/\/yourdailyjewellery.eu\/de\/wp-json\/wp\/v2\/product_tag?post=5035"}],"curies":[{"name":"wp","href":"https:\/\/api.w.org\/{rel}","templated":true}]}}