{"id":5025,"date":"2025-12-17T02:37:42","date_gmt":"2025-12-17T01:37:42","guid":{"rendered":"https:\/\/yourdailyjewellery.eu\/shop-2\/halskette-gold-2\/"},"modified":"2025-12-17T02:37:42","modified_gmt":"2025-12-17T01:37:42","slug":"halskette-gold-2","status":"publish","type":"product","link":"https:\/\/yourdailyjewellery.eu\/de\/shop-2\/halskette-gold-2\/","title":{"rendered":"Halskette GOLD 2"},"content":{"rendered":"<h4>Halskette Gold 2 \u2013 Die Kunst der rohen Sch\u00f6nheit<\/h4>\n<p>Perfektion ist langweilig, wahre Sch\u00f6nheit liegt in der Einzigartigkeit. <b>Die Halskette Gold 2<\/b> bringt den Trend &#8222;imperfect perfection&#8220; (unvollkommene Perfektion) direkt in Ihre Schmuckschatulle. Der Anh\u00e4nger hat eine <strong>organische, unregelm\u00e4\u00dfige Form<\/strong> mit einer sanft gewellten Oberfl\u00e4che, die an handgeh\u00e4mmertes Gold oder erstarrte Lava erinnert. <\/p>\n<p><b>Warum dieses texturierte St\u00fcck besonders ist:<\/b><\/p>\n<ul>\n<li>\n<p><b>Effekt &#8222;Molten Gold&#8220;:<\/b> Im Gegensatz zu glatten Schmuckst\u00fccken hat dieser Anh\u00e4nger eine Struktur. Seine Oberfl\u00e4che ist nicht glatt, sondern weist feine Vertiefungen und Wellen auf. Dadurch reflektiert er das Licht in verschiedene Richtungen und erzeugt einen faszinierenden, lebendigen Glanz, der sich mit jeder Ihrer Bewegungen ver\u00e4ndert.  <\/p>\n<\/li>\n<li>\n<p><b>Artisanal Vibe:<\/b> Er wirkt wie ein Schmuckst\u00fcck, das in einer kleinen Kunstwerkstatt gefertigt wurde. Dieser &#8222;rohe&#8220; (raw) Look ist derzeit sehr beliebt, da er dem Outfit Charakter und Pers\u00f6nlichkeit verleiht. <\/p>\n<\/li>\n<li>\n<p><b>Minimalismus mit Seele:<\/b> Es ist immer noch ein minimalistisches St\u00fcck, das sich leicht kombinieren l\u00e4sst, aber nicht langweilig ist. Der Anh\u00e4nger h\u00e4ngt an einer klassischen Gliederkette, die seine Struktur zur Geltung kommen l\u00e4sst. <\/p>\n<\/li>\n<li>\n<p><b>Robuster Luxus:<\/b> Hergestellt aus hochwertigem <b>Chirurgenstahl 316L<\/b> mit 18k Vergoldung. Er ist 100% wasserdicht und kratzfest. Gerade dank der Textur sind eventuelle Gebrauchsspuren praktisch unsichtbar.  <\/p>\n<\/li>\n<\/ul>\n<p><b>Wie tr\u00e4gt man es?<\/b><\/p>\n<ol>\n<li>\n<p><b>Boho Chic:<\/b> Seine organische Form passt hervorragend zu l\u00e4ssigen Outfits, Leinenkleidern oder Strickpullovern. Er verleiht ihnen gleichzeitig einen Hauch von Erdigkeit und Luxus. <\/p>\n<\/li>\n<li>\n<p><b>Texturen schichten:<\/b> Versuchen Sie, ihn zusammen mit einer glatten Halskette (z.B. Modell Gold 1) zu tragen. Der Kontrast zwischen glatter und geh\u00e4mmerter Oberfl\u00e4che sieht fantastisch aus. <\/p>\n<\/li>\n<\/ol>\n","protected":false},"excerpt":{"rendered":"<p>Beeindrucken Sie mit einzigartigem Stil mit der Halskette <b>Gold 2<\/b>. Dieses moderne Goldschmuckst\u00fcck ziert ein Anh\u00e4nger mit einer <strong>unregelm\u00e4\u00dfigen, organischen Form<\/strong> und einer texturierten Oberfl\u00e4che, die an <strong>geh\u00e4mmertes Gold<\/strong> erinnert. Die gewellte Oberfl\u00e4che erzeugt ein wundersch\u00f6nes Lichtspiel. Hergestellt aus hochwertigem <b>Chirurgenstahl<\/b>, ist sie 100% wasserdicht, hypoallergen und farbbest\u00e4ndig.   <\/p>\n","protected":false},"featured_media":5026,"comment_status":"closed","ping_status":"closed","template":"","meta":{"_monsterinsights_skip_tracking":false,"_monsterinsights_sitenote_active":false,"_monsterinsights_sitenote_note":"","_monsterinsights_sitenote_category":0,"_joinchat":[]},"product_brand":[],"product_cat":[196],"product_tag":[],"class_list":{"0":"post-5025","1":"product","2":"type-product","3":"status-publish","4":"has-post-thumbnail","6":"product_cat-halsketten","8":"first","9":"instock","10":"taxable","11":"shipping-taxable","12":"purchasable","13":"product-type-simple"},"_links":{"self":[{"href":"https:\/\/yourdailyjewellery.eu\/de\/wp-json\/wp\/v2\/product\/5025","targetHints":{"allow":["GET"]}}],"collection":[{"href":"https:\/\/yourdailyjewellery.eu\/de\/wp-json\/wp\/v2\/product"}],"about":[{"href":"https:\/\/yourdailyjewellery.eu\/de\/wp-json\/wp\/v2\/types\/product"}],"replies":[{"embeddable":true,"href":"https:\/\/yourdailyjewellery.eu\/de\/wp-json\/wp\/v2\/comments?post=5025"}],"wp:featuredmedia":[{"embeddable":true,"href":"https:\/\/yourdailyjewellery.eu\/de\/wp-json\/wp\/v2\/media\/5026"}],"wp:attachment":[{"href":"https:\/\/yourdailyjewellery.eu\/de\/wp-json\/wp\/v2\/media?parent=5025"}],"wp:term":[{"taxonomy":"product_brand","embeddable":true,"href":"https:\/\/yourdailyjewellery.eu\/de\/wp-json\/wp\/v2\/product_brand?post=5025"},{"taxonomy":"product_cat","embeddable":true,"href":"https:\/\/yourdailyjewellery.eu\/de\/wp-json\/wp\/v2\/product_cat?post=5025"},{"taxonomy":"product_tag","embeddable":true,"href":"https:\/\/yourdailyjewellery.eu\/de\/wp-json\/wp\/v2\/product_tag?post=5025"}],"curies":[{"name":"wp","href":"https:\/\/api.w.org\/{rel}","templated":true}]}}