{"id":5023,"date":"2025-12-17T02:37:43","date_gmt":"2025-12-17T01:37:43","guid":{"rendered":"https:\/\/yourdailyjewellery.eu\/shop-2\/halskette-luna\/"},"modified":"2025-12-17T02:37:43","modified_gmt":"2025-12-17T01:37:43","slug":"halskette-luna","status":"publish","type":"product","link":"https:\/\/yourdailyjewellery.eu\/de\/shop-2\/halskette-luna\/","title":{"rendered":"Halskette Luna"},"content":{"rendered":"<h4>Halskette Luna \u2013 Die Magie des Nachthimmels in einem Schmuckst\u00fcck<\/h4>\n<p>Holen Sie sich die Sterne vom Himmel mit der Halskette <b>Luna<\/b>. Diese atemberaubende <strong>dreifache Halskette<\/strong> ist die Verk\u00f6rperung b\u00f6hmischer Freiheit und kosmischer Energie. Sie m\u00fcssen nicht \u00fcberlegen, wie Sie verschiedene Ketten kombinieren sollen \u2013 dieses \u201eLayering\u201c-Set hat das f\u00fcr Sie erledigt und eine perfekte Goldkaskade auf Ihrem Dekollet\u00e9 geschaffen.  <\/p>\n<p><b>Warum dieses himmlische Set so besonders ist:<\/b><\/p>\n<ul>\n<li>\n<p><b>Dreifache Sch\u00f6nheit (3-in-1):<\/b> Die Halskette besteht aus drei verbundenen Ketten unterschiedlicher L\u00e4nge und Art. Die k\u00fcrzeste ist eine glatte Kette, verziert mit <strong>goldenen Kugeln<\/strong>. Die mittlere, zarte Kette tr\u00e4gt ein Medaillon mit einem gravierten <strong>Stern<\/strong> (oder Polarstern). Die l\u00e4ngste, auff\u00e4llig gedrehte Kette endet mit einem Anh\u00e4nger in Form eines <strong>umgedrehten Halbmonds<\/strong> (Crescent Horn).   <\/p>\n<\/li>\n<li>\n<p><b>Symbolik des Universums:<\/b> Der Mond ist ein Symbol weiblicher Kraft und Intuition, w\u00e4hrend der Stern Hoffnung und F\u00fchrung repr\u00e4sentiert. Zusammen bilden sie einen m\u00e4chtigen Talisman, der Sie Tag und Nacht begleiten wird. <\/p>\n<\/li>\n<li>\n<p><b>Boho-Chic-Stil:<\/b> Verschiedene Dicken und Texturen der Ketten erzeugen einen reichen, geschichteten Effekt, der typisch f\u00fcr Festivalmode und einen entspannten Sommerstil ist.<\/p>\n<\/li>\n<li>\n<p><b>Qualit\u00e4t ohne Kompromisse:<\/b> Hergestellt aus hochwertigem <b>Chirurgenstahl 316L<\/b> mit 18k Vergoldung. Er ist 100% wasserdicht, sodass Sie damit unter den Sternen und im Meer baden k\u00f6nnen, ohne bef\u00fcrchten zu m\u00fcssen, dass er seinen Glanz verliert. <\/p>\n<\/li>\n<\/ul>\n<p><b>Wie tr\u00e4gt man es?<\/b><\/p>\n<ol>\n<li>\n<p><b>Festival Queen:<\/b> Diese Halskette ist wie geschaffen f\u00fcr flie\u00dfende Kleider, Blumenmuster und geh\u00e4kelte Oberteile. Sie ist ein auff\u00e4lliges St\u00fcck, das keine Konkurrenz braucht. <\/p>\n<\/li>\n<li>\n<p><b>Tiefer Ausschnitt:<\/b> Dank ihrer L\u00e4nge und des Kaskadeneffekts kommt sie am besten in einem V-Ausschnitt zur Geltung, wo sie den Hals optisch verl\u00e4ngert und das Dekollet\u00e9 f\u00fcllt.<\/p>\n<\/li>\n<\/ol>\n","protected":false},"excerpt":{"rendered":"<p>Schm\u00fccken Sie sich mit Sternen mit der Halskette <b>Luna<\/b>. Diese trendige <strong>dreifache Halskette<\/strong> (3-in-1) erzeugt einen perfekten Layering-Effekt. Sie besteht aus einer Kette mit Kugeln, einer Kette mit einem <strong>Stern<\/strong>-Medaillon und der l\u00e4ngsten Kette mit einem <strong>Halbmond<\/strong>-Anh\u00e4nger (Crescent Moon). Boho-Stil voller kosmischer Symbolik. Hergestellt aus hochwertigem <b>Chirurgenstahl<\/b>, ist sie 100% wasserdicht, hypoallergen und farbbest\u00e4ndig.    <\/p>\n","protected":false},"featured_media":5024,"comment_status":"closed","ping_status":"closed","template":"","meta":{"_monsterinsights_skip_tracking":false,"_monsterinsights_sitenote_active":false,"_monsterinsights_sitenote_note":"","_monsterinsights_sitenote_category":0,"_joinchat":[]},"product_brand":[],"product_cat":[196],"product_tag":[],"class_list":{"0":"post-5023","1":"product","2":"type-product","3":"status-publish","4":"has-post-thumbnail","6":"product_cat-halsketten","8":"first","9":"instock","10":"taxable","11":"shipping-taxable","12":"purchasable","13":"product-type-simple"},"_links":{"self":[{"href":"https:\/\/yourdailyjewellery.eu\/de\/wp-json\/wp\/v2\/product\/5023","targetHints":{"allow":["GET"]}}],"collection":[{"href":"https:\/\/yourdailyjewellery.eu\/de\/wp-json\/wp\/v2\/product"}],"about":[{"href":"https:\/\/yourdailyjewellery.eu\/de\/wp-json\/wp\/v2\/types\/product"}],"replies":[{"embeddable":true,"href":"https:\/\/yourdailyjewellery.eu\/de\/wp-json\/wp\/v2\/comments?post=5023"}],"wp:featuredmedia":[{"embeddable":true,"href":"https:\/\/yourdailyjewellery.eu\/de\/wp-json\/wp\/v2\/media\/5024"}],"wp:attachment":[{"href":"https:\/\/yourdailyjewellery.eu\/de\/wp-json\/wp\/v2\/media?parent=5023"}],"wp:term":[{"taxonomy":"product_brand","embeddable":true,"href":"https:\/\/yourdailyjewellery.eu\/de\/wp-json\/wp\/v2\/product_brand?post=5023"},{"taxonomy":"product_cat","embeddable":true,"href":"https:\/\/yourdailyjewellery.eu\/de\/wp-json\/wp\/v2\/product_cat?post=5023"},{"taxonomy":"product_tag","embeddable":true,"href":"https:\/\/yourdailyjewellery.eu\/de\/wp-json\/wp\/v2\/product_tag?post=5023"}],"curies":[{"name":"wp","href":"https:\/\/api.w.org\/{rel}","templated":true}]}}