{"id":5015,"date":"2025-12-17T02:37:43","date_gmt":"2025-12-17T01:37:43","guid":{"rendered":"https:\/\/yourdailyjewellery.eu\/shop-2\/halskette-hellas\/"},"modified":"2025-12-17T02:37:43","modified_gmt":"2025-12-17T01:37:43","slug":"halskette-hellas","status":"publish","type":"product","link":"https:\/\/yourdailyjewellery.eu\/de\/shop-2\/halskette-hellas\/","title":{"rendered":"Halskette Hellas"},"content":{"rendered":"<h4>Halskette Hellas \u2013 Ein Hauch antiker Geschichte<\/h4>\n<p>Tauchen Sie ein in die Zeit antiker Mythen und Legenden mit der Halskette <b>Hellas<\/b>. M\u00fcnzschmuck ist ein zeitloser Trend, der Geschichte und modernen Stil vereint. Dieses Modell kombiniert eine <strong>auff\u00e4llige Goldm\u00fcnze<\/strong> mit dem Profil eines Herrschers und eine massivere Kette, wodurch ein Schmuckst\u00fcck mit Charakter entsteht.  <\/p>\n<p><b>Warum diese \u201eCoin\u201c-Halskette so beliebt ist:<\/b><\/p>\n<ul>\n<li>\n<p><b>Vintage-Charme:<\/b> Der m\u00fcnzf\u00f6rmige Anh\u00e4nger (Medaillon) hat ein detailliert gearbeitetes Relief, das an antike Zahlungsmittel erinnert. Er wirkt wie ein seltener arch\u00e4ologischer Fund oder ein Talisman f\u00fcr Gl\u00fcck und Reichtum. <\/p>\n<\/li>\n<li>\n<p><b>Bold &amp; Chunky:<\/b> Die M\u00fcnze h\u00e4ngt nicht an einer d\u00fcnnen Schnur, sondern an einer <strong>dickeren Kette mit ovalen Gliedern<\/strong> (Cable Chain). Dieser Kontrast zwischen dem historischen Anh\u00e4nger und der modernen, massiven Kette macht dieses Schmuckst\u00fcck so aktuell. <\/p>\n<\/li>\n<li>\n<p><b>Dekorativer Verschluss:<\/b> Ein interessantes Detail ist, dass der Anh\u00e4nger mit einer markanteren \u00d6se befestigt ist, neben der sich auch eine ovale Fl\u00e4che (Marke\/Logo) befindet. Das gesamte Design wirkt sehr aufwendig und luxuri\u00f6s. <\/p>\n<\/li>\n<li>\n<p><b>Unverg\u00e4ngliche Sch\u00f6nheit:<\/b> Gefertigt aus hochwertigem <b>Chirurgenstahl 316L<\/b> mit 18k Vergoldung. Er ist 100% wasserdicht, sodass Sie damit im Meer baden k\u00f6nnen (zum Beispiel im griechischen) und er immer noch wie neu gl\u00e4nzen wird. <\/p>\n<\/li>\n<\/ul>\n<p><b>Wie tr\u00e4gt man es?<\/b><\/p>\n<ol>\n<li>\n<p><b>Solit\u00e4r:<\/b> Dank der dickeren Kette ist er auff\u00e4llig genug, um ihn einzeln zu einem wei\u00dfen Hemd oder einem einfachen T-Shirt zu tragen.<\/p>\n<\/li>\n<li>\n<p><b>Layering:<\/b> M\u00fcnzen lieben es, mit anderen Ketten kombiniert zu werden. Kombinieren Sie ihn mit einer l\u00e4ngeren, zarten Kette oder einem k\u00fcrzeren Choker f\u00fcr einen opulenten, unkonventionellen Look. <\/p>\n<\/li>\n<\/ol>\n","protected":false},"excerpt":{"rendered":"<p>Beleben Sie Ihr Outfit mit einem St\u00fcck Geschichte \u2013 der Halskette <b>Hellas<\/b>. Dieses stilvolle goldene Schmuckst\u00fcck besteht aus einer massiveren Kette mit ovalen Gliedern und einem markanten <strong>m\u00fcnzf\u00f6rmigen Anh\u00e4nger<\/strong> (Medaillon) mit Relief. Die perfekte Verbindung von Vintage-\u00c4sthetik und modernem Design. Gefertigt aus hochwertigem <b>Chirurgenstahl<\/b>, ist er 100% wasserdicht, hypoallergen und farbbest\u00e4ndig.   <\/p>\n","protected":false},"featured_media":5016,"comment_status":"closed","ping_status":"closed","template":"","meta":{"_monsterinsights_skip_tracking":false,"_monsterinsights_sitenote_active":false,"_monsterinsights_sitenote_note":"","_monsterinsights_sitenote_category":0,"_joinchat":[]},"product_brand":[],"product_cat":[196],"product_tag":[],"class_list":{"0":"post-5015","1":"product","2":"type-product","3":"status-publish","4":"has-post-thumbnail","6":"product_cat-halsketten","8":"first","9":"instock","10":"taxable","11":"shipping-taxable","12":"purchasable","13":"product-type-simple"},"_links":{"self":[{"href":"https:\/\/yourdailyjewellery.eu\/de\/wp-json\/wp\/v2\/product\/5015","targetHints":{"allow":["GET"]}}],"collection":[{"href":"https:\/\/yourdailyjewellery.eu\/de\/wp-json\/wp\/v2\/product"}],"about":[{"href":"https:\/\/yourdailyjewellery.eu\/de\/wp-json\/wp\/v2\/types\/product"}],"replies":[{"embeddable":true,"href":"https:\/\/yourdailyjewellery.eu\/de\/wp-json\/wp\/v2\/comments?post=5015"}],"wp:featuredmedia":[{"embeddable":true,"href":"https:\/\/yourdailyjewellery.eu\/de\/wp-json\/wp\/v2\/media\/5016"}],"wp:attachment":[{"href":"https:\/\/yourdailyjewellery.eu\/de\/wp-json\/wp\/v2\/media?parent=5015"}],"wp:term":[{"taxonomy":"product_brand","embeddable":true,"href":"https:\/\/yourdailyjewellery.eu\/de\/wp-json\/wp\/v2\/product_brand?post=5015"},{"taxonomy":"product_cat","embeddable":true,"href":"https:\/\/yourdailyjewellery.eu\/de\/wp-json\/wp\/v2\/product_cat?post=5015"},{"taxonomy":"product_tag","embeddable":true,"href":"https:\/\/yourdailyjewellery.eu\/de\/wp-json\/wp\/v2\/product_tag?post=5015"}],"curies":[{"name":"wp","href":"https:\/\/api.w.org\/{rel}","templated":true}]}}