{"id":4995,"date":"2025-12-17T02:37:15","date_gmt":"2025-12-17T01:37:15","guid":{"rendered":"https:\/\/yourdailyjewellery.eu\/shop-2\/armband-esme\/"},"modified":"2025-12-17T02:37:15","modified_gmt":"2025-12-17T01:37:15","slug":"armband-esme","status":"publish","type":"product","link":"https:\/\/yourdailyjewellery.eu\/de\/shop-2\/armband-esme\/","title":{"rendered":"Armband Esme"},"content":{"rendered":"<h4>Armband Esme \u2013 Verspielte Romantik im Doppel-Design<\/h4>\n<p>Warum sollten Sie sich zwischen modernem und romantischem Stil entscheiden, wenn Sie beides haben k\u00f6nnen? Das <b>Armband Esme<\/b> ist ein opulentes, dynamisches Schmuckst\u00fcck, das sofort ins Auge f\u00e4llt. Es besteht aus einer <strong>doppelten Kette<\/strong>, die zwei verschiedene Welten verbindet: trendige \u201ePaperclip\u201c-Glieder und eine klassische Kette, verziert mit verspielten, h\u00e4ngenden <strong>goldenen Kugeln<\/strong> und zwei <strong>Herzchen<\/strong>. <\/p>\n<p><b>Warum dieses Schmuckst\u00fcck unwiderstehlich ist:<\/b><\/p>\n<ul>\n<li>\n<p><b>Layering-Effekt:<\/b> Dieses Armband \u00fcbernimmt das Styling f\u00fcr Sie. Die Kombination aus zwei verschiedenen Kettentypen in einem St\u00fcck erweckt den Eindruck, dass Sie ein pr\u00e4zise aufeinander abgestimmtes Armband-Set tragen. <\/p>\n<\/li>\n<li>\n<p><b>Bewegung und Lebendigkeit:<\/b> Dank der h\u00e4ngenden Elemente \u2013 kleinen Kugeln und Herzchen \u2013 ist das Armband st\u00e4ndig in Bewegung. Bei jeder Geste klingelt es sanft und reflektiert das Licht, was sehr lebendig und feminin wirkt. <\/p>\n<\/li>\n<li>\n<p><b>Detaillierte Verarbeitung:<\/b> Die Herzchen sind nicht nur einfache Pl\u00e4ttchen \u2013 sie sind mit einem feinen Perlenmuster umrandet, was ihnen einen Vintage-Touch und Textur verleiht.<\/p>\n<\/li>\n<li>\n<p><b>Premium-Qualit\u00e4t:<\/b> Hergestellt aus robustem <b>Chirurgenstahl 316L<\/b> mit 18k Vergoldung. Es ist 100 % wasserdicht, sodass Sie dieses verspielte Accessoire bedenkenlos jeden Tag tragen k\u00f6nnen. <\/p>\n<\/li>\n<\/ul>\n<p><b>Wie tr\u00e4gt man es?<\/b><\/p>\n<ol>\n<li>\n<p><b>Boho Chic:<\/b> Es ist wie geschaffen f\u00fcr luftige Sommerkleider oder Tuniken. Sein klingelnder Charakter harmoniert perfekt mit der entspannten Boh\u00e8me-\u00c4sthetik. <\/p>\n<\/li>\n<li>\n<p><b>Date Night:<\/b> Die Herzchen sind ein Symbol der Liebe, daher ist es die ideale Wahl f\u00fcr ein Date. Kombinieren Sie es mit einem schlichten Top und lassen Sie es Ihre Geschichte erz\u00e4hlen. <\/p>\n<\/li>\n<\/ol>\n","protected":false},"excerpt":{"rendered":"<p>Erhellen Sie Ihren Tag mit dem verspielten Armband <b>Esme<\/b>. Dieses reich verzierte Armband besteht aus einer <strong>doppelten Kette<\/strong> (einer Kombination aus Paperclip- und Kugelketten), an der zwei goldene <strong>Herzchen<\/strong> mit einem Zierrand h\u00e4ngen. Hergestellt aus hochwertigem <b>Chirurgenstahl<\/b>, ist es 100 % wasserdicht, hypoallergen und farbbest\u00e4ndig. Der perfekte Mix aus Trends und Romantik.   <\/p>\n","protected":false},"featured_media":5754,"comment_status":"closed","ping_status":"closed","template":"","meta":{"_monsterinsights_skip_tracking":false,"_monsterinsights_sitenote_active":false,"_monsterinsights_sitenote_note":"","_monsterinsights_sitenote_category":0,"_joinchat":[]},"product_brand":[],"product_cat":[183],"product_tag":[],"class_list":{"0":"post-4995","1":"product","2":"type-product","3":"status-publish","4":"has-post-thumbnail","6":"product_cat-armbander","8":"first","9":"instock","10":"taxable","11":"shipping-taxable","12":"purchasable","13":"product-type-simple"},"_links":{"self":[{"href":"https:\/\/yourdailyjewellery.eu\/de\/wp-json\/wp\/v2\/product\/4995","targetHints":{"allow":["GET"]}}],"collection":[{"href":"https:\/\/yourdailyjewellery.eu\/de\/wp-json\/wp\/v2\/product"}],"about":[{"href":"https:\/\/yourdailyjewellery.eu\/de\/wp-json\/wp\/v2\/types\/product"}],"replies":[{"embeddable":true,"href":"https:\/\/yourdailyjewellery.eu\/de\/wp-json\/wp\/v2\/comments?post=4995"}],"wp:featuredmedia":[{"embeddable":true,"href":"https:\/\/yourdailyjewellery.eu\/de\/wp-json\/wp\/v2\/media\/5754"}],"wp:attachment":[{"href":"https:\/\/yourdailyjewellery.eu\/de\/wp-json\/wp\/v2\/media?parent=4995"}],"wp:term":[{"taxonomy":"product_brand","embeddable":true,"href":"https:\/\/yourdailyjewellery.eu\/de\/wp-json\/wp\/v2\/product_brand?post=4995"},{"taxonomy":"product_cat","embeddable":true,"href":"https:\/\/yourdailyjewellery.eu\/de\/wp-json\/wp\/v2\/product_cat?post=4995"},{"taxonomy":"product_tag","embeddable":true,"href":"https:\/\/yourdailyjewellery.eu\/de\/wp-json\/wp\/v2\/product_tag?post=4995"}],"curies":[{"name":"wp","href":"https:\/\/api.w.org\/{rel}","templated":true}]}}