{"id":4987,"date":"2025-12-17T02:37:11","date_gmt":"2025-12-17T01:37:11","guid":{"rendered":"https:\/\/yourdailyjewellery.eu\/shop-2\/armband-ny\/"},"modified":"2025-12-17T02:37:11","modified_gmt":"2025-12-17T01:37:11","slug":"armband-ny","status":"publish","type":"product","link":"https:\/\/yourdailyjewellery.eu\/de\/shop-2\/armband-ny\/","title":{"rendered":"Armband NY"},"content":{"rendered":"<h4>Armband NY \u2013 Ein Diamantenfluss an Ihrem Handgelenk<\/h4>\n<p>G\u00f6nnen Sie sich jeden Tag das Gef\u00fchl eines roten Teppichs. Das <b>Armband NY<\/b> ist ein Paradebeispiel f\u00fcr den zeitlosen Klassiker, das <strong>\u201eTennisarmband\u201c<\/strong>. Es besteht aus einer durchgehenden Linie gro\u00dfer, strahlender <strong>klarer Zirkonia<\/strong>, die pr\u00e4zise in einer goldenen Fassung sitzen. Es ist ein Schmuckst\u00fcck, das Eleganz und Luxus definiert.  <\/p>\n<p><b>Warum dieses St\u00fcck ikonisch ist:<\/b><\/p>\n<ul>\n<li>\n<p><b>Maximaler Glanz:<\/b> Die Zirkonia in diesem Armband sind so geschliffen, dass sie Licht aus allen Winkeln reflektieren. Sie erzeugen einen \u201eDiamantenfluss\u201c-Effekt, der bei Abendbeleuchtung absolut un\u00fcbersehbar ist. <\/p>\n<\/li>\n<li>\n<p><b>Klassischer Verschluss:<\/b> Im Gegensatz zu verstellbaren Modellen verf\u00fcgt dieses Armband \u00fcber einen festen <strong>Karabinerverschluss<\/strong> mit einer Verl\u00e4ngerungskette. Dadurch k\u00f6nnen Sie die L\u00e4nge genau nach Bedarf anpassen und haben die Gewissheit, dass das Armband sicher h\u00e4lt. <\/p>\n<\/li>\n<li>\n<p><b>Premium-Qualit\u00e4t:<\/b> Hergestellt aus robustem <b>Chirurgenstahl 316L<\/b> mit 18-kar\u00e4tiger Vergoldung. Es ist 100 % wasserdicht, sodass Sie sich keine Sorgen machen m\u00fcssen, dass dieses luxuri\u00f6se St\u00fcck seine Farbe oder seinen Glanz verliert. <\/p>\n<\/li>\n<li>\n<p><b>Universelle Eleganz:<\/b> Es ist ein Schmuckst\u00fcck, das jedes Outfit \u201eaufwertet\u201c. Es sieht sowohl zu einem Ballkleid als auch zu einem Business-Sakko mit hochgekrempelten \u00c4rmeln gleicherma\u00dfen gut aus. <\/p>\n<\/li>\n<\/ul>\n<p><b>Wie tr\u00e4gt man es?<\/b><\/p>\n<ol>\n<li>\n<p><b>Glamour Night:<\/b> Es ist der K\u00f6nig der Abendaccessoires. Lassen Sie es alleine gl\u00e4nzen, es braucht keine Konkurrenz. <\/p>\n<\/li>\n<li>\n<p><b>Old Money Style:<\/b> Kombinieren Sie es mit einer schlichten Golduhr. Diese Kombination wirkt sehr edel und raffiniert. <\/p>\n<\/li>\n<\/ol>\n","protected":false},"excerpt":{"rendered":"<p>Erleben Sie den Hauch von Luxus mit dem Armband <b>NY<\/b>. Dieses klassische \u201eTennis\u201c-Armband besteht aus einer Linie gro\u00dfer <strong>klarer Zirkonia<\/strong>, die echten Diamanten \u00e4hneln. Es verf\u00fcgt \u00fcber einen sicheren <strong>Karabinerverschluss<\/strong> mit L\u00e4ngenverstellm\u00f6glichkeit. Hergestellt aus hochwertigem <b>Chirurgenstahl<\/b>, ist es 100 % wasserdicht, hypoallergen und farbbest\u00e4ndig.   <\/p>\n","protected":false},"featured_media":4988,"comment_status":"closed","ping_status":"closed","template":"","meta":{"_monsterinsights_skip_tracking":false,"_monsterinsights_sitenote_active":false,"_monsterinsights_sitenote_note":"","_monsterinsights_sitenote_category":0,"_joinchat":[]},"product_brand":[],"product_cat":[183],"product_tag":[],"class_list":{"0":"post-4987","1":"product","2":"type-product","3":"status-publish","4":"has-post-thumbnail","6":"product_cat-armbander","8":"first","9":"instock","10":"taxable","11":"shipping-taxable","12":"purchasable","13":"product-type-simple"},"_links":{"self":[{"href":"https:\/\/yourdailyjewellery.eu\/de\/wp-json\/wp\/v2\/product\/4987","targetHints":{"allow":["GET"]}}],"collection":[{"href":"https:\/\/yourdailyjewellery.eu\/de\/wp-json\/wp\/v2\/product"}],"about":[{"href":"https:\/\/yourdailyjewellery.eu\/de\/wp-json\/wp\/v2\/types\/product"}],"replies":[{"embeddable":true,"href":"https:\/\/yourdailyjewellery.eu\/de\/wp-json\/wp\/v2\/comments?post=4987"}],"wp:featuredmedia":[{"embeddable":true,"href":"https:\/\/yourdailyjewellery.eu\/de\/wp-json\/wp\/v2\/media\/4988"}],"wp:attachment":[{"href":"https:\/\/yourdailyjewellery.eu\/de\/wp-json\/wp\/v2\/media?parent=4987"}],"wp:term":[{"taxonomy":"product_brand","embeddable":true,"href":"https:\/\/yourdailyjewellery.eu\/de\/wp-json\/wp\/v2\/product_brand?post=4987"},{"taxonomy":"product_cat","embeddable":true,"href":"https:\/\/yourdailyjewellery.eu\/de\/wp-json\/wp\/v2\/product_cat?post=4987"},{"taxonomy":"product_tag","embeddable":true,"href":"https:\/\/yourdailyjewellery.eu\/de\/wp-json\/wp\/v2\/product_tag?post=4987"}],"curies":[{"name":"wp","href":"https:\/\/api.w.org\/{rel}","templated":true}]}}