{"id":4983,"date":"2025-12-17T02:37:13","date_gmt":"2025-12-17T01:37:13","guid":{"rendered":"https:\/\/yourdailyjewellery.eu\/shop-2\/armband-nia\/"},"modified":"2025-12-17T02:37:13","modified_gmt":"2025-12-17T01:37:13","slug":"armband-nia","status":"publish","type":"product","link":"https:\/\/yourdailyjewellery.eu\/de\/shop-2\/armband-nia\/","title":{"rendered":"Armband Nia"},"content":{"rendered":"<h4>Armband Nia \u2013 Zeitlose Eleganz mit einem Hauch von Luxus<\/h4>\n<p>Es gibt Schmuckst\u00fccke, die keinen Trends unterliegen, sondern zu deren Ikonen werden. <b>Das Armband Nia<\/b> ist genau so ein St\u00fcck. Dieses feste goldene Armband (Bangle) zeichnet sich durch ein klares, glattes Profil aus, das am Umfang mit regelm\u00e4\u00dfig angeordneten <strong>eingefassten klaren Zirkonia<\/strong> verziert ist. Es ist ein Symbol der Raffinesse, das Ihrem Handgelenk einen Hauch von Exklusivit\u00e4t verleiht.  <\/p>\n<p><b>Warum es zu den beliebtesten Modellen geh\u00f6rt:<\/b><\/p>\n<ul>\n<li>\n<p><b>Glattes Design:<\/b> Die Steine sind pr\u00e4zise in das Metall <strong>eingefasst<\/strong> (nicht auf die Oberfl\u00e4che geklebt), sodass das Armband sich perfekt glatt anf\u00fchlt. Es verf\u00e4ngt sich nirgends an der Kleidung, was es zu einem idealen St\u00fcck f\u00fcr den Alltag macht. <\/p>\n<\/li>\n<li>\n<p><b>Perfekte Form:<\/b> Das Armband hat eine feste ovale Form, die der nat\u00fcrlichen Linie des Handgelenks besser folgt als runde Armb\u00e4nder. Dadurch verdreht es sich nicht und sitzt sehr bequem. <\/p>\n<\/li>\n<li>\n<p><b>Verdeckter Verschluss:<\/b> Es verf\u00fcgt \u00fcber ein unauff\u00e4lliges Scharnier und einen sicheren \u201eKlick\u201c-Mechanismus, der mit dem Design verschmilzt und die klaren Linien des Schmuckst\u00fccks nicht st\u00f6rt.<\/p>\n<\/li>\n<li>\n<p><b>Premium-Qualit\u00e4t:<\/b> Hergestellt aus poliertem <b>Chirurgenstahl 316L<\/b> mit 18k Vergoldung. Es ist 100% wasserdicht, kratzfest und beh\u00e4lt seinen Spieglglanz \u00fcber viele Jahre. <\/p>\n<\/li>\n<\/ul>\n<p><b>Wie tr\u00e4gt man es?<\/b><\/p>\n<ol>\n<li>\n<p><b>Ultimate Stacking:<\/b> Dieser Armbandtyp ist der K\u00f6nig des Layerings. Es sieht atemberaubend aus in Kombination mit Uhren oder zarten Kettenarmb\u00e4ndern. <\/p>\n<\/li>\n<li>\n<p><b>Office Elegance:<\/b> Sein minimalistisches Aussehen ist dezent genug f\u00fcr die Arbeit, aber gleichzeitig auff\u00e4llig genug, um beim H\u00e4ndedruck zu beeindrucken.<\/p>\n<\/li>\n<\/ol>\n","protected":false},"excerpt":{"rendered":"<p>G\u00f6nnen Sie sich einen luxuri\u00f6sen Look mit dem Armband <b>Nia<\/b>. Dieses feste goldene Armband (Bangle) besticht durch seine glatte Oberfl\u00e4che und elegant <strong>eingefasste Zirkonia<\/strong> rundum. Hergestellt aus hochwertigem <b>Chirurgenstahl<\/b>, ist es 100% wasserdicht, hypoallergen und sitzt dank seiner ovalen Form perfekt am Handgelenk. Ein zeitloses St\u00fcck, das nie langweilig wird.   <\/p>\n","protected":false},"featured_media":4984,"comment_status":"closed","ping_status":"closed","template":"","meta":{"_monsterinsights_skip_tracking":false,"_monsterinsights_sitenote_active":false,"_monsterinsights_sitenote_note":"","_monsterinsights_sitenote_category":0,"_joinchat":[]},"product_brand":[],"product_cat":[183],"product_tag":[],"class_list":{"0":"post-4983","1":"product","2":"type-product","3":"status-publish","4":"has-post-thumbnail","6":"product_cat-armbander","8":"first","9":"instock","10":"taxable","11":"shipping-taxable","12":"purchasable","13":"product-type-simple"},"_links":{"self":[{"href":"https:\/\/yourdailyjewellery.eu\/de\/wp-json\/wp\/v2\/product\/4983","targetHints":{"allow":["GET"]}}],"collection":[{"href":"https:\/\/yourdailyjewellery.eu\/de\/wp-json\/wp\/v2\/product"}],"about":[{"href":"https:\/\/yourdailyjewellery.eu\/de\/wp-json\/wp\/v2\/types\/product"}],"replies":[{"embeddable":true,"href":"https:\/\/yourdailyjewellery.eu\/de\/wp-json\/wp\/v2\/comments?post=4983"}],"wp:featuredmedia":[{"embeddable":true,"href":"https:\/\/yourdailyjewellery.eu\/de\/wp-json\/wp\/v2\/media\/4984"}],"wp:attachment":[{"href":"https:\/\/yourdailyjewellery.eu\/de\/wp-json\/wp\/v2\/media?parent=4983"}],"wp:term":[{"taxonomy":"product_brand","embeddable":true,"href":"https:\/\/yourdailyjewellery.eu\/de\/wp-json\/wp\/v2\/product_brand?post=4983"},{"taxonomy":"product_cat","embeddable":true,"href":"https:\/\/yourdailyjewellery.eu\/de\/wp-json\/wp\/v2\/product_cat?post=4983"},{"taxonomy":"product_tag","embeddable":true,"href":"https:\/\/yourdailyjewellery.eu\/de\/wp-json\/wp\/v2\/product_tag?post=4983"}],"curies":[{"name":"wp","href":"https:\/\/api.w.org\/{rel}","templated":true}]}}