{"id":4977,"date":"2025-12-17T02:37:13","date_gmt":"2025-12-17T01:37:13","guid":{"rendered":"https:\/\/yourdailyjewellery.eu\/shop-2\/armband-4-flow\/"},"modified":"2026-01-25T14:57:37","modified_gmt":"2026-01-25T13:57:37","slug":"armband-4-flow","status":"publish","type":"product","link":"https:\/\/yourdailyjewellery.eu\/de\/shop-2\/armband-4-flow\/","title":{"rendered":"Armband 4 flow"},"content":{"rendered":"<h4>Armband 4 flow \u2013 Leidenschaftliches Rot im goldenen Glanz<\/h4>\n<p>Suchen Sie ein Schmuckst\u00fcck, das Ihrem Tag Energie und Farbe verleiht? Das <b>Armband 4 flow<\/b> ist eine Hommage an Weiblichkeit und Temperament. Auf einer zarten Goldkette sind <strong>f\u00fcnf Blumenmotive<\/strong> angeordnet, die mit einem satten <strong>Rot<\/strong> gef\u00fcllt sind. Dieser Kontrast aus warmem Gold und feurigem Rot schafft ein un\u00fcbersehbares Accessoire, das alle Blicke auf sich zieht.  <\/p>\n<p><b>Warum Sie ihn lieben werden:<\/b><\/p>\n<ul>\n<li>\n<p><b>Farbsymbolik:<\/b> Rot ist die Farbe der Leidenschaft, Liebe und Lebensenergie. In Kombination mit der Blumenform (Symbol des Gl\u00fccks) ist dieses Armband ein wundersch\u00f6ner Talisman f\u00fcr jede selbstbewusste Frau. <\/p>\n<\/li>\n<li>\n<p><b>Ikonisches Design:<\/b> Das Blumenmotiv ist von weltbekannten Schmuckh\u00e4usern inspiriert. Es wirkt zeitlos, elegant und kommt nie aus der Mode. <\/p>\n<\/li>\n<li>\n<p><b>Markanter Akzent:<\/b> Die Blumen sind \u00fcber die gesamte L\u00e4nge der Vorderseite des Armbands verteilt und schm\u00fccken so das gesamte Handgelenk. Es ist ein idealer \u201ePop of Color\u201c f\u00fcr neutrale Outfits. <\/p>\n<\/li>\n<li>\n<p><b>Qualit\u00e4t und Langlebigkeit:<\/b> Hergestellt aus hochwertigem <b>Chirurgenstahl 316L<\/b> mit 18k Vergoldung. Die rote F\u00fcllung ist langlebig und das gesamte Schmuckst\u00fcck ist 100% wasserdicht, sodass Sie es bedenkenlos jeden Tag tragen k\u00f6nnen. <\/p>\n<\/li>\n<\/ul>\n<p><b>Wie tr\u00e4gt man es?<\/b><\/p>\n<ol>\n<li>\n<p><b>Romantisches Date:<\/b> Rot geh\u00f6rt einfach zu einem Date. Erg\u00e4nzen Sie damit das kleine Schwarze oder roten Lippenstift und kreieren Sie einen verf\u00fchrerischen Look. <\/p>\n<\/li>\n<li>\n<p><b>Casual Chic:<\/b> Peppen Sie damit Ihr Alltagsoutfit auf \u2013 ein wei\u00dfes T-Shirt und Jeans erhalten mit diesem Armband einen v\u00f6llig neuen Pfiff.<\/p>\n<\/li>\n<\/ol>\n","protected":false},"excerpt":{"rendered":"<p>Verleihen Sie Ihrem Handgelenk das gewisse Etwas mit dem <b>4 flow<\/b> Armband. Dieses bezaubernde Goldarmband ziert eine Reihe ikonischer <strong>Blumen mit roter F\u00fcllung<\/strong>, die Leidenschaft und Gl\u00fcck symbolisieren. Hergestellt aus hochwertigem <b>Chirurgenstahl<\/b>, ist es 100% wasserdicht, hypoallergen und farbbest\u00e4ndig. Ein markantes und elegantes Accessoire, das jedes Outfit belebt.   <\/p>\n","protected":false},"featured_media":4978,"comment_status":"closed","ping_status":"closed","template":"","meta":{"_monsterinsights_skip_tracking":false,"_monsterinsights_sitenote_active":false,"_monsterinsights_sitenote_note":"","_monsterinsights_sitenote_category":0,"_joinchat":[]},"product_brand":[],"product_cat":[183],"product_tag":[],"class_list":{"0":"post-4977","1":"product","2":"type-product","3":"status-publish","4":"has-post-thumbnail","6":"product_cat-armbander","8":"first","9":"instock","10":"taxable","11":"shipping-taxable","12":"purchasable","13":"product-type-simple"},"_links":{"self":[{"href":"https:\/\/yourdailyjewellery.eu\/de\/wp-json\/wp\/v2\/product\/4977","targetHints":{"allow":["GET"]}}],"collection":[{"href":"https:\/\/yourdailyjewellery.eu\/de\/wp-json\/wp\/v2\/product"}],"about":[{"href":"https:\/\/yourdailyjewellery.eu\/de\/wp-json\/wp\/v2\/types\/product"}],"replies":[{"embeddable":true,"href":"https:\/\/yourdailyjewellery.eu\/de\/wp-json\/wp\/v2\/comments?post=4977"}],"wp:featuredmedia":[{"embeddable":true,"href":"https:\/\/yourdailyjewellery.eu\/de\/wp-json\/wp\/v2\/media\/4978"}],"wp:attachment":[{"href":"https:\/\/yourdailyjewellery.eu\/de\/wp-json\/wp\/v2\/media?parent=4977"}],"wp:term":[{"taxonomy":"product_brand","embeddable":true,"href":"https:\/\/yourdailyjewellery.eu\/de\/wp-json\/wp\/v2\/product_brand?post=4977"},{"taxonomy":"product_cat","embeddable":true,"href":"https:\/\/yourdailyjewellery.eu\/de\/wp-json\/wp\/v2\/product_cat?post=4977"},{"taxonomy":"product_tag","embeddable":true,"href":"https:\/\/yourdailyjewellery.eu\/de\/wp-json\/wp\/v2\/product_tag?post=4977"}],"curies":[{"name":"wp","href":"https:\/\/api.w.org\/{rel}","templated":true}]}}