{"id":4967,"date":"2025-12-17T02:37:14","date_gmt":"2025-12-17T01:37:14","guid":{"rendered":"https:\/\/yourdailyjewellery.eu\/shop-2\/armband-black-4-flow\/"},"modified":"2025-12-17T02:37:14","modified_gmt":"2025-12-17T01:37:14","slug":"armband-black-4-flow","status":"publish","type":"product","link":"https:\/\/yourdailyjewellery.eu\/de\/shop-2\/armband-black-4-flow\/","title":{"rendered":"Armband Black 4 flow"},"content":{"rendered":"<h4>Armband Black 4 flow \u2013 Ikonischer Kontrast aus Schwarz und Gold<\/h4>\n<p>Wenn es eine Farbkombination gibt, die nie aus der Mode kommt, dann ist es Schwarz mit Gold. Das <b>Armband Black 4 flow<\/b> bringt diese raffinierte Eleganz an Ihr Handgelenk. Die zarte Goldkette ist mit f\u00fcnf Blumenmotiven verziert, die mit einer dunklen <strong>schwarzen Farbe<\/strong> (Onyx-Effekt) gef\u00fcllt sind. Es ist ein Schmuckst\u00fcck, das geheimnisvoll und luxuri\u00f6s wirkt und zu jedem Outfit passt.  <\/p>\n<p><b>Warum es ein \u201eMust-Have\u201c-St\u00fcck ist:<\/b><\/p>\n<ul>\n<li>\n<p><b>Black &amp; Gold:<\/b> Dieser Kontrast ist ein Symbol f\u00fcr Prestige und guten Geschmack. Die schwarze F\u00fcllung der Blumen kommt in der goldenen Umrandung wundersch\u00f6n zur Geltung und verleiht dem Armband Tiefe und grafische Klarheit. <\/p>\n<\/li>\n<li>\n<p><b>Universelle Sch\u00f6nheit:<\/b> \u00c4hnlich wie das \u201ekleine Schwarze\u201c rettet Sie dieses Armband in jeder Situation. Ob Sie zu einem Vorstellungsgespr\u00e4ch, einem Abendessen oder einer Party gehen, mit diesem Accessoire liegen Sie immer richtig. <\/p>\n<\/li>\n<li>\n<p><b>Symbolik des Gl\u00fccks:<\/b> F\u00fcnf Blumen (die an Kleebl\u00e4tter erinnern) symbolisieren Gl\u00fcck und Freude. Die Anordnung der Motive sorgt daf\u00fcr, dass sie das gesamte Handgelenk schm\u00fccken und sich bei Bewegung wundersch\u00f6n zeigen. <\/p>\n<\/li>\n<li>\n<p><b>Premium-Qualit\u00e4t:<\/b> Hergestellt aus robustem <b>Chirurgenstahl 316L<\/b> mit 18k Vergoldung. Es ist 100 % wasserdicht, die schwarze Farbe verblasst nicht und das Metall l\u00e4uft nicht an, sodass es seinen luxuri\u00f6sen Look \u00fcber viele Jahre beh\u00e4lt. <\/p>\n<\/li>\n<\/ul>\n<p><b>Wie tr\u00e4gt man es?<\/b><\/p>\n<ol>\n<li>\n<p><b>Business-Look:<\/b> Es ist das ideale Schmuckst\u00fcck f\u00fcr die Arbeit. Es wirkt seri\u00f6s und elegant und erg\u00e4nzt perfekt ein Sakko oder eine wei\u00dfe Bluse. <\/p>\n<\/li>\n<li>\n<p><b>Evening Glam:<\/b> Kombinieren Sie es mit goldenen Creolen (z. B. Modell Flower Black) f\u00fcr ein perfekt abgestimmtes Set f\u00fcr Abendveranstaltungen.<\/p>\n<\/li>\n<\/ol>\n","protected":false},"excerpt":{"rendered":"<p>G\u00f6nnen Sie sich zeitlose Eleganz mit dem Armband <b>Black 4 flow<\/b>. Dieses stilvolle Goldarmband ist mit 5 Blumen mit <strong>schwarzer F\u00fcllung<\/strong> verziert, die einen luxuri\u00f6sen, an Onyx erinnernden Kontrast bilden. Hergestellt aus hochwertigem <b>Chirurgenstahl<\/b>, ist es 100 % wasserdicht, hypoallergen und farbbest\u00e4ndig. Ein universelles Accessoire f\u00fcr die Frau, die Klassik liebt.   <\/p>\n","protected":false},"featured_media":4968,"comment_status":"closed","ping_status":"closed","template":"","meta":{"_monsterinsights_skip_tracking":false,"_monsterinsights_sitenote_active":false,"_monsterinsights_sitenote_note":"","_monsterinsights_sitenote_category":0,"_joinchat":[]},"product_brand":[],"product_cat":[183],"product_tag":[],"class_list":{"0":"post-4967","1":"product","2":"type-product","3":"status-publish","4":"has-post-thumbnail","6":"product_cat-armbander","8":"first","9":"instock","10":"taxable","11":"shipping-taxable","12":"purchasable","13":"product-type-simple"},"_links":{"self":[{"href":"https:\/\/yourdailyjewellery.eu\/de\/wp-json\/wp\/v2\/product\/4967","targetHints":{"allow":["GET"]}}],"collection":[{"href":"https:\/\/yourdailyjewellery.eu\/de\/wp-json\/wp\/v2\/product"}],"about":[{"href":"https:\/\/yourdailyjewellery.eu\/de\/wp-json\/wp\/v2\/types\/product"}],"replies":[{"embeddable":true,"href":"https:\/\/yourdailyjewellery.eu\/de\/wp-json\/wp\/v2\/comments?post=4967"}],"wp:featuredmedia":[{"embeddable":true,"href":"https:\/\/yourdailyjewellery.eu\/de\/wp-json\/wp\/v2\/media\/4968"}],"wp:attachment":[{"href":"https:\/\/yourdailyjewellery.eu\/de\/wp-json\/wp\/v2\/media?parent=4967"}],"wp:term":[{"taxonomy":"product_brand","embeddable":true,"href":"https:\/\/yourdailyjewellery.eu\/de\/wp-json\/wp\/v2\/product_brand?post=4967"},{"taxonomy":"product_cat","embeddable":true,"href":"https:\/\/yourdailyjewellery.eu\/de\/wp-json\/wp\/v2\/product_cat?post=4967"},{"taxonomy":"product_tag","embeddable":true,"href":"https:\/\/yourdailyjewellery.eu\/de\/wp-json\/wp\/v2\/product_tag?post=4967"}],"curies":[{"name":"wp","href":"https:\/\/api.w.org\/{rel}","templated":true}]}}