{"id":4959,"date":"2025-12-17T02:37:14","date_gmt":"2025-12-17T01:37:14","guid":{"rendered":"https:\/\/yourdailyjewellery.eu\/shop-2\/armband-roma\/"},"modified":"2025-12-17T02:37:14","modified_gmt":"2025-12-17T01:37:14","slug":"armband-roma","status":"publish","type":"product","link":"https:\/\/yourdailyjewellery.eu\/de\/shop-2\/armband-roma\/","title":{"rendered":"Armband ROMA"},"content":{"rendered":"<h4>Armband ROMA \u2013 Symbol der Zeit und ewiger Eleganz<\/h4>\n<p>Man sagt, alle Wege f\u00fchren nach Rom. In der Modewelt f\u00fchren alle Wege zu zeitloser Klassik. Das <b>Armband ROMA<\/b> ist ein raffiniertes, festes Armband (Bangle), das durch sein intellektuelles Design besticht. Sein Umfang ist mit markanten <strong>r\u00f6mischen Ziffern<\/strong> verziert, zwischen denen zarte <strong>klare Zirkone<\/strong> funkeln. Es ist ein Schmuckst\u00fcck, das das Erbe der Geschichte in einem modernen Design tr\u00e4gt.   <\/p>\n<p><b>Warum dieses St\u00fcck ikonisch ist:<\/b><\/p>\n<ul>\n<li>\n<p><b>Zeitinspiriertes Design:<\/b> Das Motiv der r\u00f6mischen Ziffern ist in der Welt des Luxusschmucks sehr beliebt. Es symbolisiert wichtige Momente, den Lauf der Zeit und die Ewigkeit. Die Ziffern sind pr\u00e4zise eingraviert, was dem Armband Leichtigkeit und Originalit\u00e4t verleiht.  <\/p>\n<\/li>\n<li>\n<p><b>Dezenter Glanz:<\/b> Die Zirkone sind sehr dezent in das Armband eingefasst \u2013 sie \u00fcberladen das Design nicht, sondern erg\u00e4nzen es wundersch\u00f6n und erzeugen bei Handbewegungen zarte Lichtreflexe.<\/p>\n<\/li>\n<li>\n<p><b>Optimale Passform:<\/b> Das Armband hat eine ovale Form, die sich perfekt an die Anatomie des Handgelenks anpasst. Dadurch verdreht es sich nicht und sitzt sehr bequem. <\/p>\n<\/li>\n<li>\n<p><b>Premium-Qualit\u00e4t:<\/b> Hergestellt aus robustem <b>Chirurgenstahl 316L<\/b> mit 18k Vergoldung. Es ist 100% wasserdicht, l\u00e4uft nicht an und l\u00e4sst sich dank des hochwertigen Scharnierverschlusses leicht anlegen. <\/p>\n<\/li>\n<\/ul>\n<p><b>Wie tr\u00e4gt man es?<\/b><\/p>\n<ol>\n<li>\n<p><b>Power Dressing:<\/b> Es ist das ideale Accessoire f\u00fcr die Arbeit. Es sieht hervorragend aus, wenn es unter der Manschette eines wei\u00dfen Hemdes oder eines Sakkos hervorblitzt. <\/p>\n<\/li>\n<li>\n<p><b>Perfect Match:<\/b> Dieses Design passt perfekt zu einer Uhr. Die r\u00f6mischen Ziffern auf dem Armband und das Zifferblatt der Uhr schaffen eine perfekte visuelle Harmonie. <\/p>\n<\/li>\n<\/ol>\n","protected":false},"excerpt":{"rendered":"<p>Halten Sie die Zeit an mit dem eleganten <b>ROMA<\/b> Armband. Dieses feste goldene Armband (Bangle) ziert ein umlaufendes Motiv aus <strong>r\u00f6mischen Ziffern<\/strong>, erg\u00e4nzt durch zarte <strong>klare Kristalle<\/strong>. Hergestellt aus hochwertigem <b>Chirurgenstahl<\/b>, ist es 100% wasserdicht, hypoallergen und sitzt dank seiner ovalen Form perfekt am Handgelenk. Ein luxuri\u00f6ses Accessoire f\u00fcr Liebhaberinnen der Klassik.   <\/p>\n","protected":false},"featured_media":4960,"comment_status":"closed","ping_status":"closed","template":"","meta":{"_monsterinsights_skip_tracking":false,"_monsterinsights_sitenote_active":false,"_monsterinsights_sitenote_note":"","_monsterinsights_sitenote_category":0,"_joinchat":[]},"product_brand":[],"product_cat":[183],"product_tag":[],"class_list":{"0":"post-4959","1":"product","2":"type-product","3":"status-publish","4":"has-post-thumbnail","6":"product_cat-armbander","8":"first","9":"instock","10":"taxable","11":"shipping-taxable","12":"purchasable","13":"product-type-simple"},"_links":{"self":[{"href":"https:\/\/yourdailyjewellery.eu\/de\/wp-json\/wp\/v2\/product\/4959","targetHints":{"allow":["GET"]}}],"collection":[{"href":"https:\/\/yourdailyjewellery.eu\/de\/wp-json\/wp\/v2\/product"}],"about":[{"href":"https:\/\/yourdailyjewellery.eu\/de\/wp-json\/wp\/v2\/types\/product"}],"replies":[{"embeddable":true,"href":"https:\/\/yourdailyjewellery.eu\/de\/wp-json\/wp\/v2\/comments?post=4959"}],"wp:featuredmedia":[{"embeddable":true,"href":"https:\/\/yourdailyjewellery.eu\/de\/wp-json\/wp\/v2\/media\/4960"}],"wp:attachment":[{"href":"https:\/\/yourdailyjewellery.eu\/de\/wp-json\/wp\/v2\/media?parent=4959"}],"wp:term":[{"taxonomy":"product_brand","embeddable":true,"href":"https:\/\/yourdailyjewellery.eu\/de\/wp-json\/wp\/v2\/product_brand?post=4959"},{"taxonomy":"product_cat","embeddable":true,"href":"https:\/\/yourdailyjewellery.eu\/de\/wp-json\/wp\/v2\/product_cat?post=4959"},{"taxonomy":"product_tag","embeddable":true,"href":"https:\/\/yourdailyjewellery.eu\/de\/wp-json\/wp\/v2\/product_tag?post=4959"}],"curies":[{"name":"wp","href":"https:\/\/api.w.org\/{rel}","templated":true}]}}