{"id":4955,"date":"2025-12-17T02:37:17","date_gmt":"2025-12-17T01:37:17","guid":{"rendered":"https:\/\/yourdailyjewellery.eu\/shop-2\/armband-white-xenia\/"},"modified":"2025-12-17T02:37:17","modified_gmt":"2025-12-17T01:37:17","slug":"armband-white-xenia","status":"publish","type":"product","link":"https:\/\/yourdailyjewellery.eu\/de\/shop-2\/armband-white-xenia\/","title":{"rendered":"Armband White Xenia"},"content":{"rendered":"<h4>Armband White Xenia \u2013 Dreifache Dosis Stil auf einen Schlag<\/h4>\n<p>Warum nur ein Armband tragen, wenn Sie den Effekt von drei auf einmal haben k\u00f6nnen? Das <b>Armband White Xenia<\/b> ist ein Meisterwerk der optischen Illusion. Dieses feste, offene Armband (Cuff) ist so konzipiert, dass es wie <strong>drei separate, feine Reifen<\/strong> an Ihrem Handgelenk aussieht, obwohl es ein einziges, kompaktes und bequemes Schmuckst\u00fcck ist. <\/p>\n<p><b>Warum Sie es auf den ersten Blick lieben werden:<\/b><\/p>\n<ul>\n<li>\n<p><b>Instant-Layering:<\/b> Der &#8222;Stacking&#8220;-Trend (Schmuck-Layering) ist nach wie vor angesagt, doch manchmal ist es schwierig, passende St\u00fccke zu finden. White Xenia l\u00f6st das f\u00fcr Sie \u2013 die drei Linien sind perfekt aufeinander abgestimmt und halten sch\u00f6n zusammen. <\/p>\n<\/li>\n<li>\n<p><b>Diamant-Textur:<\/b> Die Oberfl\u00e4che des Armbands ist nicht glatt, sondern hat eine fein <strong>geh\u00e4mmerte \/ geschliffene Struktur<\/strong>. Diese Veredelung wirkt wie Hunderte kleiner Spiegel, die bei Handbewegungen das Licht wundersch\u00f6n reflektieren und auch ohne Steine funkeln. <\/p>\n<\/li>\n<li>\n<p><b>Anpassungsf\u00e4hige Form:<\/b> Dank des offenen &#8222;C&#8220;-Profils ist das Armband flexibel. Sie k\u00f6nnen es leicht seitlich am Handgelenk anlegen und die Gr\u00f6\u00dfe durch sanftes Zusammendr\u00fccken anpassen, sodass es wirklich jeder Frau passt. <\/p>\n<\/li>\n<li>\n<p><b>Qualit\u00e4t ohne Kompromisse:<\/b> Hergestellt aus poliertem <b>Chirurgenstahl 316L<\/b> in Silberton. Es ist 100% wasserdicht, l\u00e4uft nicht an (oxidiert nicht wie Silber) und ist hypoallergen. <\/p>\n<\/li>\n<\/ul>\n<p><b>Wie tr\u00e4gt man es?<\/b><\/p>\n<ol>\n<li>\n<p><b>Solo-Statement:<\/b> Es ist ausdrucksstark genug, um das einzige Schmuckst\u00fcck an der Hand zu sein. Es erg\u00e4nzt hervorragend ein minimalistisches Outfit in k\u00fchlen T\u00f6nen (Blau, Grau, Wei\u00df). <\/p>\n<\/li>\n<li>\n<p><b>Boho Silver:<\/b> Seine Textur passt auch zu einem entspannteren Stil. Kombinieren Sie es mit Ringen mit Steinen und kreieren Sie Ihren pers\u00f6nlichen Look. <\/p>\n<\/li>\n<\/ol>\n","protected":false},"excerpt":{"rendered":"<p>Erzielen Sie m\u00fchelos den Layering-Effekt mit dem <b>White Xenia<\/b> Armband. Dieses stilvolle, feste Armband in <strong>Silberfarbe<\/strong> besteht aus einer Konstruktion von <strong>drei verbundenen Reifen<\/strong> mit einer glitzernden, geh\u00e4mmerten Textur. Dank des offenen Designs (Cuff) passt es sich leicht der Gr\u00f6\u00dfe Ihres Handgelenks an. Hergestellt aus hochwertigem <b>Chirurgenstahl<\/b>, ist es 100% wasserdicht, l\u00e4uft nicht an und ist hypoallergen.   <\/p>\n","protected":false},"featured_media":4956,"comment_status":"closed","ping_status":"closed","template":"","meta":{"_monsterinsights_skip_tracking":false,"_monsterinsights_sitenote_active":false,"_monsterinsights_sitenote_note":"","_monsterinsights_sitenote_category":0,"_joinchat":[]},"product_brand":[],"product_cat":[183],"product_tag":[],"class_list":{"0":"post-4955","1":"product","2":"type-product","3":"status-publish","4":"has-post-thumbnail","6":"product_cat-armbander","8":"first","9":"instock","10":"taxable","11":"shipping-taxable","12":"purchasable","13":"product-type-simple"},"_links":{"self":[{"href":"https:\/\/yourdailyjewellery.eu\/de\/wp-json\/wp\/v2\/product\/4955","targetHints":{"allow":["GET"]}}],"collection":[{"href":"https:\/\/yourdailyjewellery.eu\/de\/wp-json\/wp\/v2\/product"}],"about":[{"href":"https:\/\/yourdailyjewellery.eu\/de\/wp-json\/wp\/v2\/types\/product"}],"replies":[{"embeddable":true,"href":"https:\/\/yourdailyjewellery.eu\/de\/wp-json\/wp\/v2\/comments?post=4955"}],"wp:featuredmedia":[{"embeddable":true,"href":"https:\/\/yourdailyjewellery.eu\/de\/wp-json\/wp\/v2\/media\/4956"}],"wp:attachment":[{"href":"https:\/\/yourdailyjewellery.eu\/de\/wp-json\/wp\/v2\/media?parent=4955"}],"wp:term":[{"taxonomy":"product_brand","embeddable":true,"href":"https:\/\/yourdailyjewellery.eu\/de\/wp-json\/wp\/v2\/product_brand?post=4955"},{"taxonomy":"product_cat","embeddable":true,"href":"https:\/\/yourdailyjewellery.eu\/de\/wp-json\/wp\/v2\/product_cat?post=4955"},{"taxonomy":"product_tag","embeddable":true,"href":"https:\/\/yourdailyjewellery.eu\/de\/wp-json\/wp\/v2\/product_tag?post=4955"}],"curies":[{"name":"wp","href":"https:\/\/api.w.org\/{rel}","templated":true}]}}