{"id":4953,"date":"2025-12-17T02:37:17","date_gmt":"2025-12-17T01:37:17","guid":{"rendered":"https:\/\/yourdailyjewellery.eu\/shop-2\/armband-white-shine\/"},"modified":"2025-12-17T02:37:17","modified_gmt":"2025-12-17T01:37:17","slug":"armband-white-shine","status":"publish","type":"product","link":"https:\/\/yourdailyjewellery.eu\/de\/shop-2\/armband-white-shine\/","title":{"rendered":"Armband White Shine"},"content":{"rendered":"<h4>Armband White Shine \u2013 Eisige Eleganz und klare Linien<\/h4>\n<p>Wenn Sie den k\u00fchlen Glanz von Silber Gold vorziehen, wird das <b>Armband White Shine<\/b> Ihre neue Liebe sein. Dieses feste Armband (Bangle) in silberfarbenem Design besticht durch seinen minimalistischen Look. Seine glatte Oberfl\u00e4che ist am Umfang mit regelm\u00e4\u00dfig angeordneten <strong>klaren Zirkonia<\/strong> verziert, die pr\u00e4zise in das Metall eingelassen sind.  <\/p>\n<p><b>Warum dieses St\u00fcck ein Must-have f\u00fcr Ihre Schmuckschatulle ist:<\/b><\/p>\n<ul>\n<li>\n<p><b>Glattes Profil:<\/b> Dank der <strong>tief eingelassenen<\/strong> Steine (Flush Setting) bleibt die Oberfl\u00e4che des Armbands perfekt glatt. Es verf\u00e4ngt sich nicht an Pullovern oder feinen Blusen, was es zu einem idealen Schmuckst\u00fcck f\u00fcr den Alltag macht. <\/p>\n<\/li>\n<li>\n<p><b>Ergonomische Form:<\/b> Das Armband ist nicht perfekt rund, sondern leicht oval. Diese Form passt sich besser dem menschlichen Handgelenk an, sodass das Armband nat\u00fcrlich sitzt, nicht dr\u00fcckt und sich nicht unn\u00f6tig verdreht. <\/p>\n<\/li>\n<li>\n<p><b>Diskreter Verschluss:<\/b> Es verf\u00fcgt \u00fcber ein \u201eunsichtbares\u201c Scharnier und einen Verschlussmechanismus, der mit dem Design des Schmuckst\u00fccks verschmilzt. Es l\u00e4sst sich leicht anlegen und h\u00e4lt sicher. <\/p>\n<\/li>\n<li>\n<p><b>Unverg\u00e4ngliche Sch\u00f6nheit:<\/b> Hergestellt aus poliertem <b>Chirurgenstahl 316L<\/b>. Im Gegensatz zu Silber oxidiert dieses Metall nicht (l\u00e4uft nicht an), ist 100% wasserdicht und beh\u00e4lt seinen spiegelnden \u201eWhite Shine\u201c Glanz f\u00fcr immer. <\/p>\n<\/li>\n<\/ul>\n<p><b>Wie tr\u00e4gt man es?<\/b><\/p>\n<ol>\n<li>\n<p><b>Silver Stack:<\/b> Kreieren Sie einen modernen Lagenlook in Kombination mit silbernen Uhren oder anderen Kettenarmb\u00e4ndern.<\/p>\n<\/li>\n<li>\n<p><b>Clean Minimal:<\/b> Seine Reinheit kommt am besten zu monochromen Outfits zur Geltung \u2013 in Grau, Wei\u00df oder Schwarz.<\/p>\n<\/li>\n<\/ol>\n","protected":false},"excerpt":{"rendered":"<p>G\u00f6nnen Sie sich modernen Minimalismus mit dem <b>Armband White Shine<\/b>. Dieses feste Armband in <strong>Silberfarbe<\/strong> besticht durch sein glattes Profil und elegant <strong>eingelassene Zirkonia<\/strong> rundum. Hergestellt aus hochwertigem <b>Chirurgenstahl<\/b>, ist es 100% wasserdicht, l\u00e4uft nicht an und sitzt dank seiner ovalen Form perfekt am Handgelenk. Ein zeitloses St\u00fcck mit luxuri\u00f6sem Glanz.   <\/p>\n","protected":false},"featured_media":4954,"comment_status":"closed","ping_status":"closed","template":"","meta":{"_monsterinsights_skip_tracking":false,"_monsterinsights_sitenote_active":false,"_monsterinsights_sitenote_note":"","_monsterinsights_sitenote_category":0,"_joinchat":[]},"product_brand":[],"product_cat":[183],"product_tag":[],"class_list":{"0":"post-4953","1":"product","2":"type-product","3":"status-publish","4":"has-post-thumbnail","6":"product_cat-armbander","8":"first","9":"instock","10":"taxable","11":"shipping-taxable","12":"purchasable","13":"product-type-simple"},"_links":{"self":[{"href":"https:\/\/yourdailyjewellery.eu\/de\/wp-json\/wp\/v2\/product\/4953","targetHints":{"allow":["GET"]}}],"collection":[{"href":"https:\/\/yourdailyjewellery.eu\/de\/wp-json\/wp\/v2\/product"}],"about":[{"href":"https:\/\/yourdailyjewellery.eu\/de\/wp-json\/wp\/v2\/types\/product"}],"replies":[{"embeddable":true,"href":"https:\/\/yourdailyjewellery.eu\/de\/wp-json\/wp\/v2\/comments?post=4953"}],"wp:featuredmedia":[{"embeddable":true,"href":"https:\/\/yourdailyjewellery.eu\/de\/wp-json\/wp\/v2\/media\/4954"}],"wp:attachment":[{"href":"https:\/\/yourdailyjewellery.eu\/de\/wp-json\/wp\/v2\/media?parent=4953"}],"wp:term":[{"taxonomy":"product_brand","embeddable":true,"href":"https:\/\/yourdailyjewellery.eu\/de\/wp-json\/wp\/v2\/product_brand?post=4953"},{"taxonomy":"product_cat","embeddable":true,"href":"https:\/\/yourdailyjewellery.eu\/de\/wp-json\/wp\/v2\/product_cat?post=4953"},{"taxonomy":"product_tag","embeddable":true,"href":"https:\/\/yourdailyjewellery.eu\/de\/wp-json\/wp\/v2\/product_tag?post=4953"}],"curies":[{"name":"wp","href":"https:\/\/api.w.org\/{rel}","templated":true}]}}