{"id":4943,"date":"2025-12-17T02:37:17","date_gmt":"2025-12-17T01:37:17","guid":{"rendered":"https:\/\/yourdailyjewellery.eu\/shop-2\/armband-heart-glam\/"},"modified":"2025-12-17T02:37:17","modified_gmt":"2025-12-17T01:37:17","slug":"armband-heart-glam","status":"publish","type":"product","link":"https:\/\/yourdailyjewellery.eu\/de\/shop-2\/armband-heart-glam\/","title":{"rendered":"Armband Heart Glam"},"content":{"rendered":"<h4>Armband Heart Glam \u2013 Silberne Romantik mit modernem Charakter<\/h4>\n<p>F\u00fcr Liebhaberinnen von Silberschmuck gibt es hier ein St\u00fcck, das Gef\u00fchl mit trendigem Design verbindet. Das <b>Armband Heart Glam<\/b> ist ein markantes Accessoire, das sofort ins Auge f\u00e4llt. An einer stabileren Kette mit ovalen Gliedern h\u00e4ngt ein Paar Anh\u00e4nger: ein gro\u00dfes <strong>poliertes silbernes Herz<\/strong> und ein kleineres Herz, das dicht <strong>mit klaren Zirkonia besetzt<\/strong> ist. <\/p>\n<p><b>Warum Sie ihn lieben werden:<\/b><\/p>\n<ul>\n<li>\n<p><b>Ikonischer Knebelverschluss:<\/b> Dieses Armband hat den Verschluss zu einem Schmuckst\u00fcck erhoben. Der stilvolle <strong>Knebelverschluss (Toggle)<\/strong> wird vorne zusammen mit den Anh\u00e4ngern getragen, was dem Schmuckst\u00fcck einen modernen und leicht industriellen Look verleiht. <\/p>\n<\/li>\n<li>\n<p><b>Eisiger Glanz:<\/b> Der k\u00fchle Farbton des Stahls in Kombination mit den funkelnden Kristallen wirkt sehr rein, frisch und elegant. Es ist die ideale Wahl f\u00fcr Frauen, die wei\u00dfe Metalle bevorzugen. <\/p>\n<\/li>\n<li>\n<p><b>Spiel der Texturen:<\/b> Der Kontrast zwischen der glatten, spiegelnden Oberfl\u00e4che des gro\u00dfen Herzens und der raueren Textur des Zirkonia-Herzchens erzeugt einen wundersch\u00f6nen visuellen Effekt, der das Licht anzieht.<\/p>\n<\/li>\n<li>\n<p><b>Unzerst\u00f6rbare Sch\u00f6nheit:<\/b> Hergestellt aus massivem <b>Chirurgenstahl 316L<\/b>. Im Gegensatz zu Silber oxidiert er nicht (l\u00e4uft nicht an), ist 100% wasserdicht und beh\u00e4lt seinen Glanz auch bei t\u00e4glichem Tragen. <\/p>\n<\/li>\n<\/ul>\n<p><b>Wie tr\u00e4gt man es?<\/b><\/p>\n<ol>\n<li>\n<p><b>Cool &amp; Casual:<\/b> Passt hervorragend zu Jeans, wei\u00dfem T-Shirt und Lederjacke. Die silberne Farbe verleiht dem Outfit den richtigen &#8222;Rock-Chic&#8220;-Touch. <\/p>\n<\/li>\n<li>\n<p><b>Monochromer Stil:<\/b> Kombinieren Sie es mit anderen silbernen Ringen oder Uhren. So kreieren Sie einen stimmigen und raffinierten Look. <\/p>\n<\/li>\n<\/ol>\n","protected":false},"excerpt":{"rendered":"<p>Dr\u00fccken Sie Ihren Stil mit dem <b>Heart Glam<\/b> Armband aus. Dieses markante silberne Armband an einer stabileren Kette ziert ein Paar Herzen \u2013 eines glatt und das andere strahlend mit Zirkonia. Dominant ist der moderne <strong>Knebelverschluss (Toggle)<\/strong>, der als zentrales Designelement dient. Hergestellt aus hochwertigem <b>Chirurgenstahl<\/b>, ist es 100% wasserdicht, l\u00e4uft nicht an und ist hypoallergen.   <\/p>\n","protected":false},"featured_media":4944,"comment_status":"closed","ping_status":"closed","template":"","meta":{"_monsterinsights_skip_tracking":false,"_monsterinsights_sitenote_active":false,"_monsterinsights_sitenote_note":"","_monsterinsights_sitenote_category":0,"_joinchat":[]},"product_brand":[],"product_cat":[183],"product_tag":[],"class_list":{"0":"post-4943","1":"product","2":"type-product","3":"status-publish","4":"has-post-thumbnail","6":"product_cat-armbander","8":"first","9":"instock","10":"taxable","11":"shipping-taxable","12":"purchasable","13":"product-type-simple"},"_links":{"self":[{"href":"https:\/\/yourdailyjewellery.eu\/de\/wp-json\/wp\/v2\/product\/4943","targetHints":{"allow":["GET"]}}],"collection":[{"href":"https:\/\/yourdailyjewellery.eu\/de\/wp-json\/wp\/v2\/product"}],"about":[{"href":"https:\/\/yourdailyjewellery.eu\/de\/wp-json\/wp\/v2\/types\/product"}],"replies":[{"embeddable":true,"href":"https:\/\/yourdailyjewellery.eu\/de\/wp-json\/wp\/v2\/comments?post=4943"}],"wp:featuredmedia":[{"embeddable":true,"href":"https:\/\/yourdailyjewellery.eu\/de\/wp-json\/wp\/v2\/media\/4944"}],"wp:attachment":[{"href":"https:\/\/yourdailyjewellery.eu\/de\/wp-json\/wp\/v2\/media?parent=4943"}],"wp:term":[{"taxonomy":"product_brand","embeddable":true,"href":"https:\/\/yourdailyjewellery.eu\/de\/wp-json\/wp\/v2\/product_brand?post=4943"},{"taxonomy":"product_cat","embeddable":true,"href":"https:\/\/yourdailyjewellery.eu\/de\/wp-json\/wp\/v2\/product_cat?post=4943"},{"taxonomy":"product_tag","embeddable":true,"href":"https:\/\/yourdailyjewellery.eu\/de\/wp-json\/wp\/v2\/product_tag?post=4943"}],"curies":[{"name":"wp","href":"https:\/\/api.w.org\/{rel}","templated":true}]}}