{"id":4935,"date":"2025-12-17T02:37:18","date_gmt":"2025-12-17T01:37:18","guid":{"rendered":"https:\/\/yourdailyjewellery.eu\/shop-2\/armreif-columbia\/"},"modified":"2025-12-17T02:37:18","modified_gmt":"2025-12-17T01:37:18","slug":"armreif-columbia","status":"publish","type":"product","link":"https:\/\/yourdailyjewellery.eu\/de\/shop-2\/armreif-columbia\/","title":{"rendered":"Armreif Columbia"},"content":{"rendered":"<h4>Armreif Columbia \u2013 Smaragd-Charme im geometrischen Design<\/h4>\n<p>Gr\u00fcn ist die Farbe der K\u00f6nige und in Kombination mit Gold entsteht ein Schmuckst\u00fcck, das Geschichte und Luxus ausstrahlt. Der <b>Armreif Columbia<\/b> ist eine Hommage an dieses zeitlose Farbduo. Der massive goldene Armreif (Bangle) ist mit markanten <strong>rechteckigen Steinen<\/strong> in einem satten Smaragdton besetzt, die in einem eleganten \u201eBaguette\u201c-Schliff geschliffen sind. <\/p>\n<p><b>Warum dieses St\u00fcck ein Juwel Ihrer Sammlung ist:<\/b><\/p>\n<ul>\n<li>\n<p><b>Art-D\u00e9co-Eleganz:<\/b> Der rechteckige <strong>\u201eBaguette\u201c-Schliff<\/strong> der Steine ist klar, geometrisch und sehr raffiniert. Im Vergleich zu klassischen runden Steinen wirkt dieses Design erwachsener und architektonischer. <\/p>\n<\/li>\n<li>\n<p><b>K\u00f6nigliche Kombination:<\/b> Die Verbindung von strahlendem Gold und tiefem Gr\u00fcn evoziert den Luxus der \u201eOld Money\u201c-\u00c4sthetik. Es ist ein Schmuckst\u00fcck, das um ein Vielfaches teurer aussieht, als es tats\u00e4chlich ist. <\/p>\n<\/li>\n<li>\n<p><b>Komfortable Konstruktion:<\/b> Der Armreif hat eine feste ovale Form mit einem <strong>integrierten Scharnier<\/strong> und einem sicheren Verschluss. Er l\u00e4sst sich leicht anlegen und sitzt stabil am Handgelenk, ohne sich zu verdrehen. <\/p>\n<\/li>\n<li>\n<p><b>Premium-Qualit\u00e4t:<\/b> Hergestellt aus massivem <b>Chirurgenstahl 316L<\/b> mit 18k Vergoldung. Er ist 100% wasserdicht und die Steine sind fest in den Fassungen eingesetzt, sodass Sie sich keine Sorgen machen m\u00fcssen, dass sie herausfallen. <\/p>\n<\/li>\n<\/ul>\n<p><b>Wie tr\u00e4gt man es?<\/b><\/p>\n<ol>\n<li>\n<p><b>Evening Star:<\/b> Die gr\u00fcne Farbe kommt bei Abendbeleuchtung wundersch\u00f6n zur Geltung. Tragen Sie ihn zu einem schwarzen Kleid oder Samt f\u00fcr einen dramatischen Effekt. <\/p>\n<\/li>\n<li>\n<p><b>Vintage Vibe:<\/b> Kombinieren Sie ihn mit goldenen Ringen in \u00e4hnlichen geometrischen Formen. So kreieren Sie einen Look, der von den 20er- und 30er-Jahren des letzten Jahrhunderts inspiriert ist.   <\/p>\n<\/li>\n<\/ol>\n","protected":false},"excerpt":{"rendered":"<p>Entdecken Sie k\u00f6nigliche Eleganz mit dem <b>Armreif Columbia<\/b>. Dieser massive goldene Armreif (Bangle) ist mit markanten <strong>rechteckigen Steinen<\/strong> in einem satten Gr\u00fcn verziert, die an kostbare Smaragde erinnern. Der moderne \u201eBaguette\u201c-Schliff verleiht dem Schmuckst\u00fcck einen Hauch von Luxus. Hergestellt aus hochwertigem <b>Chirurgenstahl<\/b>, ist er 100% wasserdicht, hypoallergen und dank des Scharnierverschlusses angenehm zu tragen.   <\/p>\n","protected":false},"featured_media":4936,"comment_status":"closed","ping_status":"closed","template":"","meta":{"_monsterinsights_skip_tracking":false,"_monsterinsights_sitenote_active":false,"_monsterinsights_sitenote_note":"","_monsterinsights_sitenote_category":0,"_joinchat":[]},"product_brand":[],"product_cat":[183],"product_tag":[],"class_list":{"0":"post-4935","1":"product","2":"type-product","3":"status-publish","4":"has-post-thumbnail","6":"product_cat-armbander","8":"first","9":"instock","10":"taxable","11":"shipping-taxable","12":"purchasable","13":"product-type-simple"},"_links":{"self":[{"href":"https:\/\/yourdailyjewellery.eu\/de\/wp-json\/wp\/v2\/product\/4935","targetHints":{"allow":["GET"]}}],"collection":[{"href":"https:\/\/yourdailyjewellery.eu\/de\/wp-json\/wp\/v2\/product"}],"about":[{"href":"https:\/\/yourdailyjewellery.eu\/de\/wp-json\/wp\/v2\/types\/product"}],"replies":[{"embeddable":true,"href":"https:\/\/yourdailyjewellery.eu\/de\/wp-json\/wp\/v2\/comments?post=4935"}],"wp:featuredmedia":[{"embeddable":true,"href":"https:\/\/yourdailyjewellery.eu\/de\/wp-json\/wp\/v2\/media\/4936"}],"wp:attachment":[{"href":"https:\/\/yourdailyjewellery.eu\/de\/wp-json\/wp\/v2\/media?parent=4935"}],"wp:term":[{"taxonomy":"product_brand","embeddable":true,"href":"https:\/\/yourdailyjewellery.eu\/de\/wp-json\/wp\/v2\/product_brand?post=4935"},{"taxonomy":"product_cat","embeddable":true,"href":"https:\/\/yourdailyjewellery.eu\/de\/wp-json\/wp\/v2\/product_cat?post=4935"},{"taxonomy":"product_tag","embeddable":true,"href":"https:\/\/yourdailyjewellery.eu\/de\/wp-json\/wp\/v2\/product_tag?post=4935"}],"curies":[{"name":"wp","href":"https:\/\/api.w.org\/{rel}","templated":true}]}}